{"id":4833,"date":"2021-05-19T14:03:11","date_gmt":"2021-05-19T14:03:11","guid":{"rendered":"https:\/\/ieaisa.es\/ieaisa-cloud-drive-mapper\/"},"modified":"2024-04-02T15:17:50","modified_gmt":"2024-04-02T15:17:50","slug":"ieaisa-cloud-drive-mapper","status":"publish","type":"page","link":"https:\/\/ieaisa.es\/ca\/ieaisa-cloud-drive-mapper\/","title":{"rendered":"Cloud Drive Mapper"},"content":{"rendered":"[mk_page_section bg_image=&#8221;https:\/\/ieaisa.es\/wp-content\/uploads\/2021\/05\/space-empty012.png&#8221; bg_position=&#8221;right center&#8221; bg_repeat=&#8221;no-repeat&#8221; bg_stretch=&#8221;true&#8221; video_loop=&#8221;false&#8221; video_color_mask=&#8221;#000000&#8243; video_opacity=&#8221;0.3&#8243; min_height=&#8221;350&#8243; js_vertical_centered=&#8221;true&#8221; padding_top=&#8221;0&#8243; padding_bottom=&#8221;0&#8243; sidebar=&#8221;sidebar-1&#8243;][vc_column][mk_padding_divider size=&#8221;140&#8243; visibility=&#8221;visible-dt&#8221;][vc_single_image image=&#8221;4266&#8243; img_size=&#8221;medium&#8221; alignment=&#8221;center&#8221; el_class=&#8221;iamcloud-image&#8221;][mk_fancy_title tag_name=&#8221;h1&#8243; color=&#8221;#ffffff&#8221; size=&#8221;60&#8243; force_font_size=&#8221;true&#8221; size_tablet=&#8221;40&#8243; size_phone=&#8221;40&#8243; line_height=&#8221;90&#8243; font_weight=&#8221;400&#8243; letter_spacing=&#8221;1&#8243; margin_bottom=&#8221;&#8221; font_family=&#8221;Roboto&#8221; font_type=&#8221;google&#8221; align=&#8221;center&#8221;]Cloud Drive Mapper[\/mk_fancy_title][mk_fancy_title color=&#8221;#ffffff&#8221; size=&#8221;20&#8243; line_height=&#8221;90&#8243; font_weight=&#8221;300&#8243; font_family=&#8221;none&#8221; align=&#8221;center&#8221;]El mapeador d&#8217;unitats #1 del m\u00f3n per a emmagatzematge d&#8217;O365[\/mk_fancy_title][vc_btn title=&#8221;Comience su prueba gratuita de 14 d\u00edas&#8221; style=&#8221;classic&#8221; shape=&#8221;square&#8221; color=&#8221;default&#8221; size=&#8221;lg&#8221; align=&#8221;center&#8221; link=&#8221;url:%23demo|||rel:nofollow&#8221;][mk_fancy_title color=&#8221;#ffffff&#8221; size=&#8221;20&#8243; line_height=&#8221;90&#8243; font_weight=&#8221;300&#8243; font_family=&#8221;none&#8221;][\/mk_fancy_title][\/vc_column][\/mk_page_section][vc_row][vc_column][mk_padding_divider size=&#8221;70&#8243;][\/vc_column][\/vc_row][mk_page_section video_loop=&#8221;false&#8221; padding_top=&#8221;60&#8243; padding_bottom=&#8221;20&#8243; top_shape_color=&#8221;#ffffff&#8221; bottom_shape_color=&#8221;#ffffff&#8221; sidebar=&#8221;sidebar-1&#8243;][vc_column][mk_fancy_title tag_name=&#8221;h3&#8243; size=&#8221;40&#8243; force_font_size=&#8221;true&#8221; size_tablet=&#8221;35&#8243; size_phone=&#8221;25&#8243; line_height=&#8221;90&#8243; margin_bottom=&#8221;0&#8243; font_family=&#8221;none&#8221; align=&#8221;center&#8221;]Reemplaci el seu emmagatzematge de xarxa amb Cloud Drive Mapper + Office 365[\/mk_fancy_title][mk_padding_divider size=&#8221;20&#8243;][vc_row_inner el_class=&#8221;butllets&#8221;][vc_column_inner][vc_column_text el_class=&#8221;justify&#8221;]Utilitza Office 365 en la seva organitzaci\u00f3? Tamb\u00e9 continues usant l&#8217;emmagatzematge en xarxa? Si la resposta a totes dues preguntes \u00e9s &#8216;s\u00ed&#8217;, tenim una gran utilitat que pot ajudar-ho a adoptar el n\u00favol i estalviar-li diners a la seva organitzaci\u00f3. Cloud Drive Mapper assigna unitats a OneDrive for Business, SharePoint En l\u00ednia i emmagatzematge de Microsoft Teams, integrant el seu emmagatzematge en el n\u00favol en escriptoris de Windows i VDI. L&#8217;emmagatzematge es veu i es comporta com un emmagatzematge local des de la perspectiva de la m\u00e0quina, l&#8217;usuari i l&#8217;administrador. Cloud Drive Mapper \u00e9s la soluci\u00f3 l\u00edder de mapatge d&#8217;unitats llesta per a l&#8217;empresa per al n\u00favol i, amb algunes actualitzacions importants en 2020, continua millorant.[\/vc_column_text][\/vc_column_inner][\/vc_row_inner][\/vc_column][\/mk_page_section][mk_page_section video_loop=&#8221;false&#8221; padding_top=&#8221;60&#8243; padding_bottom=&#8221;20&#8243; top_shape_color=&#8221;#ffffff&#8221; bottom_shape_color=&#8221;#ffffff&#8221; sidebar=&#8221;sidebar-1&#8243;][vc_column width=&#8221;1\/3&#8243;][mk_font_icons icon=&#8221;mk-li-shield&#8221; size=&#8221;large&#8221; align=&#8221;center&#8221;][mk_fancy_title tag_name=&#8221;h3&#8243; color=&#8221;#2e85bb&#8221; size=&#8221;20&#8243; font_weight=&#8221;bold&#8221; txt_transform=&#8221;uppercase&#8221; margin_bottom=&#8221;10&#8243; font_family=&#8221;Raleway&#8221; font_type=&#8221;google&#8221; align=&#8221;center&#8221;]<strong>Acc\u00e9s segur directe (sense sincronitzaci\u00f3)<\/strong>[\/mk_fancy_title][vc_column_text el_class=&#8221;justify&#8221;]La sincronitzaci\u00f3 de l&#8217;emmagatzematge en el n\u00favol amb discos durs locals \u00e9s excel\u00b7lent per als consumidors, per\u00f2 p\u00e8ssima per a les organitzacions. Cloud Drive Mapper proporciona acc\u00e9s directe en lloc de sincronitzaci\u00f3.[\/vc_column_text][\/vc_column][vc_column width=&#8221;1\/3&#8243;][mk_font_icons icon=&#8221;mk-moon-direction&#8221; size=&#8221;large&#8221; align=&#8221;center&#8221;][mk_fancy_title tag_name=&#8221;h3&#8243; color=&#8221;#2e85bb&#8221; size=&#8221;20&#8243; font_weight=&#8221;bold&#8221; txt_transform=&#8221;uppercase&#8221; margin_bottom=&#8221;10&#8243; font_family=&#8221;Raleway&#8221; font_type=&#8221;google&#8221; align=&#8221;center&#8221;]<strong>Experi\u00e8ncia de conducci\u00f3 perfecta<\/strong>[\/mk_fancy_title][vc_column_text el_class=&#8221;justify&#8221;]Cloud Drive Mapper s&#8217;integra amb prove\u00efdors de SSO d&#8217;Office 365, inclosos Azure AD, ADFS, Okta, OneLogin, entre altres, per a una experi\u00e8ncia d&#8217;usuari perfecta.[\/vc_column_text][\/vc_column][vc_column width=&#8221;1\/3&#8243;][mk_font_icons icon=&#8221;mk-moon-interset&#8221; size=&#8221;large&#8221; align=&#8221;center&#8221;][mk_fancy_title tag_name=&#8221;h3&#8243; color=&#8221;#2e85bb&#8221; size=&#8221;20&#8243; font_weight=&#8221;bold&#8221; txt_transform=&#8221;uppercase&#8221; margin_bottom=&#8221;10&#8243; font_family=&#8221;Raleway&#8221; font_type=&#8221;google&#8221; align=&#8221;center&#8221;]<strong>Puente entre aplicacions heretades i Office 365<\/strong>[\/mk_fancy_title][vc_column_text el_class=&#8221;justify&#8221;]Moltes aplicacions d&#8217;escriptori (especialment les m\u00e9s antigues) no poden accedir a les carpetes de sincronitzaci\u00f3 intel\u00b7ligent de OneDrive. Cloud Drive Mapper crea unitats amb les quals totes les aplicacions poden treballar.[\/vc_column_text][\/vc_column][\/mk_page_section][mk_page_section video_loop=&#8221;false&#8221; padding_top=&#8221;60&#8243; padding_bottom=&#8221;20&#8243; top_shape_color=&#8221;#ffffff&#8221; bottom_shape_color=&#8221;#ffffff&#8221; sidebar=&#8221;sidebar-1&#8243;][vc_column width=&#8221;1\/3&#8243;][mk_font_icons icon=&#8221;mk-li-smile&#8221; size=&#8221;large&#8221; align=&#8221;center&#8221;][mk_fancy_title tag_name=&#8221;h3&#8243; color=&#8221;#2e85bb&#8221; size=&#8221;20&#8243; font_weight=&#8221;bold&#8221; txt_transform=&#8221;uppercase&#8221; margin_bottom=&#8221;10&#8243; font_family=&#8221;Raleway&#8221; font_type=&#8221;google&#8221; align=&#8221;center&#8221;]<strong>Full de ruta ric i emocionant<\/strong>[\/mk_fancy_title][vc_column_text el_class=&#8221;justify&#8221;]Cloud Drive Mapper admet la redirecci\u00f3 de carpetes, unitats convergents, a m\u00e9s d&#8217;una varietat de funcions de col\u00b7laboraci\u00f3 i seguretat directament des del seu escriptori.[\/vc_column_text][\/vc_column][vc_column width=&#8221;1\/3&#8243;][mk_font_icons icon=&#8221;mk-li-web&#8221; size=&#8221;large&#8221; align=&#8221;center&#8221;][mk_fancy_title tag_name=&#8221;h3&#8243; color=&#8221;#2e85bb&#8221; size=&#8221;20&#8243; font_weight=&#8221;bold&#8221; txt_transform=&#8221;uppercase&#8221; margin_bottom=&#8221;10&#8243; font_family=&#8221;Raleway&#8221; font_type=&#8221;google&#8221; align=&#8221;center&#8221;]<strong>Compatible amb escriptori i VDI<\/strong>[\/mk_fancy_title][vc_column_text el_class=&#8221;justify&#8221;]Compatible amb dispositius Windows 7, 8 i 10, a m\u00e9s d&#8217;entorns\u00a0Citrix,\u00a0VMWare\u00a0i Microsoft\u00a0RDS\u00a0VDI. El suport per a\u00a0Mac\u00a0arribar\u00e0 aviat.[\/vc_column_text][vc_btn title=&#8221;Cloud Drive Mapper &amp; Citrix&#8221; style=&#8221;classic&#8221; shape=&#8221;square&#8221; color=&#8221;sky&#8221; size=&#8221;lg&#8221; align=&#8221;center&#8221; link=&#8221;url:https%3A%2F%2Fieaisa.es%2Fieaisa-cloud-drive-mapper%2Fonedrive-for-business-con-citrix%2F||target:%20_blank|&#8221;][\/vc_column][vc_column width=&#8221;1\/3&#8243;][mk_font_icons icon=&#8221;mk-moon-network&#8221; size=&#8221;large&#8221; align=&#8221;center&#8221;][mk_fancy_title tag_name=&#8221;h3&#8243; color=&#8221;#2e85bb&#8221; size=&#8221;20&#8243; font_weight=&#8221;bold&#8221; txt_transform=&#8221;uppercase&#8221; margin_bottom=&#8221;10&#8243; font_family=&#8221;Raleway&#8221; font_type=&#8221;google&#8221; align=&#8221;center&#8221;]<strong>Genial per a TI<\/strong>[\/mk_fancy_title][vc_column_text el_class=&#8221;justify&#8221;]Cloud\u00a0Drive\u00a0Mapper\u00a0s&#8217;ha creat pensant en els equips de TU. \u00c9s f\u00e0cil de personalitzar i es pot implementar amb una varietat d&#8217;eines que inclouen\u00a0AD\u00a0GPO,\u00a0Intune\u00a0i\u00a0SCCM.[\/vc_column_text][\/vc_column][\/mk_page_section][mk_page_section blend_mode=&#8221;luminosity&#8221; video_loop=&#8221;false&#8221; bg_gradient=&#8221;left_top&#8221; video_color_mask=&#8221;#1f70c1&#8243; gr_end=&#8221;#001e82&#8243; padding_top=&#8221;60&#8243; padding_bottom=&#8221;60&#8243; has_top_shape_divider=&#8221;true&#8221; top_shape_style=&#8221;jagged-rounded-top&#8221; top_shape_color=&#8221;#ffffff&#8221; bottom_shape_color=&#8221;#ffffff&#8221; sidebar=&#8221;sidebar-1&#8243;][vc_column css=&#8221;.vc_custom_1621526063068{padding-bottom: 20px !important;}&#8221;][mk_fancy_title color=&#8221;#ffffff&#8221; size=&#8221;40&#8243; force_font_size=&#8221;true&#8221; size_tablet=&#8221;35&#8243; size_phone=&#8221;25&#8243; line_height=&#8221;90&#8243; font_family=&#8221;none&#8221; align=&#8221;center&#8221;]Cloud Drive Mapper[\/mk_fancy_title][vc_column_text align=&#8221;center&#8221;]<span style=\"color: #ffffff; font-size: 18px;\">Emmagatzematge en el n\u00favol Office 365 d&#8217;escriptori i VDI integrat, sense els inconvenients de la sincronitzaci\u00f3 d&#8217;arxius.<\/span><br \/>\n<span style=\"color: #ffffff;\">Cloud Drive Mapper + SSO + Office 365 = Alternativa robusta i de baix cost a l&#8217;emmagatzematge d&#8217;arxius en xarxa.<\/span>[\/vc_column_text][vc_btn title=&#8221;Descarregar Datasheet&#8221; style=&#8221;classic&#8221; shape=&#8221;square&#8221; color=&#8221;warning&#8221; size=&#8221;lg&#8221; align=&#8221;center&#8221; i_icon_fontawesome=&#8221;fa fa-file-pdf-o&#8221; add_icon=&#8221;true&#8221; link=&#8221;url:https%3A%2F%2Finfo.ieaisa.es%2Fhubfs%2FeBooks%2FIEAISA-Cloud-Drive-Mapper-Overview-Spanish.pdf||target:%20_blank|&#8221;][\/vc_column][\/mk_page_section][mk_page_section video_loop=&#8221;false&#8221; padding_top=&#8221;60&#8243; padding_bottom=&#8221;20&#8243; top_shape_color=&#8221;#ffffff&#8221; bottom_shape_color=&#8221;#ffffff&#8221; sidebar=&#8221;sidebar-1&#8243;][vc_column][mk_fancy_title tag_name=&#8221;h3&#8243; size=&#8221;40&#8243; force_font_size=&#8221;true&#8221; size_tablet=&#8221;35&#8243; size_phone=&#8221;25&#8243; line_height=&#8221;90&#8243; margin_bottom=&#8221;0&#8243; font_family=&#8221;none&#8221; align=&#8221;center&#8221;]Utilitzat en milers d&#8217;organitzacions a tot el m\u00f3n,\u00a0Cloud\u00a0Drive\u00a0Mapper\u00a0li ofereix tots els beneficis de l&#8217;emmagatzematge en el n\u00favol sense cap dels inconvenients.[\/mk_fancy_title][mk_padding_divider size=&#8221;20&#8243;][vc_row_inner el_class=&#8221;butllets&#8221;][vc_column_inner][vc_column_text el_class=&#8221;justify&#8221;]\n<div class=\"traductor-textarea form-group\">\n<div class=\"textarea-desti col-xs-12 col-sm-6\">\n<div class=\"form-control second-textarea\">Utilitza Office 365 en la seva organitzaci\u00f3? Tamb\u00e9 continues usant l&#8217;emmagatzematge en xarxa? Si la resposta a totes dues preguntes \u00e9s &#8216;s\u00ed&#8217;, tenim una gran utilitat que pot ajudar-ho a adoptar el n\u00favol i estalviar-li diners a la seva organitzaci\u00f3.\u00a0Cloud\u00a0Drive\u00a0Mapper\u00a0assigna unitats a\u00a0OneDrive\u00a0for\u00a0Business,\u00a0SharePoint\u00a0En l\u00ednia i emmagatzematge de Microsoft\u00a0Teams, integrant el seu emmagatzematge en el n\u00favol en escriptoris de Windows i\u00a0VDI. L&#8217;emmagatzematge es veu i es comporta com un emmagatzematge local des de la perspectiva de la m\u00e0quina, l&#8217;usuari i l&#8217;administrador.\u00a0Cloud\u00a0Drive\u00a0Mapper\u00a0\u00e9s la soluci\u00f3 l\u00edder de mapatge d&#8217;unitats llesta per a l&#8217;empresa per al n\u00favol i, amb algunes actualitzacions importants en 2020, continua millorant.<\/div>\n<\/div>\n<\/div>\n<div class=\"traductor-checkbox form-group\">\n<div class=\"row\">\n<div class=\"col-sm-offset-2 col-sm-5\"><\/div>\n<\/div>\n<\/div>\n[\/vc_column_text][\/vc_column_inner][\/vc_row_inner][\/vc_column][\/mk_page_section][mk_page_section video_loop=&#8221;false&#8221; padding_top=&#8221;60&#8243; padding_bottom=&#8221;20&#8243; top_shape_color=&#8221;#ffffff&#8221; bottom_shape_color=&#8221;#ffffff&#8221; sidebar=&#8221;sidebar-1&#8243;][vc_column width=&#8221;1\/4&#8243;][mk_font_icons icon=&#8221;mk-icon-users&#8221; size=&#8221;large&#8221; align=&#8221;center&#8221;][mk_fancy_title tag_name=&#8221;h3&#8243; color=&#8221;#2e85bb&#8221; size=&#8221;18&#8243; font_weight=&#8221;bold&#8221; txt_transform=&#8221;uppercase&#8221; margin_bottom=&#8221;10&#8243; font_family=&#8221;Raleway&#8221; font_type=&#8221;google&#8221; align=&#8221;center&#8221;]\n<div class=\"traductor-textarea form-group\">\n<div class=\"textarea-desti col-xs-12 col-sm-6\">\n<div class=\"form-control second-textarea\">M\u00e9s de 1,3 milions d&#8217;usuaris actius<\/div>\n<\/div>\n<\/div>\n<div class=\"traductor-checkbox form-group\">\n<div class=\"row\">\n<div class=\"col-sm-offset-2 col-sm-5\"><\/div>\n<\/div>\n<\/div>\n[\/mk_fancy_title][\/vc_column][vc_column width=&#8221;1\/4&#8243;][mk_font_icons icon=&#8221;mk-moon-thumbs-up&#8221; size=&#8221;large&#8221; align=&#8221;center&#8221;][mk_fancy_title tag_name=&#8221;h3&#8243; color=&#8221;#2e85bb&#8221; size=&#8221;18&#8243; font_weight=&#8221;bold&#8221; txt_transform=&#8221;uppercase&#8221; margin_bottom=&#8221;10&#8243; font_family=&#8221;Raleway&#8221; font_type=&#8221;google&#8221; align=&#8221;center&#8221;]\n<div class=\"traductor-textarea form-group\">\n<div class=\"textarea-desti col-xs-12 col-sm-6\">\n<div class=\"form-control second-textarea\">Suport pr\u00e0ctic d&#8217;un equip d&#8217;experts en espanyol<\/div>\n<\/div>\n<\/div>\n<div class=\"traductor-checkbox form-group\">\n<div class=\"row\">\n<div class=\"col-sm-offset-2 col-sm-5\"><\/div>\n<\/div>\n<\/div>\n[\/mk_fancy_title][\/vc_column][vc_column width=&#8221;1\/4&#8243;][mk_font_icons icon=&#8221;mk-li-money&#8221; size=&#8221;large&#8221; align=&#8221;center&#8221;][mk_fancy_title tag_name=&#8221;h3&#8243; color=&#8221;#2e85bb&#8221; size=&#8221;18&#8243; font_weight=&#8221;bold&#8221; txt_transform=&#8221;uppercase&#8221; margin_bottom=&#8221;10&#8243; font_family=&#8221;Raleway&#8221; font_type=&#8221;google&#8221; align=&#8221;center&#8221;]\n<div class=\"traductor-textarea form-group\">\n<div class=\"textarea-desti col-xs-12 col-sm-6\">\n<div class=\"form-control second-textarea\">Ajuda a TU a adoptar millor O365 i estalviar $ en emmagatzematge<\/div>\n<\/div>\n<\/div>\n<div class=\"traductor-checkbox form-group\">\n<div class=\"row\">\n<div class=\"col-sm-offset-2 col-sm-5\"><\/div>\n<\/div>\n<\/div>\n[\/mk_fancy_title][\/vc_column][vc_column width=&#8221;1\/4&#8243;][mk_font_icons icon=&#8221;mk-icon-windows&#8221; size=&#8221;large&#8221; align=&#8221;center&#8221;][mk_fancy_title tag_name=&#8221;h3&#8243; color=&#8221;#2e85bb&#8221; size=&#8221;18&#8243; font_weight=&#8221;bold&#8221; txt_transform=&#8221;uppercase&#8221; margin_bottom=&#8221;10&#8243; font_family=&#8221;Raleway&#8221; font_type=&#8221;google&#8221; align=&#8221;center&#8221;]Microsoft Gold Partners[\/mk_fancy_title][\/vc_column][\/mk_page_section][mk_page_section video_loop=&#8221;false&#8221; padding_top=&#8221;60&#8243; padding_bottom=&#8221;20&#8243; top_shape_color=&#8221;#ffffff&#8221; bottom_shape_color=&#8221;#ffffff&#8221; sidebar=&#8221;sidebar-1&#8243;][vc_column][vc_column_text]<span id=\"demo\"><\/span>[\/vc_column_text][\/vc_column][\/mk_page_section][mk_page_section video_loop=&#8221;false&#8221; padding_top=&#8221;60&#8243; padding_bottom=&#8221;20&#8243; top_shape_color=&#8221;#ffffff&#8221; bottom_shape_color=&#8221;#ffffff&#8221; sidebar=&#8221;sidebar-1&#8243;][vc_column css=&#8221;.vc_custom_1621590576755{margin-top: -120px !important;}&#8221;][mk_fancy_title tag_name=&#8221;h3&#8243; size=&#8221;40&#8243; force_font_size=&#8221;true&#8221; size_tablet=&#8221;35&#8243; size_phone=&#8221;25&#8243; line_height=&#8221;90&#8243; margin_bottom=&#8221;0&#8243; font_family=&#8221;none&#8221; align=&#8221;center&#8221;]\n<div class=\"traductor-textarea form-group\">\n<div class=\"textarea-desti col-xs-12 col-sm-6\">\n<div class=\"form-control second-textarea\">Sol\u00b7licita una prova gratu\u00efta de 14 dies<\/div>\n<\/div>\n<\/div>\n<div class=\"traductor-checkbox form-group\">\n<div class=\"row\">\n<div class=\"col-sm-offset-2 col-sm-5\"><\/div>\n<\/div>\n<\/div>\n[\/mk_fancy_title][\/vc_column][\/mk_page_section][mk_page_section video_loop=&#8221;false&#8221; padding_top=&#8221;60&#8243; padding_bottom=&#8221;20&#8243; top_shape_color=&#8221;#ffffff&#8221; bottom_shape_color=&#8221;#ffffff&#8221; sidebar=&#8221;sidebar-1&#8243;][vc_column width=&#8221;2\/6&#8243;][\/vc_column][vc_column width=&#8221;1\/3&#8243; css=&#8221;.vc_custom_1621590704349{margin-top: -100px !important;}&#8221;][vc_raw_html]JTNDJTIxLS0lNUJpZiUyMGx0ZSUyMElFJTIwOCU1RCUzRSUwQSUzQ3NjcmlwdCUyMGNoYXJzZXQlM0QlMjJ1dGYtOCUyMiUyMHR5cGUlM0QlMjJ0ZXh0JTJGamF2YXNjcmlwdCUyMiUyMHNyYyUzRCUyMiUyRiUyRmpzLmhzZm9ybXMubmV0JTJGZm9ybXMlMkZ2Mi1sZWdhY3kuanMlMjIlM0UlM0MlMkZzY3JpcHQlM0UlMEElM0MlMjElNUJlbmRpZiU1RC0tJTNFJTBBJTNDc2NyaXB0JTIwY2hhcnNldCUzRCUyMnV0Zi04JTIyJTIwdHlwZSUzRCUyMnRleHQlMkZqYXZhc2NyaXB0JTIyJTIwc3JjJTNEJTIyJTJGJTJGanMuaHNmb3Jtcy5uZXQlMkZmb3JtcyUyRnYyLmpzJTIyJTNFJTNDJTJGc2NyaXB0JTNFJTBBJTNDc2NyaXB0JTNFJTBBJTIwJTIwaGJzcHQuZm9ybXMuY3JlYXRlJTI4JTdCJTBBJTA5cmVnaW9uJTNBJTIwJTIybmExJTIyJTJDJTBBJTA5cG9ydGFsSWQlM0ElMjAlMjIyODEwMDk4JTIyJTJDJTBBJTA5Zm9ybUlkJTNBJTIwJTIyYmFiMjQzYTktOTY3ZS00YzllLTk1YWQtYzE4MzNkMThkM2FkJTIyJTBBJTdEJTI5JTNCJTBBJTNDJTJGc2NyaXB0JTNF[\/vc_raw_html][\/vc_column][vc_column width=&#8221;2\/6&#8243;][\/vc_column][\/mk_page_section]\n","protected":false},"excerpt":{"rendered":"<p>[mk_page_section bg_image=&#8221;https:\/\/ieaisa.es\/wp-content\/uploads\/2021\/05\/space-empty012.png&#8221; bg_position=&#8221;right center&#8221; bg_repeat=&#8221;no-repeat&#8221; bg_stretch=&#8221;true&#8221; video_loop=&#8221;false&#8221; video_color_mask=&#8221;#000000&#8243; video_opacity=&#8221;0.3&#8243; min_height=&#8221;350&#8243; js_vertical_centered=&#8221;true&#8221; padding_top=&#8221;0&#8243; padding_bottom=&#8221;0&#8243; sidebar=&#8221;sidebar-1&#8243;][vc_column][mk_padding_divider size=&#8221;140&#8243; visibility=&#8221;visible-dt&#8221;][vc_single_image image=&#8221;4266&#8243; img_size=&#8221;medium&#8221; alignment=&#8221;center&#8221; el_class=&#8221;iamcloud-image&#8221;][mk_fancy_title tag_name=&#8221;h1&#8243; color=&#8221;#ffffff&#8221; size=&#8221;60&#8243; force_font_size=&#8221;true&#8221; size_tablet=&#8221;40&#8243; size_phone=&#8221;40&#8243; line_height=&#8221;90&#8243; font_weight=&#8221;400&#8243; letter_spacing=&#8221;1&#8243; margin_bottom=&#8221;&#8221; font_family=&#8221;Roboto&#8221; font_type=&#8221;google&#8221; align=&#8221;center&#8221;]Cloud Drive Mapper[\/mk_fancy_title][mk_fancy_title color=&#8221;#ffffff&#8221; size=&#8221;20&#8243; line_height=&#8221;90&#8243; font_weight=&#8221;300&#8243; font_family=&#8221;none&#8221; align=&#8221;center&#8221;]El mapeador d&#8217;unitats #1 del m\u00f3n per a emmagatzematge d&#8217;O365[\/mk_fancy_title][vc_btn title=&#8221;Comience su prueba gratuita de [&hellip;]<\/p>\n","protected":false},"author":7,"featured_media":0,"parent":0,"menu_order":0,"comment_status":"closed","ping_status":"closed","template":"","meta":[],"_links":{"self":[{"href":"https:\/\/ieaisa.es\/ca\/wp-json\/wp\/v2\/pages\/4833"}],"collection":[{"href":"https:\/\/ieaisa.es\/ca\/wp-json\/wp\/v2\/pages"}],"about":[{"href":"https:\/\/ieaisa.es\/ca\/wp-json\/wp\/v2\/types\/page"}],"author":[{"embeddable":true,"href":"https:\/\/ieaisa.es\/ca\/wp-json\/wp\/v2\/users\/7"}],"replies":[{"embeddable":true,"href":"https:\/\/ieaisa.es\/ca\/wp-json\/wp\/v2\/comments?post=4833"}],"version-history":[{"count":2,"href":"https:\/\/ieaisa.es\/ca\/wp-json\/wp\/v2\/pages\/4833\/revisions"}],"predecessor-version":[{"id":4835,"href":"https:\/\/ieaisa.es\/ca\/wp-json\/wp\/v2\/pages\/4833\/revisions\/4835"}],"wp:attachment":[{"href":"https:\/\/ieaisa.es\/ca\/wp-json\/wp\/v2\/media?parent=4833"}],"curies":[{"name":"wp","href":"https:\/\/api.w.org\/{rel}","templated":true}]}}