{"id":4468,"date":"2022-12-09T12:22:00","date_gmt":"2022-12-09T12:22:00","guid":{"rendered":"https:\/\/ieaisa.es\/?page_id=4468\/"},"modified":"2022-12-09T12:40:55","modified_gmt":"2022-12-09T12:40:55","slug":"politica-de-qualitat","status":"publish","type":"page","link":"https:\/\/ieaisa.es\/ca\/politica-de-qualitat\/","title":{"rendered":"Pol\u00edtica i Objectius de Qualitat i Medi ambient"},"content":{"rendered":"<h1>Pol\u00edtica de Qualitat i Medi ambient<\/h1>\n<p><strong><br \/>\nIEAISA<\/strong> tiene como objetivo proporcionar un servicio de calidad que sea fiel reflejo de las expectativas en el desarrollo y mantenimiento de instalaciones de cada cliente, cumpliendo con todos los requisitos, asegur\u00e1ndole de esta manera la satisfacci\u00f3n total, y por tanto el \u00e9xito a lo largo plazo de la empresa.<\/p>\n<p>Todo ello se llevar\u00e1 a cabo manteniendo un respeto absoluto por el medioambiente y un cuidado y rigurosidad para prevenir los riesgos laborales, dotando de los recursos necesarios para ello.<\/p>\n<p>El Manual de Calidad se plantea como una herramienta eficaz para conseguir los anteriores objetivos. Por todo ello, establece, declara y asume los siguientes principios:<\/p>\n<ol>\n<li>La calidad del servicio, el respeto por el medioambiente y la seguridad en el trabajo, es el resultado de acciones planificadas y sistem\u00e1ticas de PREVENCI\u00d3N, DETECCI\u00d3N, CORRECCI\u00d3N Y MEJORA CONTINUA en todos los procesos de <strong>IEAISA<\/strong>.<\/li>\n<li>Las exigencias contractuales, los deseos y las expectativas de los clientes, p\u00fablicos y privados, son el \u00fanico criterio para establecer el patr\u00f3n de calidad de nuestros servicios.<\/li>\n<li>Cada empleado de <strong>IEAISA<\/strong>, es responsable de la gesti\u00f3n EFICAZ de la calidad, el respeto por el medioambiente y el cumplimiento de las normas establecidas para prevenir los accidentes en su tarea y en la de los dem\u00e1s.<br \/>\nLos responsables de los procesos de <strong>IEAISA<\/strong> deben IMPULSAR la implantaci\u00f3n de la pol\u00edtica y los objetivos de Calidad y Medioambiente, comprobando su ejecuci\u00f3n mediante auditorias y fomentando la mejora continua en todas las \u00e1reas de <strong>IEAISA<\/strong>.<\/li>\n<li><strong>IEAISA<\/strong> asume activamente el compromiso de cumplir con la legislaci\u00f3n aplicable en todo momento, incluyendo la medioambiental, laboral y cualquier otra aplicable, evitar cualquier tipo de contaminaci\u00f3n que pueda producirse, y prevenir los da\u00f1os y el deterioro de la salud.<\/li>\n<li>La aplicaci\u00f3n de esta pol\u00edtica exige la integraci\u00f3n activa de todo el equipo humano de la empresa. Por todo ello, la Direcci\u00f3n considera prioritarias la MOTIVACI\u00d3N y la FORMACI\u00d3N para la CALIDAD Y MEDIOAMBIENTE.<\/li>\n<li><strong>IEAISA<\/strong> se compromete a la mejora continua, a prevenir la contaminaci\u00f3n del medio ambiente, el cumplimiento de la legislaci\u00f3n establecida para prevenir los accidentes en su tarea y en la de los dem\u00e1s, y a cumplir con los requisitos legales y reglamentarios y otros compromisos que la empresa suscriba, voluntarios o de clientes, que le sean de aplicaci\u00f3n en todas sus actividades.<\/li>\n<\/ol>\n<p>En Sant Andreu de la Barca, a 25\/05\/2022<\/p>\n","protected":false},"excerpt":{"rendered":"<p>Pol\u00edtica de Qualitat i Medi ambient IEAISA tiene como objetivo proporcionar un servicio de calidad que sea fiel reflejo de las expectativas en el desarrollo y mantenimiento de instalaciones de cada cliente, cumpliendo con todos los requisitos, asegur\u00e1ndole de esta manera la satisfacci\u00f3n total, y por tanto el \u00e9xito a lo largo plazo de la [&hellip;]<\/p>\n","protected":false},"author":2,"featured_media":0,"parent":0,"menu_order":0,"comment_status":"closed","ping_status":"closed","template":"","meta":[],"_links":{"self":[{"href":"https:\/\/ieaisa.es\/ca\/wp-json\/wp\/v2\/pages\/4468"}],"collection":[{"href":"https:\/\/ieaisa.es\/ca\/wp-json\/wp\/v2\/pages"}],"about":[{"href":"https:\/\/ieaisa.es\/ca\/wp-json\/wp\/v2\/types\/page"}],"author":[{"embeddable":true,"href":"https:\/\/ieaisa.es\/ca\/wp-json\/wp\/v2\/users\/2"}],"replies":[{"embeddable":true,"href":"https:\/\/ieaisa.es\/ca\/wp-json\/wp\/v2\/comments?post=4468"}],"version-history":[{"count":2,"href":"https:\/\/ieaisa.es\/ca\/wp-json\/wp\/v2\/pages\/4468\/revisions"}],"predecessor-version":[{"id":4482,"href":"https:\/\/ieaisa.es\/ca\/wp-json\/wp\/v2\/pages\/4468\/revisions\/4482"}],"wp:attachment":[{"href":"https:\/\/ieaisa.es\/ca\/wp-json\/wp\/v2\/media?parent=4468"}],"curies":[{"name":"wp","href":"https:\/\/api.w.org\/{rel}","templated":true}]}}