{"id":3141,"date":"2022-12-09T12:21:57","date_gmt":"2022-12-09T12:21:57","guid":{"rendered":"https:\/\/ieaisa.es\/?page_id=3141\/"},"modified":"2022-12-09T12:44:34","modified_gmt":"2022-12-09T12:44:34","slug":"politica-de-privacitat","status":"publish","type":"page","link":"https:\/\/ieaisa.es\/ca\/politica-de-privacitat\/","title":{"rendered":"Pol\u00edtica de Privacitat"},"content":{"rendered":"<h2><strong>Pol\u00edtica de Privacitat<\/strong><\/h2>\n<p>De conformidad con lo establecido en la normativa vigente en Protecci\u00f3n de Datos de Car\u00e1cter Personal, le informamos que sus datos ser\u00e1n incorporados al sistema de tratamiento titularidad de Ingenier\u00eda de Equipos Auxiliares de Inform\u00e1tica S.A con CIF A62543665 y domicilio social sito en C\/ DELS POUS 20 POL CIDESA 08740, SANT ANDREU DE LA BARCA (BARCELONA), con la finalidad de atender sus consultas y remitirle informaci\u00f3n relacionada que pueda ser de su inter\u00e9s. En cumplimiento con la normativa vigente, IEAI SA informa que los datos ser\u00e1n conservados durante el plazo estrictamente necesario para cumplir con los preceptos mencionados con anterioridad.<\/p>\n<p>Mientras no nos comunique lo contrario, entenderemos que sus datos no han sido modificados, que usted se compromete a notificarnos cualquier variaci\u00f3n y que tenemos su consentimiento para utilizarlos para las finalidades mencionadas.<\/p>\n<p>Ingenier\u00eda de Equipos Auxiliares de Inform\u00e1tica S.A informa que proceder\u00e1 a tratar los datos de manera l\u00edcita, leal, transparente, adecuada, pertinente, limitada, exacta y actualizada. Es por ello que IEAI SA se compromete a adoptar todas las medidas razonables para que estos se supriman o rectifiquen sin dilaci\u00f3n cuando sean inexactos.<\/p>\n<p>De acuerdo con los derechos que le confiere el la normativa vigente en protecci\u00f3n de datos podr\u00e1 ejercer los derechos de acceso, rectificaci\u00f3n, limitaci\u00f3n de tratamiento, supresi\u00f3n, portabilidad y oposici\u00f3n al tratamiento de sus datos de car\u00e1cter personal as\u00ed como del consentimiento prestado para el tratamiento de los mismos, dirigiendo su petici\u00f3n a la direcci\u00f3n postal indicada m\u00e1s arriba o al correo electr\u00f3nico\u00a0<a href=\"mailto:administracion@ieaisa.com\">administracion@ieaisa.com<\/a>\u00a0A su vez, le informamos que puede contactar con el Delegado de Protecci\u00f3n de Datos de \u00a0Ingenier\u00eda de Equipos Auxiliares de Inform\u00e1tica S.A, dirigi\u00e9ndose por escrito a la direcci\u00f3n de correo\u00a0<a href=\"mailto:dpo.cliente@conversia.es\">dpo.cliente@conversia.es<\/a>\u00a0o al tel\u00e9fono 902877192.<\/p>\n<p>Podr\u00e1 dirigirse a la Autoridad de Control competente para presentar la reclamaci\u00f3n que considere oportuna.<\/p>\n<p>Con env\u00edo del formulario de recogida de datos usted acepta la pol\u00edtica de privacidad de Ingenier\u00eda de Equipos Auxiliares de Inform\u00e1tica S.A<\/p>\n","protected":false},"excerpt":{"rendered":"<p>Pol\u00edtica de Privacitat De conformidad con lo establecido en la normativa vigente en Protecci\u00f3n de Datos de Car\u00e1cter Personal, le informamos que sus datos ser\u00e1n incorporados al sistema de tratamiento titularidad de Ingenier\u00eda de Equipos Auxiliares de Inform\u00e1tica S.A con CIF A62543665 y domicilio social sito en C\/ DELS POUS 20 POL CIDESA 08740, SANT [&hellip;]<\/p>\n","protected":false},"author":2,"featured_media":0,"parent":0,"menu_order":0,"comment_status":"closed","ping_status":"closed","template":"","meta":[],"_links":{"self":[{"href":"https:\/\/ieaisa.es\/ca\/wp-json\/wp\/v2\/pages\/3141"}],"collection":[{"href":"https:\/\/ieaisa.es\/ca\/wp-json\/wp\/v2\/pages"}],"about":[{"href":"https:\/\/ieaisa.es\/ca\/wp-json\/wp\/v2\/types\/page"}],"author":[{"embeddable":true,"href":"https:\/\/ieaisa.es\/ca\/wp-json\/wp\/v2\/users\/2"}],"replies":[{"embeddable":true,"href":"https:\/\/ieaisa.es\/ca\/wp-json\/wp\/v2\/comments?post=3141"}],"version-history":[{"count":3,"href":"https:\/\/ieaisa.es\/ca\/wp-json\/wp\/v2\/pages\/3141\/revisions"}],"predecessor-version":[{"id":4483,"href":"https:\/\/ieaisa.es\/ca\/wp-json\/wp\/v2\/pages\/3141\/revisions\/4483"}],"wp:attachment":[{"href":"https:\/\/ieaisa.es\/ca\/wp-json\/wp\/v2\/media?parent=3141"}],"curies":[{"name":"wp","href":"https:\/\/api.w.org\/{rel}","templated":true}]}}