{"id":2502,"date":"2017-11-14T15:09:40","date_gmt":"2017-11-14T15:09:40","guid":{"rendered":"http:\/\/ieaisa.es\/?page_id=2502\/"},"modified":"2017-11-30T08:58:38","modified_gmt":"2017-11-30T08:58:38","slug":"estalvi-energetic","status":"publish","type":"page","link":"https:\/\/ieaisa.es\/ca\/solucions\/solucions-de-virtualitzacio\/estalvi-energetic\/","title":{"rendered":"Estalvi energ\u00e8tic"},"content":{"rendered":"[mk_page_section bg_image=&#8221;http:\/\/ieaisa.es\/wp-content\/uploads\/2017\/04\/ahorro-energetico.jpg&#8221; bg_position=&#8221;right center&#8221; bg_repeat=&#8221;no-repeat&#8221; bg_stretch=&#8221;true&#8221; video_loop=&#8221;false&#8221; video_color_mask=&#8221;#000000&#8243; video_opacity=&#8221;0.3&#8243; min_height=&#8221;350&#8243; js_vertical_centered=&#8221;true&#8221; padding_top=&#8221;0&#8243; padding_bottom=&#8221;0&#8243; sidebar=&#8221;sidebar-1&#8243;][vc_column][mk_padding_divider size=&#8221;100&#8243; visibility=&#8221;visible-dt&#8221;][mk_fancy_title tag_name=&#8221;h1&#8243; color=&#8221;#ffffff&#8221; size=&#8221;60&#8243; force_font_size=&#8221;true&#8221; size_tablet=&#8221;40&#8243; size_phone=&#8221;40&#8243; line_height=&#8221;90&#8243; font_weight=&#8221;400&#8243; letter_spacing=&#8221;1&#8243; margin_bottom=&#8221;&#8221; font_family=&#8221;Roboto&#8221; font_type=&#8221;google&#8221;]Estalvi energ\u00e8tic[\/mk_fancy_title][mk_fancy_title color=&#8221;#ffffff&#8221; size=&#8221;20&#8243; line_height=&#8221;90&#8243; font_weight=&#8221;300&#8243; font_family=&#8221;none&#8221;]Desenvolupi un Pla d\u2019Estalvi, eficiencia i productivitat a trav\u00e9s de la Virtualitzaci\u00f3[\/mk_fancy_title][\/vc_column][\/mk_page_section][vc_row][vc_column][mk_padding_divider size=&#8221;70&#8243;][\/vc_column][\/vc_row][vc_row][vc_column width=&#8221;1\/2&#8243;][vc_column_text]Els servidors solen ser els equips m\u00e9s potents d&#8217;una organitzaci\u00f3 empresarial. No obstant aix\u00f2, solen estar francament poc usats pel que fa a les seves capacitats reals. Aix\u00ed, la <strong>Virtualitzaci\u00f3<\/strong> de servidors permet portar la seva efici\u00e8ncia d&#8217;un 15-20% (m\u00e9s habitual del que pensem en moltes empreses, en les quals es fa servir \u00a0un equip com a servidor web per a la Intranet, un altre per a desenvolupament, un altre per a la realitzaci\u00f3 de proves, etc.) fins a aconseguir un 80-90% de productivitat.[\/vc_column_text][\/vc_column][vc_column width=&#8221;1\/2&#8243;][vc_column_text]Un estudi realitzat per <strong>VMware<\/strong>, sobre l&#8217;estalvi d&#8217;energia que genera per als seus clients, mostra que les <strong>Solucions de Virtualitzaci\u00f3<\/strong> redueixen els costos econ\u00f2mics i emissions de CO2. Aquest estalvi es produeix ja que els usuaris poden fusionar 10 o m\u00e9s m\u00e0quines f\u00edsiques en un \u00fanic servidor, amb el que disminueix el consum energ\u00e8tic i els costos entre un 80 i un 90 per cent. En aquest sentit, per cada servidor virtualitzat, els usuaris poden estalviar entorn de 7.000 quilowatts hora (kWh).[\/vc_column_text][\/vc_column][\/vc_row][vc_row][vc_column][mk_padding_divider size=&#8221;70&#8243;][\/vc_column][\/vc_row][mk_page_section bg_image=&#8221;http:\/\/ieaisa.es\/wp-content\/uploads\/2017\/04\/ahorrar-energia.jpg&#8221; bg_repeat=&#8221;no-repeat&#8221; bg_stretch=&#8221;true&#8221; enable_3d=&#8221;true&#8221; video_loop=&#8221;false&#8221; padding_top=&#8221;60&#8243; padding_bottom=&#8221;60&#8243; top_shape_color=&#8221;#ffffff&#8221; bottom_shape_color=&#8221;#ffffff&#8221; sidebar=&#8221;sidebar-1&#8243;][vc_column][vc_row_inner css=&#8221;.vc_custom_1491818738452{padding-top: 50px !important;padding-right: 50px !important;padding-bottom: 50px !important;padding-left: 50px !important;background-color: rgba(255,255,255,0.94) !important;*background-color: rgb(255,255,255) !important;}&#8221;][vc_column_inner][mk_fancy_title tag_name=&#8221;h3&#8243; size=&#8221;40&#8243; force_font_size=&#8221;true&#8221; size_tablet=&#8221;35&#8243; size_phone=&#8221;25&#8243; line_height=&#8221;90&#8243; margin_bottom=&#8221;0&#8243; font_family=&#8221;none&#8221;]L\u2019Estalvi Energ\u00e8tic[\/mk_fancy_title][mk_padding_divider size=&#8221;20&#8243;][vc_column_text disable_pattern=&#8221;false&#8221;]Des de 1998, s&#8217;ha virtualitzat m\u00e9s de 6 milions de c\u00e0rregues de treball de servidors, la qual cosa suposa un estalvi energ\u00e8tic benvolgut de prop de 39.000 milions de kWh, la qual cosa equival a uns 4.400 milions de d\u00f2lars. Els PCs virtualitzats i allotjats en servidors en un centre de dades tamb\u00e9 poden reduir el consum d&#8217;energia i els costos en un 35 per cent. \u201cAvui dia, la major part dels servidors i ordinadors segueixen consumint entre un 70 i un 80 per cent de la seva energia benvolguda, fins i tot quan no estan en \u00fas\u201d, indica Stephen Herrod, responsable de tecnologia de <strong>VMware<\/strong>.<\/p>\n<p>A Espanya, <strong>la Virtualitzaci\u00f3 estalvia el 15% de l&#8217;energia consumida en un any<\/strong>. Mitjan\u00e7ant les capacitats innovadores de gesti\u00f3 energ\u00e8tica de Virtualitzaci\u00f3, que regulen o apaguen amb seguretat els servidors que no estan en \u00fas, es pot obtenir un important estalvi d&#8217;energia. Una altra mesura \u00e9s la desconnexi\u00f3 dels servidors i desktops durant els per\u00edodes d&#8217;inactivitat, com a la nit o els caps de setmana, amb el que es pot estalviar aproximadament un 25 per cent en el seu consum energ\u00e8tic.[\/vc_column_text][\/vc_column_inner][\/vc_row_inner][\/vc_column][\/mk_page_section][mk_page_section bg_color=&#8221;#414141&#8243; video_loop=&#8221;false&#8221; padding_top=&#8221;50&#8243; padding_bottom=&#8221;50&#8243; el_class=&#8221;cta-formulario&#8221; sidebar=&#8221;sidebar-1&#8243;][vc_column width=&#8221;1\/2&#8243;][mk_fancy_title tag_name=&#8221;span&#8221; color=&#8221;#f4f4f4&#8243; size=&#8221;40&#8243; force_font_size=&#8221;true&#8221; size_smallscreen=&#8221;35&#8243; size_tablet=&#8221;30&#8243; size_phone=&#8221;25&#8243; font_weight=&#8221;400&#8243; margin_bottom=&#8221;&#8221; font_family=&#8221;Roboto&#8221; font_type=&#8221;google&#8221; el_class=&#8221;titulo-principal&#8221;]Contacti amb nosaltres[\/mk_fancy_title][mk_fancy_title tag_name=&#8221;span&#8221; color=&#8221;#f4f4f4&#8243; size=&#8221;20&#8243; force_font_size=&#8221;true&#8221; size_smallscreen=&#8221;20&#8243; size_tablet=&#8221;18&#8243; size_phone=&#8221;18&#8243; font_weight=&#8221;300&#8243; margin_bottom=&#8221;10&#8243; font_family=&#8221;Roboto&#8221; font_type=&#8221;google&#8221;]Demaneu m\u00e9s informaci\u00f3 del servei[\/mk_fancy_title][\/vc_column][vc_column width=&#8221;1\/2&#8243;][vc_raw_html]JTBBJTNDJTIxLS0lNUJpZiUyMGx0ZSUyMElFJTIwOCU1RCUzRSUwQSUzQ3NjcmlwdCUyMGNoYXJzZXQlM0QlMjJ1dGYtOCUyMiUyMHR5cGUlM0QlMjJ0ZXh0JTJGamF2YXNjcmlwdCUyMiUyMHNyYyUzRCUyMiUyRiUyRmpzLmhzZm9ybXMubmV0JTJGZm9ybXMlMkZ2Mi1sZWdhY3kuanMlMjIlM0UlM0MlMkZzY3JpcHQlM0UlMEElM0MlMjElNUJlbmRpZiU1RC0tJTNFJTBBJTNDc2NyaXB0JTIwY2hhcnNldCUzRCUyMnV0Zi04JTIyJTIwdHlwZSUzRCUyMnRleHQlMkZqYXZhc2NyaXB0JTIyJTIwc3JjJTNEJTIyJTJGJTJGanMuaHNmb3Jtcy5uZXQlMkZmb3JtcyUyRnYyLmpzJTIyJTNFJTNDJTJGc2NyaXB0JTNFJTBBJTNDc2NyaXB0JTNFJTBBJTIwJTIwaGJzcHQuZm9ybXMuY3JlYXRlJTI4JTdCJTIwJTBBJTIwJTIwJTIwJTIwY3NzJTNBJTIwJTI3JTI3JTJDJTBBJTIwJTIwJTIwJTIwcG9ydGFsSWQlM0ElMjAlMjcyODEwMDk4JTI3JTJDJTBBJTIwJTIwJTIwJTIwZm9ybUlkJTNBJTIwJTI3MTZkNzRmYmMtODY5NS00NWU3LWI3MDQtMmU1MzRlZTRjYTY0JTI3JTBBJTIwJTIwJTdEJTI5JTNCJTBBJTNDJTJGc2NyaXB0JTNFJTBB[\/vc_raw_html][\/vc_column][\/mk_page_section]\n","protected":false},"excerpt":{"rendered":"<p>[mk_page_section bg_image=&#8221;http:\/\/ieaisa.es\/wp-content\/uploads\/2017\/04\/ahorro-energetico.jpg&#8221; bg_position=&#8221;right center&#8221; bg_repeat=&#8221;no-repeat&#8221; bg_stretch=&#8221;true&#8221; video_loop=&#8221;false&#8221; video_color_mask=&#8221;#000000&#8243; video_opacity=&#8221;0.3&#8243; min_height=&#8221;350&#8243; js_vertical_centered=&#8221;true&#8221; padding_top=&#8221;0&#8243; padding_bottom=&#8221;0&#8243; sidebar=&#8221;sidebar-1&#8243;][vc_column][mk_padding_divider size=&#8221;100&#8243; visibility=&#8221;visible-dt&#8221;][mk_fancy_title tag_name=&#8221;h1&#8243; color=&#8221;#ffffff&#8221; size=&#8221;60&#8243; force_font_size=&#8221;true&#8221; size_tablet=&#8221;40&#8243; size_phone=&#8221;40&#8243; line_height=&#8221;90&#8243; font_weight=&#8221;400&#8243; letter_spacing=&#8221;1&#8243; margin_bottom=&#8221;&#8221; font_family=&#8221;Roboto&#8221; font_type=&#8221;google&#8221;]Estalvi energ\u00e8tic[\/mk_fancy_title][mk_fancy_title color=&#8221;#ffffff&#8221; size=&#8221;20&#8243; line_height=&#8221;90&#8243; font_weight=&#8221;300&#8243; font_family=&#8221;none&#8221;]Desenvolupi un Pla d\u2019Estalvi, eficiencia i productivitat a trav\u00e9s de la Virtualitzaci\u00f3[\/mk_fancy_title][\/vc_column][\/mk_page_section][vc_row][vc_column][mk_padding_divider size=&#8221;70&#8243;][\/vc_column][\/vc_row][vc_row][vc_column width=&#8221;1\/2&#8243;][vc_column_text]Els servidors solen ser els equips m\u00e9s potents d&#8217;una [&hellip;]<\/p>\n","protected":false},"author":2,"featured_media":0,"parent":2500,"menu_order":0,"comment_status":"closed","ping_status":"closed","template":"","meta":[],"_links":{"self":[{"href":"https:\/\/ieaisa.es\/ca\/wp-json\/wp\/v2\/pages\/2502"}],"collection":[{"href":"https:\/\/ieaisa.es\/ca\/wp-json\/wp\/v2\/pages"}],"about":[{"href":"https:\/\/ieaisa.es\/ca\/wp-json\/wp\/v2\/types\/page"}],"author":[{"embeddable":true,"href":"https:\/\/ieaisa.es\/ca\/wp-json\/wp\/v2\/users\/2"}],"replies":[{"embeddable":true,"href":"https:\/\/ieaisa.es\/ca\/wp-json\/wp\/v2\/comments?post=2502"}],"version-history":[{"count":0,"href":"https:\/\/ieaisa.es\/ca\/wp-json\/wp\/v2\/pages\/2502\/revisions"}],"up":[{"embeddable":true,"href":"https:\/\/ieaisa.es\/ca\/wp-json\/wp\/v2\/pages\/2500"}],"wp:attachment":[{"href":"https:\/\/ieaisa.es\/ca\/wp-json\/wp\/v2\/media?parent=2502"}],"curies":[{"name":"wp","href":"https:\/\/api.w.org\/{rel}","templated":true}]}}