{"id":2500,"date":"2024-04-02T13:04:21","date_gmt":"2024-04-02T13:04:21","guid":{"rendered":"http:\/\/ieaisa.es\/?page_id=2500\/"},"modified":"2024-04-02T13:04:21","modified_gmt":"2024-04-02T13:04:21","slug":"solucions-de-virtualitzacio","status":"publish","type":"page","link":"https:\/\/ieaisa.es\/ca\/solucions\/solucions-de-virtualitzacio\/","title":{"rendered":"Solucions de Virtualitzaci\u00f3"},"content":{"rendered":"[mk_page_section bg_image=&#8221;http:\/\/ieaisa.es\/wp-content\/uploads\/2016\/04\/all-in-cloud-pyme-1.jpg&#8221; bg_position=&#8221;left center&#8221; bg_repeat=&#8221;no-repeat&#8221; bg_stretch=&#8221;true&#8221; video_loop=&#8221;false&#8221; video_opacity=&#8221;0.9&#8243; min_height=&#8221;350&#8243; js_vertical_centered=&#8221;true&#8221; padding_top=&#8221;0&#8243; padding_bottom=&#8221;0&#8243; sidebar=&#8221;sidebar-1&#8243;][vc_column][mk_padding_divider size=&#8221;100&#8243; visibility=&#8221;visible-dt&#8221;][mk_fancy_title tag_name=&#8221;h1&#8243; color=&#8221;#ffffff&#8221; size=&#8221;60&#8243; force_font_size=&#8221;true&#8221; size_tablet=&#8221;40&#8243; size_phone=&#8221;40&#8243; line_height=&#8221;90&#8243; font_weight=&#8221;400&#8243; letter_spacing=&#8221;1&#8243; margin_bottom=&#8221;&#8221; font_family=&#8221;none&#8221;]Solucions de Virtualitzaci\u00f3[\/mk_fancy_title][mk_fancy_title color=&#8221;#ffffff&#8221; size=&#8221;20&#8243; font_weight=&#8221;300&#8243; font_family=&#8221;Roboto&#8221; font_type=&#8221;google&#8221;]Optimitzi\u00a0els recursos i augmenti la flexibilitat de la seva TU amb la virtualitzaci\u00f3[\/mk_fancy_title][\/vc_column][\/mk_page_section][vc_row fullwidth=&#8221;true&#8221; css=&#8221;.vc_custom_1496910583587{padding-top: 25px !important;padding-bottom: 21px !important;background-color: #ff6500 !important;}&#8221; el_class=&#8221;cta-catalogos cta-catalogos-hubspot&#8221;][vc_column width=&#8221;1\/2&#8243;][vc_column_text align=&#8221;right&#8221; el_class=&#8221;blink&#8221;]\n<p style=\"text-align: center;\">Descarregui ara el cat\u00e0leg de <strong>VIRTUALITZACI\u00d3<\/strong><\/p>\n[\/vc_column_text][\/vc_column][vc_column width=&#8221;1\/2&#8243;][vc_raw_html]JTNDJTIxLS0lNUJpZiUyMGx0ZSUyMElFJTIwOCU1RCUzRSUwQSUzQ3NjcmlwdCUyMGNoYXJzZXQlM0QlMjJ1dGYtOCUyMiUyMHR5cGUlM0QlMjJ0ZXh0JTJGamF2YXNjcmlwdCUyMiUyMHNyYyUzRCUyMiUyRiUyRmpzLmhzZm9ybXMubmV0JTJGZm9ybXMlMkZ2Mi1sZWdhY3kuanMlMjIlM0UlM0MlMkZzY3JpcHQlM0UlMEElM0MlMjElNUJlbmRpZiU1RC0tJTNFJTBBJTNDc2NyaXB0JTIwY2hhcnNldCUzRCUyMnV0Zi04JTIyJTIwdHlwZSUzRCUyMnRleHQlMkZqYXZhc2NyaXB0JTIyJTIwc3JjJTNEJTIyJTJGJTJGanMuaHNmb3Jtcy5uZXQlMkZmb3JtcyUyRnYyLmpzJTIyJTNFJTNDJTJGc2NyaXB0JTNFJTBBJTNDc2NyaXB0JTNFJTBBJTIwJTIwaGJzcHQuZm9ybXMuY3JlYXRlJTI4JTdCJTIwJTBBJTIwJTIwJTIwJTIwY3NzJTNBJTIwJTI3JTI3JTJDJTBBJTIwJTIwJTIwJTIwcG9ydGFsSWQlM0ElMjAlMjcyODEwMDk4JTI3JTJDJTBBJTIwJTIwJTIwJTIwZm9ybUlkJTNBJTIwJTI3ZjRhYzEwMTktZGUyMi00OTFhLThjY2UtYTUzYTE0ZmI3NjA5JTI3JTBBJTIwJTIwJTdEJTI5JTNCJTBBJTNDJTJGc2NyaXB0JTNFJTBB[\/vc_raw_html][\/vc_column][\/vc_row][vc_row][vc_column][mk_padding_divider size=&#8221;70&#8243;][\/vc_column][\/vc_row][vc_row][vc_column width=&#8221;1\/2&#8243;][vc_column_text]<strong>IEAISA<\/strong> desenvolupa projectes integrals d&#8217;enginyeria de sistemes i infraestructures IT, no sols f\u00edsics si no tamb\u00e9 proporciona <strong>solucions virtuals<\/strong> amb un clar comprom\u00eds amb el Medi Ambient.[\/vc_column_text][\/vc_column][vc_column width=&#8221;1\/2&#8243;][vc_column_text]Disposi d&#8217;una <strong>Arquitectura TU flexible gr\u00e0cies a la Virtualitzaci\u00f3<\/strong> i guanyi en escalabilitat del seu centre de dades, aprovisionament de recursos i servidors, mentre<strong> optimitza el TCO<\/strong> en reduir el maquinari necessari.[\/vc_column_text][\/vc_column][\/vc_row][vc_row][vc_column][mk_padding_divider size=&#8221;70&#8243;][\/vc_column][\/vc_row][mk_page_section bg_color=&#8221;#f4f4f4&#8243; padding_top=&#8221;70&#8243; padding_bottom=&#8221;70&#8243; el_class=&#8221;caja-secciones2&#8243; sidebar=&#8221;sidebar-1&#8243;][vc_column width=&#8221;1\/3&#8243;][mk_image src=&#8221;http:\/\/ieaisa.es\/wp-content\/uploads\/2017\/04\/que-es-virtualizacion.png&#8221; image_size=&#8221;full&#8221; link=&#8221;http:\/\/ieaisa.es\/soluciones\/virtualizacion\/que-es-la-virtualizacion\/&#8221; margin_bottom=&#8221;15&#8243;][mk_fancy_title tag_name=&#8221;h3&#8243; color=&#8221;#2e85bb&#8221; size=&#8221;20&#8243; font_weight=&#8221;300&#8243; txt_transform=&#8221;uppercase&#8221; margin_bottom=&#8221;10&#8243; font_family=&#8221;Raleway&#8221; font_type=&#8221;google&#8221;]<a href=\"https:\/\/ieaisa.es\/ca\/solucions\/solucions-de-virtualitzacio\/que-es-la-virtualitzacio\/\">Qu\u00e8 \u00e9s la virtualitzaci\u00f3<\/a>[\/mk_fancy_title][vc_column_text]La Virtualitzaci\u00f3 \u00e9s la creaci\u00f3 d&#8217;una versi\u00f3 virtual i intangible de qualsevol recurs tecnol\u00f2gic. En un mateix medi f\u00edsic poden coexistir diferents m\u00e0quines virtuals&#8230;[\/vc_column_text][\/vc_column][vc_column width=&#8221;1\/3&#8243;][mk_image src=&#8221;http:\/\/ieaisa.es\/wp-content\/uploads\/2017\/04\/por-que-virtualizar.png&#8221; image_size=&#8221;full&#8221; link=&#8221;http:\/\/ieaisa.es\/soluciones\/virtualizacion\/razones-para-virtualizar\/&#8221; margin_bottom=&#8221;15&#8243;][mk_fancy_title tag_name=&#8221;h3&#8243; color=&#8221;#2e85bb&#8221; size=&#8221;20&#8243; font_weight=&#8221;300&#8243; txt_transform=&#8221;uppercase&#8221; margin_bottom=&#8221;10&#8243; font_family=&#8221;Raleway&#8221; font_type=&#8221;google&#8221;]<a href=\"https:\/\/ieaisa.es\/ca\/solucions\/solucions-de-virtualitzacio\/raons-per-virtualitzar\/\">Raons per a virtualizar<\/a>[\/mk_fancy_title][vc_column_text]La virtualitzaci\u00f3 permet gestionar nostre\u00a0CPD\u00a0com un\u00a0pool\u00a0de tots els recursos existents dins d&#8217;ell. Xarxes, emmagatzematge, processament, etc&#8230;[\/vc_column_text][\/vc_column][vc_column width=&#8221;1\/3&#8243;][mk_image src=&#8221;http:\/\/ieaisa.es\/wp-content\/uploads\/2017\/04\/ahorro-energetico.png&#8221; image_size=&#8221;full&#8221; link=&#8221;http:\/\/ieaisa.es\/soluciones\/virtualizacion\/ahorro-energetico\/&#8221; margin_bottom=&#8221;15&#8243;][mk_fancy_title tag_name=&#8221;h3&#8243; color=&#8221;#2e85bb&#8221; size=&#8221;20&#8243; font_weight=&#8221;300&#8243; txt_transform=&#8221;uppercase&#8221; margin_bottom=&#8221;10&#8243; font_family=&#8221;Raleway&#8221; font_type=&#8221;google&#8221;]<a href=\"https:\/\/ieaisa.es\/ca\/solucions\/solucions-de-virtualitzacio\/estalvi-energetic\/\">L&#8217;estalvi energ\u00e8tic<\/a>[\/mk_fancy_title][vc_column_text]La Virtualitzaci\u00f3 de servidors permet portar la seva efici\u00e8ncia d&#8217;un 15-20% fins a aconseguir un 80-90% de la productivitat possible.\u00a0La\u00a0Virtualitzaci\u00f3 redueix els costos econ\u00f2mics i emissions de CO\u2082.[\/vc_column_text][\/vc_column][vc_column][mk_padding_divider size=&#8221;20&#8243;][\/vc_column][vc_column width=&#8221;1\/3&#8243;][mk_image src=&#8221;http:\/\/ieaisa.es\/wp-content\/uploads\/2017\/04\/caso-practico.png&#8221; image_size=&#8221;full&#8221; link=&#8221;http:\/\/ieaisa.es\/soluciones\/virtualizacion\/caso-practico-de-ahorro\/&#8221; margin_bottom=&#8221;15&#8243;][mk_fancy_title tag_name=&#8221;h3&#8243; color=&#8221;#2e85bb&#8221; size=&#8221;20&#8243; font_weight=&#8221;300&#8243; txt_transform=&#8221;uppercase&#8221; margin_bottom=&#8221;10&#8243; font_family=&#8221;Raleway&#8221; font_type=&#8221;google&#8221;]<a href=\"https:\/\/ieaisa.es\/ca\/solucions\/solucions-de-virtualitzacio\/cas-practic-destalvi\/\">Cas pr\u00e0ctic d&#8217;estalvi<\/a>[\/mk_fancy_title][vc_column_text]Un exemple\u00a0amb valors reals de l&#8217;estalvi energ\u00e8tic que pot obtenir-se amb la implementaci\u00f3 d&#8217;una plataforma virtual de servidors.[\/vc_column_text][\/vc_column][vc_column width=&#8221;1\/3&#8243;][mk_image src=&#8221;http:\/\/ieaisa.es\/wp-content\/uploads\/2017\/06\/infraestructura.png&#8221; image_size=&#8221;full&#8221; link=&#8221;http:\/\/ieaisa.es\/soluciones\/virtualizacion\/roi-y-virtualizacion\/&#8221; margin_bottom=&#8221;15&#8243;][mk_fancy_title tag_name=&#8221;h3&#8243; color=&#8221;#2e85bb&#8221; size=&#8221;20&#8243; font_weight=&#8221;300&#8243; txt_transform=&#8221;uppercase&#8221; margin_bottom=&#8221;10&#8243; font_family=&#8221;Raleway&#8221; font_type=&#8221;google&#8221;]<a href=\"https:\/\/ieaisa.es\/ca\/solucions\/solucions-de-virtualitzacio\/roi-i-virtualitzacio\/\">Virtualitzaci\u00f3 i el ROI<\/a>[\/mk_fancy_title][vc_column_text]Una estrat\u00e8gia integral de virtualitzaci\u00f3 podria maximitzar el rendiment de les seves inversions i reduir el cost total de propietat de tota la infraestructura \u00a0IT.[\/vc_column_text][\/vc_column][\/mk_page_section]\n","protected":false},"excerpt":{"rendered":"<p>[mk_page_section bg_image=&#8221;http:\/\/ieaisa.es\/wp-content\/uploads\/2016\/04\/all-in-cloud-pyme-1.jpg&#8221; bg_position=&#8221;left center&#8221; bg_repeat=&#8221;no-repeat&#8221; bg_stretch=&#8221;true&#8221; video_loop=&#8221;false&#8221; video_opacity=&#8221;0.9&#8243; min_height=&#8221;350&#8243; js_vertical_centered=&#8221;true&#8221; padding_top=&#8221;0&#8243; padding_bottom=&#8221;0&#8243; sidebar=&#8221;sidebar-1&#8243;][vc_column][mk_padding_divider size=&#8221;100&#8243; visibility=&#8221;visible-dt&#8221;][mk_fancy_title tag_name=&#8221;h1&#8243; color=&#8221;#ffffff&#8221; size=&#8221;60&#8243; force_font_size=&#8221;true&#8221; size_tablet=&#8221;40&#8243; size_phone=&#8221;40&#8243; line_height=&#8221;90&#8243; font_weight=&#8221;400&#8243; letter_spacing=&#8221;1&#8243; margin_bottom=&#8221;&#8221; font_family=&#8221;none&#8221;]Solucions de Virtualitzaci\u00f3[\/mk_fancy_title][mk_fancy_title color=&#8221;#ffffff&#8221; size=&#8221;20&#8243; font_weight=&#8221;300&#8243; font_family=&#8221;Roboto&#8221; font_type=&#8221;google&#8221;]Optimitzi\u00a0els recursos i augmenti la flexibilitat de la seva TU amb la virtualitzaci\u00f3[\/mk_fancy_title][\/vc_column][\/mk_page_section][vc_row fullwidth=&#8221;true&#8221; css=&#8221;.vc_custom_1496910583587{padding-top: 25px !important;padding-bottom: 21px !important;background-color: #ff6500 !important;}&#8221; el_class=&#8221;cta-catalogos cta-catalogos-hubspot&#8221;][vc_column [&hellip;]<\/p>\n","protected":false},"author":2,"featured_media":0,"parent":2416,"menu_order":0,"comment_status":"closed","ping_status":"closed","template":"","meta":[],"_links":{"self":[{"href":"https:\/\/ieaisa.es\/ca\/wp-json\/wp\/v2\/pages\/2500"}],"collection":[{"href":"https:\/\/ieaisa.es\/ca\/wp-json\/wp\/v2\/pages"}],"about":[{"href":"https:\/\/ieaisa.es\/ca\/wp-json\/wp\/v2\/types\/page"}],"author":[{"embeddable":true,"href":"https:\/\/ieaisa.es\/ca\/wp-json\/wp\/v2\/users\/2"}],"replies":[{"embeddable":true,"href":"https:\/\/ieaisa.es\/ca\/wp-json\/wp\/v2\/comments?post=2500"}],"version-history":[{"count":2,"href":"https:\/\/ieaisa.es\/ca\/wp-json\/wp\/v2\/pages\/2500\/revisions"}],"predecessor-version":[{"id":4821,"href":"https:\/\/ieaisa.es\/ca\/wp-json\/wp\/v2\/pages\/2500\/revisions\/4821"}],"up":[{"embeddable":true,"href":"https:\/\/ieaisa.es\/ca\/wp-json\/wp\/v2\/pages\/2416"}],"wp:attachment":[{"href":"https:\/\/ieaisa.es\/ca\/wp-json\/wp\/v2\/media?parent=2500"}],"curies":[{"name":"wp","href":"https:\/\/api.w.org\/{rel}","templated":true}]}}