{"id":2498,"date":"2017-11-14T15:04:56","date_gmt":"2017-11-14T15:04:56","guid":{"rendered":"http:\/\/ieaisa.es\/?page_id=2498\/"},"modified":"2017-11-30T08:57:03","modified_gmt":"2017-11-30T08:57:03","slug":"que-es-la-virtualitzacio","status":"publish","type":"page","link":"https:\/\/ieaisa.es\/ca\/solucions\/solucions-de-virtualitzacio\/que-es-la-virtualitzacio\/","title":{"rendered":"Qu\u00e8 \u00e9s la Virtualitzaci\u00f3?"},"content":{"rendered":"[mk_page_section bg_image=&#8221;http:\/\/ieaisa.es\/wp-content\/uploads\/2017\/04\/que-es-la-virtualizacion.jpg&#8221; bg_position=&#8221;right center&#8221; bg_repeat=&#8221;no-repeat&#8221; bg_stretch=&#8221;true&#8221; video_loop=&#8221;false&#8221; video_color_mask=&#8221;#000000&#8243; video_opacity=&#8221;0.3&#8243; min_height=&#8221;350&#8243; js_vertical_centered=&#8221;true&#8221; padding_top=&#8221;0&#8243; padding_bottom=&#8221;0&#8243; sidebar=&#8221;sidebar-1&#8243;][vc_column][mk_padding_divider size=&#8221;100&#8243; visibility=&#8221;visible-dt&#8221;][mk_fancy_title tag_name=&#8221;h1&#8243; color=&#8221;#ffffff&#8221; size=&#8221;60&#8243; force_font_size=&#8221;true&#8221; size_tablet=&#8221;40&#8243; size_phone=&#8221;40&#8243; line_height=&#8221;90&#8243; font_weight=&#8221;400&#8243; letter_spacing=&#8221;1&#8243; margin_bottom=&#8221;&#8221; font_family=&#8221;Roboto&#8221; font_type=&#8221;google&#8221;]Qu\u00e8 \u00e9s la virtualitzaci\u00f3?[\/mk_fancy_title][mk_fancy_title color=&#8221;#ffffff&#8221; size=&#8221;20&#8243; line_height=&#8221;90&#8243; font_weight=&#8221;300&#8243; font_family=&#8221;none&#8221;]Solucions en Virtualitzaci\u00f3[\/mk_fancy_title][\/vc_column][\/mk_page_section][vc_row][vc_column][mk_padding_divider size=&#8221;70&#8243;][\/vc_column][\/vc_row][vc_row][vc_column width=&#8221;1\/2&#8243;][vc_column_text]La <strong>Virtualitzaci\u00f3<\/strong> \u00e9s la creaci\u00f3 a trav\u00e9s de software, d&#8217;una versi\u00f3 virtual i intangible de qualsevol recurs tecnol\u00f2gic.[\/vc_column_text][\/vc_column][vc_column width=&#8221;1\/2&#8243;][vc_column_text]Una m\u00e0quina virtual fa possible que s&#8217;executin diferents m\u00e0quines virtuals des d&#8217;un mateix dispositiu f\u00edsic.[\/vc_column_text][\/vc_column][\/vc_row][vc_row][vc_column][mk_padding_divider][\/vc_column][\/vc_row][mk_page_section bg_image=&#8221;http:\/\/ieaisa.es\/wp-content\/uploads\/2017\/04\/virtualizar.jpg&#8221; bg_repeat=&#8221;no-repeat&#8221; bg_stretch=&#8221;true&#8221; enable_3d=&#8221;true&#8221; video_loop=&#8221;false&#8221; padding_top=&#8221;60&#8243; padding_bottom=&#8221;60&#8243; top_shape_color=&#8221;#ffffff&#8221; bottom_shape_color=&#8221;#ffffff&#8221; sidebar=&#8221;sidebar-1&#8243;][vc_column][vc_row_inner css=&#8221;.vc_custom_1491818738452{padding-top: 50px !important;padding-right: 50px !important;padding-bottom: 50px !important;padding-left: 50px !important;background-color: rgba(255,255,255,0.94) !important;*background-color: rgb(255,255,255) !important;}&#8221;][vc_column_inner][mk_fancy_title tag_name=&#8221;h3&#8243; size=&#8221;40&#8243; force_font_size=&#8221;true&#8221; size_tablet=&#8221;35&#8243; size_phone=&#8221;25&#8243; line_height=&#8221;90&#8243; margin_bottom=&#8221;0&#8243; font_family=&#8221;none&#8221;]Solucions de Virtualitzaci\u00f3[\/mk_fancy_title][mk_padding_divider size=&#8221;20&#8243;][vc_column_text disable_pattern=&#8221;false&#8221;]L&#8217;Administrador de Sistemes llavors pot instal\u00b7lar en ell un sistema operatiu i aplicacions. El S.O. i les aplicacions instal\u00b7lades sobre aquell entorn de hardware virtual no seran conscients d&#8217;aquesta circumst\u00e0ncia, i es comportaran de la mateixa manera que si l&#8217;entorn hardware fos f\u00edsic.<\/p>\n<p>La Virtualitzaci\u00f3 no \u00e9s \u00fanicament un problema t\u00e8cnic ni una soluci\u00f3 m\u00e0gica. Sense un correcte plantejament de la infraestructura TIC, la implicaci\u00f3 d&#8217;especialistes i la comprensi\u00f3 dels passos que comporta aconseguir-la, no es pot obtenir el potencial real d&#8217;aquesta soluci\u00f3.<\/p>\n<p>Per aquesta ra\u00f3, des de <strong>IEAISA<\/strong> treballem per oferir serveis de virtualitzaci\u00f3 r\u00e0pids i eficients, amb un portfolio de solucions destinades a ajudar a les organitzacions a tenir acc\u00e9s a les \u00faltimes tecnologies, i els serveis m\u00e9s capdavanters al cost m\u00e9s baix.[\/vc_column_text][\/vc_column_inner][\/vc_row_inner][\/vc_column][\/mk_page_section][mk_page_section bg_color=&#8221;#414141&#8243; video_loop=&#8221;false&#8221; padding_top=&#8221;50&#8243; padding_bottom=&#8221;50&#8243; el_class=&#8221;cta-formulario&#8221; sidebar=&#8221;sidebar-1&#8243;][vc_column width=&#8221;1\/2&#8243;][mk_fancy_title tag_name=&#8221;span&#8221; color=&#8221;#f4f4f4&#8243; size=&#8221;40&#8243; force_font_size=&#8221;true&#8221; size_smallscreen=&#8221;35&#8243; size_tablet=&#8221;30&#8243; size_phone=&#8221;25&#8243; font_weight=&#8221;400&#8243; margin_bottom=&#8221;&#8221; font_family=&#8221;Roboto&#8221; font_type=&#8221;google&#8221; el_class=&#8221;titulo-principal&#8221;]Contacti amb nosaltres[\/mk_fancy_title][mk_fancy_title tag_name=&#8221;span&#8221; color=&#8221;#f4f4f4&#8243; size=&#8221;20&#8243; force_font_size=&#8221;true&#8221; size_smallscreen=&#8221;20&#8243; size_tablet=&#8221;18&#8243; size_phone=&#8221;18&#8243; font_weight=&#8221;300&#8243; margin_bottom=&#8221;10&#8243; font_family=&#8221;Roboto&#8221; font_type=&#8221;google&#8221;]Demaneu m\u00e9s informaci\u00f3 del servei[\/mk_fancy_title][\/vc_column][vc_column width=&#8221;1\/2&#8243;][vc_raw_html]JTBBJTNDJTIxLS0lNUJpZiUyMGx0ZSUyMElFJTIwOCU1RCUzRSUwQSUzQ3NjcmlwdCUyMGNoYXJzZXQlM0QlMjJ1dGYtOCUyMiUyMHR5cGUlM0QlMjJ0ZXh0JTJGamF2YXNjcmlwdCUyMiUyMHNyYyUzRCUyMiUyRiUyRmpzLmhzZm9ybXMubmV0JTJGZm9ybXMlMkZ2Mi1sZWdhY3kuanMlMjIlM0UlM0MlMkZzY3JpcHQlM0UlMEElM0MlMjElNUJlbmRpZiU1RC0tJTNFJTBBJTNDc2NyaXB0JTIwY2hhcnNldCUzRCUyMnV0Zi04JTIyJTIwdHlwZSUzRCUyMnRleHQlMkZqYXZhc2NyaXB0JTIyJTIwc3JjJTNEJTIyJTJGJTJGanMuaHNmb3Jtcy5uZXQlMkZmb3JtcyUyRnYyLmpzJTIyJTNFJTNDJTJGc2NyaXB0JTNFJTBBJTNDc2NyaXB0JTNFJTBBJTIwJTIwaGJzcHQuZm9ybXMuY3JlYXRlJTI4JTdCJTIwJTBBJTIwJTIwJTIwJTIwY3NzJTNBJTIwJTI3JTI3JTJDJTBBJTIwJTIwJTIwJTIwcG9ydGFsSWQlM0ElMjAlMjcyODEwMDk4JTI3JTJDJTBBJTIwJTIwJTIwJTIwZm9ybUlkJTNBJTIwJTI3MTZkNzRmYmMtODY5NS00NWU3LWI3MDQtMmU1MzRlZTRjYTY0JTI3JTBBJTIwJTIwJTdEJTI5JTNCJTBBJTNDJTJGc2NyaXB0JTNFJTBB[\/vc_raw_html][\/vc_column][\/mk_page_section]\n","protected":false},"excerpt":{"rendered":"<p>[mk_page_section bg_image=&#8221;http:\/\/ieaisa.es\/wp-content\/uploads\/2017\/04\/que-es-la-virtualizacion.jpg&#8221; bg_position=&#8221;right center&#8221; bg_repeat=&#8221;no-repeat&#8221; bg_stretch=&#8221;true&#8221; video_loop=&#8221;false&#8221; video_color_mask=&#8221;#000000&#8243; video_opacity=&#8221;0.3&#8243; min_height=&#8221;350&#8243; js_vertical_centered=&#8221;true&#8221; padding_top=&#8221;0&#8243; padding_bottom=&#8221;0&#8243; sidebar=&#8221;sidebar-1&#8243;][vc_column][mk_padding_divider size=&#8221;100&#8243; visibility=&#8221;visible-dt&#8221;][mk_fancy_title tag_name=&#8221;h1&#8243; color=&#8221;#ffffff&#8221; size=&#8221;60&#8243; force_font_size=&#8221;true&#8221; size_tablet=&#8221;40&#8243; size_phone=&#8221;40&#8243; line_height=&#8221;90&#8243; font_weight=&#8221;400&#8243; letter_spacing=&#8221;1&#8243; margin_bottom=&#8221;&#8221; font_family=&#8221;Roboto&#8221; font_type=&#8221;google&#8221;]Qu\u00e8 \u00e9s la virtualitzaci\u00f3?[\/mk_fancy_title][mk_fancy_title color=&#8221;#ffffff&#8221; size=&#8221;20&#8243; line_height=&#8221;90&#8243; font_weight=&#8221;300&#8243; font_family=&#8221;none&#8221;]Solucions en Virtualitzaci\u00f3[\/mk_fancy_title][\/vc_column][\/mk_page_section][vc_row][vc_column][mk_padding_divider size=&#8221;70&#8243;][\/vc_column][\/vc_row][vc_row][vc_column width=&#8221;1\/2&#8243;][vc_column_text]La Virtualitzaci\u00f3 \u00e9s la creaci\u00f3 a trav\u00e9s de software, d&#8217;una versi\u00f3 virtual i intangible de qualsevol [&hellip;]<\/p>\n","protected":false},"author":2,"featured_media":0,"parent":2500,"menu_order":0,"comment_status":"closed","ping_status":"closed","template":"","meta":[],"_links":{"self":[{"href":"https:\/\/ieaisa.es\/ca\/wp-json\/wp\/v2\/pages\/2498"}],"collection":[{"href":"https:\/\/ieaisa.es\/ca\/wp-json\/wp\/v2\/pages"}],"about":[{"href":"https:\/\/ieaisa.es\/ca\/wp-json\/wp\/v2\/types\/page"}],"author":[{"embeddable":true,"href":"https:\/\/ieaisa.es\/ca\/wp-json\/wp\/v2\/users\/2"}],"replies":[{"embeddable":true,"href":"https:\/\/ieaisa.es\/ca\/wp-json\/wp\/v2\/comments?post=2498"}],"version-history":[{"count":0,"href":"https:\/\/ieaisa.es\/ca\/wp-json\/wp\/v2\/pages\/2498\/revisions"}],"up":[{"embeddable":true,"href":"https:\/\/ieaisa.es\/ca\/wp-json\/wp\/v2\/pages\/2500"}],"wp:attachment":[{"href":"https:\/\/ieaisa.es\/ca\/wp-json\/wp\/v2\/media?parent=2498"}],"curies":[{"name":"wp","href":"https:\/\/api.w.org\/{rel}","templated":true}]}}