{"id":2497,"date":"2017-11-14T15:18:57","date_gmt":"2017-11-14T15:18:57","guid":{"rendered":"http:\/\/ieaisa.es\/?page_id=2497\/"},"modified":"2017-11-30T08:56:02","modified_gmt":"2017-11-30T08:56:02","slug":"roi-i-virtualitzacio","status":"publish","type":"page","link":"https:\/\/ieaisa.es\/ca\/solucions\/solucions-de-virtualitzacio\/roi-i-virtualitzacio\/","title":{"rendered":"ROI i Virtualitzaci\u00f3"},"content":{"rendered":"[mk_page_section bg_image=&#8221;http:\/\/ieaisa.es\/wp-content\/uploads\/2017\/06\/roi-y-virtualizacion.jpg&#8221; bg_position=&#8221;right center&#8221; bg_repeat=&#8221;no-repeat&#8221; bg_stretch=&#8221;true&#8221; video_loop=&#8221;false&#8221; video_color_mask=&#8221;#000000&#8243; video_opacity=&#8221;0.3&#8243; min_height=&#8221;350&#8243; js_vertical_centered=&#8221;true&#8221; padding_top=&#8221;0&#8243; padding_bottom=&#8221;0&#8243; sidebar=&#8221;sidebar-1&#8243;][vc_column][mk_padding_divider size=&#8221;100&#8243; visibility=&#8221;visible-dt&#8221;][mk_fancy_title tag_name=&#8221;h1&#8243; color=&#8221;#ffffff&#8221; size=&#8221;60&#8243; force_font_size=&#8221;true&#8221; size_tablet=&#8221;40&#8243; size_phone=&#8221;40&#8243; line_height=&#8221;90&#8243; font_weight=&#8221;400&#8243; letter_spacing=&#8221;1&#8243; margin_bottom=&#8221;&#8221; font_family=&#8221;Roboto&#8221; font_type=&#8221;google&#8221;]ROI i Virtualitzaci\u00f3[\/mk_fancy_title][mk_fancy_title color=&#8221;#ffffff&#8221; size=&#8221;20&#8243; line_height=&#8221;90&#8243; font_weight=&#8221;300&#8243; font_family=&#8221;none&#8221;]Estrat\u00e8gia integral de Virtualitzaci\u00f3 a la seva mida[\/mk_fancy_title][\/vc_column][\/mk_page_section][vc_row][vc_column][mk_padding_divider size=&#8221;70&#8243;][\/vc_column][\/vc_row][vc_row][vc_column width=&#8221;1\/2&#8243;][vc_column_text]Com \u00e9s ben sabut, la <strong>Virtualitzaci\u00f3<\/strong> estalvia diners. Per\u00f2 depenent de l&#8217;abast que tingui la implementaci\u00f3 de <strong>Solucions de Virtualitzaci\u00f3<\/strong>, aquests estalvis poden ser molt superiors als quals s&#8217;obtenen en la majoria dels casos.<\/p>\n<p>Una estrat\u00e8gia integral de <strong>Virtualitzaci\u00f3<\/strong> podria maximitzar el rendiment de les seves inversions i reduir el cost total de propietat de tota la <strong>Infraestructura IT.<\/strong><\/p>\n<p>Per\u00f2 els beneficis en <strong>TCO<\/strong> d&#8217;una estrat\u00e8gia de Virtualitzaci\u00f3 absoluta van m\u00e9s enll\u00e0 de la plataforma de servidors.[\/vc_column_text][\/vc_column][vc_column width=&#8221;1\/2&#8243;][vc_column_text]La Virtualitzaci\u00f3 de la \u201ccapa de presentaci\u00f3\u201d i la \u201cVirtualitzaci\u00f3 d&#8217;aplicacions\u201d fa possible que aplicacions escrites per a sistemes operatius i plataformes antigues poden funcionar dins d&#8217;un sistema operatiu actual sense haver de rec\u00f3rrer a processos de migraci\u00f3 o \u201c<em>porting<\/em>\u201d del codi, habitualment lents i molt cars.<\/p>\n<p>D&#8217;aquesta forma s&#8217;evita pr\u00e0cticament tots els conflictes de compatibilitat o coexist\u00e8ncia entre aplicacions, fet que permet reduir la necessitat d&#8217;iniciar test de regressi\u00f3 tal com es concep com a pas previ al desplegament d&#8217;aplicacions.[\/vc_column_text][\/vc_column][\/vc_row][vc_row][vc_column][mk_padding_divider size=&#8221;70&#8243;][\/vc_column][\/vc_row][mk_page_section bg_image=&#8221;http:\/\/ieaisa.es\/wp-content\/uploads\/2017\/04\/menu-ieaisa-1.jpg&#8221; bg_repeat=&#8221;no-repeat&#8221; bg_stretch=&#8221;true&#8221; enable_3d=&#8221;true&#8221; video_loop=&#8221;false&#8221; padding_top=&#8221;60&#8243; padding_bottom=&#8221;60&#8243; top_shape_color=&#8221;#ffffff&#8221; bottom_shape_color=&#8221;#ffffff&#8221; sidebar=&#8221;sidebar-1&#8243;][vc_column][vc_row_inner css=&#8221;.vc_custom_1491818738452{padding-top: 50px !important;padding-right: 50px !important;padding-bottom: 50px !important;padding-left: 50px !important;background-color: rgba(255,255,255,0.94) !important;*background-color: rgb(255,255,255) !important;}&#8221;][vc_column_inner][mk_fancy_title tag_name=&#8221;h3&#8243; size=&#8221;40&#8243; force_font_size=&#8221;true&#8221; size_tablet=&#8221;35&#8243; size_phone=&#8221;25&#8243; line_height=&#8221;90&#8243; margin_bottom=&#8221;0&#8243; font_family=&#8221;none&#8221;]Beneficis d\u2019una estrat\u00e8gia integral de Virtualitzaci\u00f3[\/mk_fancy_title][mk_padding_divider size=&#8221;20&#8243;][vc_column_text disable_pattern=&#8221;false&#8221;]\n<ul>\n<li>Menor consum el\u00e8ctric de Servidors i Aire condicionat (reducci\u00f3 de tarifa el\u00e8ctrica).<\/li>\n<li>Menys contractes de garantia Hardware (reducci\u00f3 de despeses fixes).<\/li>\n<li>Simplificaci\u00f3 de la plataforma f\u00edsica a gestionar (reducci\u00f3 del temps de supervisi\u00f3 de recursos).<\/li>\n<li>Menor renovaci\u00f3 d&#8217;equips (reducci\u00f3 del <strong>TCO<\/strong>).<\/li>\n<li>Millora dels nivells de continu\u00eftat de negoci (reducci\u00f3 de temps de parada).<\/li>\n<li>Optimitzaci\u00f3 de l&#8217;espai destinat a equips de IT (alliberament de m2).<\/li>\n<li>Implementaci\u00f3 \u00e0gil de nous serveis de Xarxa (reducci\u00f3 de serveis professionals en nous projectes).<\/li>\n<li>Possibilitat d&#8217;entorns \u201ctest\u201d sense <strong>TCO<\/strong> (desplegament de test virtual, sense necessitat d&#8217;adquirir nou hardware\/software).<\/li>\n<\/ul>\n[\/vc_column_text][\/vc_column_inner][\/vc_row_inner][\/vc_column][\/mk_page_section][mk_page_section bg_color=&#8221;#414141&#8243; video_loop=&#8221;false&#8221; padding_top=&#8221;50&#8243; padding_bottom=&#8221;50&#8243; el_class=&#8221;cta-formulario&#8221; sidebar=&#8221;sidebar-1&#8243;][vc_column width=&#8221;1\/2&#8243;][mk_fancy_title tag_name=&#8221;span&#8221; color=&#8221;#f4f4f4&#8243; size=&#8221;40&#8243; force_font_size=&#8221;true&#8221; size_smallscreen=&#8221;35&#8243; size_tablet=&#8221;30&#8243; size_phone=&#8221;25&#8243; font_weight=&#8221;400&#8243; margin_bottom=&#8221;&#8221; font_family=&#8221;Roboto&#8221; font_type=&#8221;google&#8221; el_class=&#8221;titulo-principal&#8221;]Contacti amb nosaltres[\/mk_fancy_title][mk_fancy_title tag_name=&#8221;span&#8221; color=&#8221;#f4f4f4&#8243; size=&#8221;20&#8243; force_font_size=&#8221;true&#8221; size_smallscreen=&#8221;20&#8243; size_tablet=&#8221;18&#8243; size_phone=&#8221;18&#8243; font_weight=&#8221;300&#8243; margin_bottom=&#8221;10&#8243; font_family=&#8221;Roboto&#8221; font_type=&#8221;google&#8221;]Demaneu m\u00e9s informaci\u00f3 del servei[\/mk_fancy_title][\/vc_column][vc_column width=&#8221;1\/2&#8243;][vc_raw_html]JTBBJTNDJTIxLS0lNUJpZiUyMGx0ZSUyMElFJTIwOCU1RCUzRSUwQSUzQ3NjcmlwdCUyMGNoYXJzZXQlM0QlMjJ1dGYtOCUyMiUyMHR5cGUlM0QlMjJ0ZXh0JTJGamF2YXNjcmlwdCUyMiUyMHNyYyUzRCUyMiUyRiUyRmpzLmhzZm9ybXMubmV0JTJGZm9ybXMlMkZ2Mi1sZWdhY3kuanMlMjIlM0UlM0MlMkZzY3JpcHQlM0UlMEElM0MlMjElNUJlbmRpZiU1RC0tJTNFJTBBJTNDc2NyaXB0JTIwY2hhcnNldCUzRCUyMnV0Zi04JTIyJTIwdHlwZSUzRCUyMnRleHQlMkZqYXZhc2NyaXB0JTIyJTIwc3JjJTNEJTIyJTJGJTJGanMuaHNmb3Jtcy5uZXQlMkZmb3JtcyUyRnYyLmpzJTIyJTNFJTNDJTJGc2NyaXB0JTNFJTBBJTNDc2NyaXB0JTNFJTBBJTIwJTIwaGJzcHQuZm9ybXMuY3JlYXRlJTI4JTdCJTIwJTBBJTIwJTIwJTIwJTIwY3NzJTNBJTIwJTI3JTI3JTJDJTBBJTIwJTIwJTIwJTIwcG9ydGFsSWQlM0ElMjAlMjcyODEwMDk4JTI3JTJDJTBBJTIwJTIwJTIwJTIwZm9ybUlkJTNBJTIwJTI3MTZkNzRmYmMtODY5NS00NWU3LWI3MDQtMmU1MzRlZTRjYTY0JTI3JTBBJTIwJTIwJTdEJTI5JTNCJTBBJTNDJTJGc2NyaXB0JTNFJTBB[\/vc_raw_html][\/vc_column][\/mk_page_section]\n","protected":false},"excerpt":{"rendered":"<p>[mk_page_section bg_image=&#8221;http:\/\/ieaisa.es\/wp-content\/uploads\/2017\/06\/roi-y-virtualizacion.jpg&#8221; bg_position=&#8221;right center&#8221; bg_repeat=&#8221;no-repeat&#8221; bg_stretch=&#8221;true&#8221; video_loop=&#8221;false&#8221; video_color_mask=&#8221;#000000&#8243; video_opacity=&#8221;0.3&#8243; min_height=&#8221;350&#8243; js_vertical_centered=&#8221;true&#8221; padding_top=&#8221;0&#8243; padding_bottom=&#8221;0&#8243; sidebar=&#8221;sidebar-1&#8243;][vc_column][mk_padding_divider size=&#8221;100&#8243; visibility=&#8221;visible-dt&#8221;][mk_fancy_title tag_name=&#8221;h1&#8243; color=&#8221;#ffffff&#8221; size=&#8221;60&#8243; force_font_size=&#8221;true&#8221; size_tablet=&#8221;40&#8243; size_phone=&#8221;40&#8243; line_height=&#8221;90&#8243; font_weight=&#8221;400&#8243; letter_spacing=&#8221;1&#8243; margin_bottom=&#8221;&#8221; font_family=&#8221;Roboto&#8221; font_type=&#8221;google&#8221;]ROI i Virtualitzaci\u00f3[\/mk_fancy_title][mk_fancy_title color=&#8221;#ffffff&#8221; size=&#8221;20&#8243; line_height=&#8221;90&#8243; font_weight=&#8221;300&#8243; font_family=&#8221;none&#8221;]Estrat\u00e8gia integral de Virtualitzaci\u00f3 a la seva mida[\/mk_fancy_title][\/vc_column][\/mk_page_section][vc_row][vc_column][mk_padding_divider size=&#8221;70&#8243;][\/vc_column][\/vc_row][vc_row][vc_column width=&#8221;1\/2&#8243;][vc_column_text]Com \u00e9s ben sabut, la Virtualitzaci\u00f3 estalvia diners. Per\u00f2 depenent de l&#8217;abast [&hellip;]<\/p>\n","protected":false},"author":2,"featured_media":0,"parent":2500,"menu_order":0,"comment_status":"closed","ping_status":"closed","template":"","meta":[],"_links":{"self":[{"href":"https:\/\/ieaisa.es\/ca\/wp-json\/wp\/v2\/pages\/2497"}],"collection":[{"href":"https:\/\/ieaisa.es\/ca\/wp-json\/wp\/v2\/pages"}],"about":[{"href":"https:\/\/ieaisa.es\/ca\/wp-json\/wp\/v2\/types\/page"}],"author":[{"embeddable":true,"href":"https:\/\/ieaisa.es\/ca\/wp-json\/wp\/v2\/users\/2"}],"replies":[{"embeddable":true,"href":"https:\/\/ieaisa.es\/ca\/wp-json\/wp\/v2\/comments?post=2497"}],"version-history":[{"count":0,"href":"https:\/\/ieaisa.es\/ca\/wp-json\/wp\/v2\/pages\/2497\/revisions"}],"up":[{"embeddable":true,"href":"https:\/\/ieaisa.es\/ca\/wp-json\/wp\/v2\/pages\/2500"}],"wp:attachment":[{"href":"https:\/\/ieaisa.es\/ca\/wp-json\/wp\/v2\/media?parent=2497"}],"curies":[{"name":"wp","href":"https:\/\/api.w.org\/{rel}","templated":true}]}}