{"id":2438,"date":"2017-11-14T14:34:08","date_gmt":"2017-11-14T14:34:08","guid":{"rendered":"http:\/\/ieaisa.es\/?page_id=2438\/"},"modified":"2017-11-30T08:47:57","modified_gmt":"2017-11-30T08:47:57","slug":"gestio-de-projectes","status":"publish","type":"page","link":"https:\/\/ieaisa.es\/ca\/solucions\/infraestructura\/gestio-de-projectes\/","title":{"rendered":"Gesti\u00f3 de projectes"},"content":{"rendered":"[mk_page_section bg_image=&#8221;http:\/\/ieaisa.es\/wp-content\/uploads\/2017\/04\/gestion-de-proyectos.jpg&#8221; bg_position=&#8221;right center&#8221; bg_repeat=&#8221;no-repeat&#8221; bg_stretch=&#8221;true&#8221; video_loop=&#8221;false&#8221; video_color_mask=&#8221;#000000&#8243; video_opacity=&#8221;0.3&#8243; min_height=&#8221;350&#8243; js_vertical_centered=&#8221;true&#8221; padding_top=&#8221;0&#8243; padding_bottom=&#8221;0&#8243; sidebar=&#8221;sidebar-1&#8243;][vc_column][mk_padding_divider size=&#8221;100&#8243; visibility=&#8221;visible-dt&#8221;][mk_fancy_title tag_name=&#8221;h1&#8243; color=&#8221;#ffffff&#8221; size=&#8221;60&#8243; force_font_size=&#8221;true&#8221; size_tablet=&#8221;40&#8243; size_phone=&#8221;40&#8243; line_height=&#8221;90&#8243; font_weight=&#8221;400&#8243; letter_spacing=&#8221;1&#8243; margin_bottom=&#8221;&#8221; font_family=&#8221;Roboto&#8221; font_type=&#8221;google&#8221;]Gesti\u00f3 de projectes[\/mk_fancy_title][mk_fancy_title color=&#8221;#ffffff&#8221; size=&#8221;20&#8243; line_height=&#8221;90&#8243; font_weight=&#8221;300&#8243; font_family=&#8221;none&#8221;]IEAISA implementa solucions de gesti\u00f3de projectes de principi a fi[\/mk_fancy_title][\/vc_column][\/mk_page_section][vc_row][vc_column][mk_padding_divider size=&#8221;70&#8243;][\/vc_column][\/vc_row][vc_row][vc_column width=&#8221;1\/2&#8243;][vc_column_text]<strong>IEAISA <\/strong>disposa de la capacitat t\u00e8cnica, experi\u00e8ncia i coneixement del sector, necessaris per realitzar el desenvolupament de projectes d&#8217;Infraestructures diverses.<\/p>\n<p>Actualment, podem definir un conjunt de tecnologies, que proporcionen la capacitat necess\u00e0ria per aconseguir els reptes que es plantegen amb el treball diari.<br \/>\n[\/vc_column_text][\/vc_column][vc_column width=&#8221;1\/2&#8243;][vc_column_text]El tipus d&#8217;Infraestructures a tractar, \u00e9s tan ampli com el perfil dels nostres clients, pels quals es desenvolupen els projectes.<\/p>\n<p>Disposem del coneixement i la capacitat t\u00e8cnica per desenvolupar i liderar <strong>Projectes Globals<\/strong> de condicionament i disseny de la <strong>Infraestructura Tecnol\u00f2gica<\/strong> de principi a fi, proporcionant un servei de <strong>Clau en M\u00e0.<\/strong><br \/>\n[\/vc_column_text][\/vc_column][\/vc_row][mk_page_section video_loop=&#8221;false&#8221; padding_top=&#8221;60&#8243; padding_bottom=&#8221;60&#8243; top_shape_color=&#8221;#ffffff&#8221; bottom_shape_color=&#8221;#ffffff&#8221; sidebar=&#8221;sidebar-1&#8243;][vc_column][mk_fancy_title tag_name=&#8221;h3&#8243; size=&#8221;40&#8243; force_font_size=&#8221;true&#8221; size_tablet=&#8221;35&#8243; size_phone=&#8221;25&#8243; line_height=&#8221;90&#8243; margin_bottom=&#8221;0&#8243; font_family=&#8221;none&#8221; align=&#8221;center&#8221;]Solucions de Gesti\u00f3 de Projectes de IEAISA[\/mk_fancy_title][mk_padding_divider size=&#8221;20&#8243;][vc_row_inner el_class=&#8221;butllets&#8221;][vc_column_inner width=&#8221;1\/3&#8243;][vc_column_text]\n<ul>\n<li><a href=\"https:\/\/ieaisa.es\/ca\/solucions\/infraestructura\/transferencies-de-dades\/\"><strong>Solucions per Transfer\u00e8ncia de Dades<\/strong><\/a> (F.O., Cable Estructurat, Wireless\u2026).<\/li>\n<li><a href=\"https:\/\/ieaisa.es\/ca\/solucions\/infraestructura\/sistemes-dil%c2%b7luminacio\/\"><strong>Sistemas d\u2019 Il\u00b7luminaci\u00f3.<\/strong><\/a><\/li>\n<\/ul>\n[\/vc_column_text][\/vc_column_inner][vc_column_inner width=&#8221;1\/3&#8243;][vc_column_text]\n<ul>\n<li><a href=\"https:\/\/ieaisa.es\/ca\/solucions\/infraestructura\/supervisio-i-acces\/\"><strong>Solucions per Supervisi\u00f3\/Gesti\u00f3<\/strong><\/a> (Video Supervisi\u00f3, detecci\u00f3 i localitzaci\u00f3 d\u2019errors, acc\u00e9s perimetral\u2026).<\/li>\n<\/ul>\n[\/vc_column_text][\/vc_column_inner][vc_column_inner width=&#8221;1\/3&#8243;][vc_column_text]\n<ul>\n<li><a href=\"https:\/\/ieaisa.es\/ca\/solucions\/infraestructura\/arquitectura-data-center\/\"><strong>Solucions d\u2019Arquitectura per CPD\u2019s.<\/strong><\/a><\/li>\n<li><a href=\"https:\/\/ieaisa.es\/ca\/solucions\/infraestructura\/sistemes-delectricitat\/\"><strong>Sistemes d\u2019Electricitat Baixa\/Mitja Tensi\u00f3<\/strong><\/a><\/li>\n<\/ul>\n[\/vc_column_text][\/vc_column_inner][\/vc_row_inner][\/vc_column][\/mk_page_section][mk_page_section bg_image=&#8221;http:\/\/ieaisa.es\/wp-content\/uploads\/2017\/04\/gestion-proyectos.jpg&#8221; bg_repeat=&#8221;no-repeat&#8221; bg_stretch=&#8221;true&#8221; enable_3d=&#8221;true&#8221; video_loop=&#8221;false&#8221; padding_top=&#8221;60&#8243; padding_bottom=&#8221;60&#8243; top_shape_color=&#8221;#ffffff&#8221; bottom_shape_color=&#8221;#ffffff&#8221; sidebar=&#8221;sidebar-1&#8243;][vc_column][vc_row_inner css=&#8221;.vc_custom_1491818738452{padding-top: 50px !important;padding-right: 50px !important;padding-bottom: 50px !important;padding-left: 50px !important;background-color: rgba(255,255,255,0.94) !important;*background-color: rgb(255,255,255) !important;}&#8221;][vc_column_inner][mk_fancy_title tag_name=&#8221;h3&#8243; size=&#8221;40&#8243; force_font_size=&#8221;true&#8221; size_tablet=&#8221;35&#8243; size_phone=&#8221;25&#8243; line_height=&#8221;90&#8243; margin_bottom=&#8221;0&#8243; font_family=&#8221;none&#8221;]Plantejaments per a la Gesti\u00f3 de Projectes[\/mk_fancy_title][mk_padding_divider size=&#8221;20&#8243;][vc_column_text disable_pattern=&#8221;false&#8221;]\n<ul>\n<li>Noves Necessitats del Client.<\/li>\n<li>Recomanacions ja prescrites en auditories pr\u00e8vies.<\/li>\n<li>Modificaci\u00f3 d\u2019 Estructura actual.<\/li>\n<li>Resoluci\u00f3 de problem\u00e0tiques.<\/li>\n<li>Nous plantejaments proposats des de <strong>IEAISA<\/strong> als nostres Clients<\/li>\n<\/ul>\n[\/vc_column_text][\/vc_column_inner][\/vc_row_inner][\/vc_column][\/mk_page_section][mk_page_section bg_color=&#8221;#414141&#8243; video_loop=&#8221;false&#8221; padding_top=&#8221;50&#8243; padding_bottom=&#8221;50&#8243; el_class=&#8221;cta-formulario&#8221; sidebar=&#8221;sidebar-1&#8243;][vc_column width=&#8221;1\/2&#8243;][mk_fancy_title tag_name=&#8221;span&#8221; color=&#8221;#f4f4f4&#8243; size=&#8221;40&#8243; force_font_size=&#8221;true&#8221; size_smallscreen=&#8221;35&#8243; size_tablet=&#8221;30&#8243; size_phone=&#8221;25&#8243; font_weight=&#8221;400&#8243; margin_bottom=&#8221;&#8221; font_family=&#8221;Roboto&#8221; font_type=&#8221;google&#8221; el_class=&#8221;titulo-principal&#8221;]Contacti amb nosaltres[\/mk_fancy_title][mk_fancy_title tag_name=&#8221;span&#8221; color=&#8221;#f4f4f4&#8243; size=&#8221;20&#8243; force_font_size=&#8221;true&#8221; size_smallscreen=&#8221;20&#8243; size_tablet=&#8221;18&#8243; size_phone=&#8221;18&#8243; font_weight=&#8221;300&#8243; margin_bottom=&#8221;10&#8243; font_family=&#8221;Roboto&#8221; font_type=&#8221;google&#8221;]Demaneu m\u00e9s informaci\u00f3 del servei[\/mk_fancy_title][\/vc_column][vc_column width=&#8221;1\/2&#8243;][vc_raw_html]JTBBJTNDJTIxLS0lNUJpZiUyMGx0ZSUyMElFJTIwOCU1RCUzRSUwQSUzQ3NjcmlwdCUyMGNoYXJzZXQlM0QlMjJ1dGYtOCUyMiUyMHR5cGUlM0QlMjJ0ZXh0JTJGamF2YXNjcmlwdCUyMiUyMHNyYyUzRCUyMiUyRiUyRmpzLmhzZm9ybXMubmV0JTJGZm9ybXMlMkZ2Mi1sZWdhY3kuanMlMjIlM0UlM0MlMkZzY3JpcHQlM0UlMEElM0MlMjElNUJlbmRpZiU1RC0tJTNFJTBBJTNDc2NyaXB0JTIwY2hhcnNldCUzRCUyMnV0Zi04JTIyJTIwdHlwZSUzRCUyMnRleHQlMkZqYXZhc2NyaXB0JTIyJTIwc3JjJTNEJTIyJTJGJTJGanMuaHNmb3Jtcy5uZXQlMkZmb3JtcyUyRnYyLmpzJTIyJTNFJTNDJTJGc2NyaXB0JTNFJTBBJTNDc2NyaXB0JTNFJTBBJTIwJTIwaGJzcHQuZm9ybXMuY3JlYXRlJTI4JTdCJTIwJTBBJTIwJTIwJTIwJTIwY3NzJTNBJTIwJTI3JTI3JTJDJTBBJTIwJTIwJTIwJTIwcG9ydGFsSWQlM0ElMjAlMjcyODEwMDk4JTI3JTJDJTBBJTIwJTIwJTIwJTIwZm9ybUlkJTNBJTIwJTI3MTZkNzRmYmMtODY5NS00NWU3LWI3MDQtMmU1MzRlZTRjYTY0JTI3JTBBJTIwJTIwJTdEJTI5JTNCJTBBJTNDJTJGc2NyaXB0JTNFJTBB[\/vc_raw_html][\/vc_column][\/mk_page_section]\n","protected":false},"excerpt":{"rendered":"<p>[mk_page_section bg_image=&#8221;http:\/\/ieaisa.es\/wp-content\/uploads\/2017\/04\/gestion-de-proyectos.jpg&#8221; bg_position=&#8221;right center&#8221; bg_repeat=&#8221;no-repeat&#8221; bg_stretch=&#8221;true&#8221; video_loop=&#8221;false&#8221; video_color_mask=&#8221;#000000&#8243; video_opacity=&#8221;0.3&#8243; min_height=&#8221;350&#8243; js_vertical_centered=&#8221;true&#8221; padding_top=&#8221;0&#8243; padding_bottom=&#8221;0&#8243; sidebar=&#8221;sidebar-1&#8243;][vc_column][mk_padding_divider size=&#8221;100&#8243; visibility=&#8221;visible-dt&#8221;][mk_fancy_title tag_name=&#8221;h1&#8243; color=&#8221;#ffffff&#8221; size=&#8221;60&#8243; force_font_size=&#8221;true&#8221; size_tablet=&#8221;40&#8243; size_phone=&#8221;40&#8243; line_height=&#8221;90&#8243; font_weight=&#8221;400&#8243; letter_spacing=&#8221;1&#8243; margin_bottom=&#8221;&#8221; font_family=&#8221;Roboto&#8221; font_type=&#8221;google&#8221;]Gesti\u00f3 de projectes[\/mk_fancy_title][mk_fancy_title color=&#8221;#ffffff&#8221; size=&#8221;20&#8243; line_height=&#8221;90&#8243; font_weight=&#8221;300&#8243; font_family=&#8221;none&#8221;]IEAISA implementa solucions de gesti\u00f3de projectes de principi a fi[\/mk_fancy_title][\/vc_column][\/mk_page_section][vc_row][vc_column][mk_padding_divider size=&#8221;70&#8243;][\/vc_column][\/vc_row][vc_row][vc_column width=&#8221;1\/2&#8243;][vc_column_text]IEAISA disposa de la capacitat t\u00e8cnica, experi\u00e8ncia i coneixement del [&hellip;]<\/p>\n","protected":false},"author":2,"featured_media":0,"parent":2430,"menu_order":0,"comment_status":"closed","ping_status":"closed","template":"","meta":[],"_links":{"self":[{"href":"https:\/\/ieaisa.es\/ca\/wp-json\/wp\/v2\/pages\/2438"}],"collection":[{"href":"https:\/\/ieaisa.es\/ca\/wp-json\/wp\/v2\/pages"}],"about":[{"href":"https:\/\/ieaisa.es\/ca\/wp-json\/wp\/v2\/types\/page"}],"author":[{"embeddable":true,"href":"https:\/\/ieaisa.es\/ca\/wp-json\/wp\/v2\/users\/2"}],"replies":[{"embeddable":true,"href":"https:\/\/ieaisa.es\/ca\/wp-json\/wp\/v2\/comments?post=2438"}],"version-history":[{"count":0,"href":"https:\/\/ieaisa.es\/ca\/wp-json\/wp\/v2\/pages\/2438\/revisions"}],"up":[{"embeddable":true,"href":"https:\/\/ieaisa.es\/ca\/wp-json\/wp\/v2\/pages\/2430"}],"wp:attachment":[{"href":"https:\/\/ieaisa.es\/ca\/wp-json\/wp\/v2\/media?parent=2438"}],"curies":[{"name":"wp","href":"https:\/\/api.w.org\/{rel}","templated":true}]}}