{"id":2430,"date":"2017-11-16T12:48:43","date_gmt":"2017-11-16T12:48:43","guid":{"rendered":"http:\/\/ieaisa.es\/?page_id=2430\/"},"modified":"2017-11-16T12:48:43","modified_gmt":"2017-11-16T12:48:43","slug":"infraestructura","status":"publish","type":"page","link":"https:\/\/ieaisa.es\/ca\/solucions\/infraestructura\/","title":{"rendered":"Infraestructura"},"content":{"rendered":"[mk_page_section bg_image=&#8221;http:\/\/ieaisa.es\/wp-content\/uploads\/2017\/04\/infraestructura-ti.jpg&#8221; bg_position=&#8221;left center&#8221; bg_repeat=&#8221;no-repeat&#8221; bg_stretch=&#8221;true&#8221; video_loop=&#8221;false&#8221; video_opacity=&#8221;0.9&#8243; min_height=&#8221;350&#8243; js_vertical_centered=&#8221;true&#8221; padding_top=&#8221;0&#8243; padding_bottom=&#8221;0&#8243; sidebar=&#8221;sidebar-1&#8243;][vc_column][mk_padding_divider size=&#8221;100&#8243; visibility=&#8221;visible-dt&#8221;][mk_fancy_title tag_name=&#8221;h1&#8243; color=&#8221;#ffffff&#8221; size=&#8221;60&#8243; force_font_size=&#8221;true&#8221; size_tablet=&#8221;40&#8243; size_phone=&#8221;40&#8243; line_height=&#8221;90&#8243; font_weight=&#8221;400&#8243; letter_spacing=&#8221;1&#8243; margin_bottom=&#8221;&#8221; font_family=&#8221;none&#8221;]Infraestructura TI[\/mk_fancy_title][mk_fancy_title color=&#8221;#ffffff&#8221; size=&#8221;20&#8243; font_weight=&#8221;300&#8243; font_family=&#8221;Roboto&#8221; font_type=&#8221;google&#8221;]Capacitat, seguretat, optimitzaci\u00f3 i reducci\u00f3 de la despesa en Infraestructura TI[\/mk_fancy_title][\/vc_column][\/mk_page_section][vc_row fullwidth=&#8221;true&#8221; css=&#8221;.vc_custom_1496910906101{padding-top: 25px !important;padding-bottom: 21px !important;background-color: #ff6500 !important;}&#8221; el_class=&#8221;cta-catalogos cta-catalogos-hubspot&#8221;][vc_column width=&#8221;1\/2&#8243;][vc_column_text align=&#8221;right&#8221; el_class=&#8221;blink&#8221;]\n<p style=\"text-align: center;\">Descarregui ara el <strong>cat\u00e0leg de INFRAESTRUCTURA TI<\/strong><\/p>\n[\/vc_column_text][\/vc_column][vc_column width=&#8221;1\/2&#8243;][vc_raw_html]JTNDJTIxLS0lNUJpZiUyMGx0ZSUyMElFJTIwOCU1RCUzRSUwQSUzQ3NjcmlwdCUyMGNoYXJzZXQlM0QlMjJ1dGYtOCUyMiUyMHR5cGUlM0QlMjJ0ZXh0JTJGamF2YXNjcmlwdCUyMiUyMHNyYyUzRCUyMiUyRiUyRmpzLmhzZm9ybXMubmV0JTJGZm9ybXMlMkZ2Mi1sZWdhY3kuanMlMjIlM0UlM0MlMkZzY3JpcHQlM0UlMEElM0MlMjElNUJlbmRpZiU1RC0tJTNFJTBBJTNDc2NyaXB0JTIwY2hhcnNldCUzRCUyMnV0Zi04JTIyJTIwdHlwZSUzRCUyMnRleHQlMkZqYXZhc2NyaXB0JTIyJTIwc3JjJTNEJTIyJTJGJTJGanMuaHNmb3Jtcy5uZXQlMkZmb3JtcyUyRnYyLmpzJTIyJTNFJTNDJTJGc2NyaXB0JTNFJTBBJTNDc2NyaXB0JTNFJTBBJTIwJTIwaGJzcHQuZm9ybXMuY3JlYXRlJTI4JTdCJTIwJTBBJTIwJTIwJTIwJTIwY3NzJTNBJTIwJTI3JTI3JTJDJTBBJTIwJTIwJTIwJTIwcG9ydGFsSWQlM0ElMjAlMjcyODEwMDk4JTI3JTJDJTBBJTIwJTIwJTIwJTIwZm9ybUlkJTNBJTIwJTI3ODA5ZmRhMDAtNjg4Yi00YWJiLWI5ZDQtNDc1MmYxMWJmMzFiJTI3JTBBJTIwJTIwJTdEJTI5JTNCJTBBJTNDJTJGc2NyaXB0JTNFJTBB[\/vc_raw_html][\/vc_column][\/vc_row][vc_row][vc_column][mk_padding_divider size=&#8221;70&#8243;][\/vc_column][\/vc_row][vc_row][vc_column width=&#8221;1\/2&#8243;][vc_column_text]<strong>IEAISA<\/strong> desenvolupa <strong>projectes integrals d&#8217;enginyeria i infraestructures IT<\/strong>, per tal d&#8217;assolir l&#8217;equilibri en la despesa, necessitat i recursos en una clara orientaci\u00f3 al client. <em>IEAISA<\/em> est\u00e0 present en totes les fases del projecte.[\/vc_column_text][\/vc_column][vc_column width=&#8221;1\/2&#8243;][vc_column_text]Disposem del coneixement i la capacitat t\u00e8cnica per desenvolupar i liderar <strong>Projectes Globals<\/strong> de condicionament i disseny de la <strong>Infraestructura<\/strong> <strong>Tecnol\u00f3gica<\/strong> de principi a fi, proporcionant un servei de <strong>Clau en M\u00e0.<\/strong>[\/vc_column_text][\/vc_column][\/vc_row][vc_row][vc_column][mk_padding_divider size=&#8221;50&#8243;][\/vc_column][\/vc_row][vc_row][vc_column][mk_padding_divider size=&#8221;70&#8243;][\/vc_column][\/vc_row][mk_page_section bg_color=&#8221;#f4f4f4&#8243; padding_top=&#8221;70&#8243; padding_bottom=&#8221;70&#8243; el_class=&#8221;caja-secciones2&#8243; sidebar=&#8221;sidebar-1&#8243;][vc_column width=&#8221;1\/3&#8243;][mk_image src=&#8221;http:\/\/ieaisa.es\/wp-content\/uploads\/2017\/04\/gestion-proyectos.png&#8221; image_size=&#8221;full&#8221; link=&#8221;http:\/\/ieaisa.es\/soluciones\/infraestructura\/gestion-de-proyectos\/&#8221; margin_bottom=&#8221;15&#8243;][mk_fancy_title tag_name=&#8221;h3&#8243; color=&#8221;#2e85bb&#8221; size=&#8221;20&#8243; font_weight=&#8221;300&#8243; txt_transform=&#8221;uppercase&#8221; margin_bottom=&#8221;10&#8243; font_family=&#8221;Raleway&#8221; font_type=&#8221;google&#8221;]<a href=\"http:\/\/ieaisa.es\/ca\/solucions\/infraestructura\/gestio-de-projectes\/\">Gesti\u00f3 de projectes<\/a>[\/mk_fancy_title][vc_column_text]Disposem del coneixement i l&#8217;experi\u00e8ncia per desenvolupar i liderar projectes totalment clau en m\u00e0 de m\u00faltiples \u00e0rees d&#8217;enginyeria com a sistemes d&#8217;electricitat, il\u00b7luminaci\u00f3, CPD, etc.[\/vc_column_text][\/vc_column][vc_column width=&#8221;1\/3&#8243;][mk_image src=&#8221;http:\/\/ieaisa.es\/wp-content\/uploads\/2017\/04\/transferencia-de-datos.png&#8221; image_size=&#8221;full&#8221; link=&#8221;http:\/\/ieaisa.es\/soluciones\/infraestructura\/transferencias-de-datos\/&#8221; margin_bottom=&#8221;15&#8243;][mk_fancy_title tag_name=&#8221;h3&#8243; color=&#8221;#2e85bb&#8221; size=&#8221;20&#8243; font_weight=&#8221;300&#8243; txt_transform=&#8221;uppercase&#8221; margin_bottom=&#8221;10&#8243; font_family=&#8221;Raleway&#8221; font_type=&#8221;google&#8221;]<a href=\"http:\/\/ieaisa.es\/ca\/solucions\/infraestructura\/transferencies-de-dades\/\">Transfer\u00e9ncia de dades<\/a>[\/mk_fancy_title][vc_column_text]Dissenyem i implementem el millor model d&#8217;infraestructura de xarxa per a la seva organitzaci\u00f3 (LAN, WAN, FO, Wifi, Wimax) per disposar d&#8217;una tecnologia fiable per garantir els intercanvis d&#8217;informaci\u00f3.[\/vc_column_text][\/vc_column][vc_column width=&#8221;1\/3&#8243;][mk_image src=&#8221;http:\/\/ieaisa.es\/wp-content\/uploads\/2017\/04\/arquitectura-datacenter.png&#8221; image_size=&#8221;full&#8221; link=&#8221;http:\/\/ieaisa.es\/soluciones\/infraestructura\/arquitectura-datacenter\/&#8221; margin_bottom=&#8221;15&#8243;][mk_fancy_title tag_name=&#8221;h3&#8243; color=&#8221;#2e85bb&#8221; size=&#8221;20&#8243; font_weight=&#8221;300&#8243; txt_transform=&#8221;uppercase&#8221; margin_bottom=&#8221;10&#8243; font_family=&#8221;Raleway&#8221; font_type=&#8221;google&#8221;]<a href=\"https:\/\/ieaisa.es\/ca\/solucions\/infraestructura\/arquitectura-data-center\/\">Arquitectura\u00a0Data Center<\/a>[\/mk_fancy_title][vc_column_text]Solucions globals per a centres de dades que inclouen des del disseny del CPD, instal\u00b7laci\u00f3 d&#8217;armaris, patch pannel s de veu i dades, canalitzacions, climatitzaci\u00f3 de sales i control d&#8217;acc\u00e9s.[\/vc_column_text][\/vc_column][vc_column][mk_padding_divider size=&#8221;20&#8243;][\/vc_column][vc_column width=&#8221;1\/3&#8243;][mk_image src=&#8221;http:\/\/ieaisa.es\/wp-content\/uploads\/2017\/04\/sistemas-de-iluminacion.png&#8221; image_size=&#8221;full&#8221; link=&#8221;http:\/\/ieaisa.es\/soluciones\/infraestructura\/sistemas-de-iluminacion\/&#8221; margin_bottom=&#8221;15&#8243;][mk_fancy_title tag_name=&#8221;h3&#8243; color=&#8221;#2e85bb&#8221; size=&#8221;20&#8243; font_weight=&#8221;300&#8243; txt_transform=&#8221;uppercase&#8221; margin_bottom=&#8221;10&#8243; font_family=&#8221;Raleway&#8221; font_type=&#8221;google&#8221;]<a href=\"http:\/\/ieaisa.es\/ca\/solucions\/infraestructura\/sistemes-dil\u00b7luminacio\/\">Sistemes d\u2019Il\u00b7luminaci\u00f3<\/a>[\/mk_fancy_title][vc_column_text]IEAISA disposa d&#8217;un equip especialitzat en estudis luminot\u00e8cnics per a noves instal\u00b7lacions o perqu\u00e8 una revisi\u00f3 o modificaci\u00f3 de les existents. Podem implementar sistemes de baix consum, fibra \u00f2ptima lluminosa, LED, etc.[\/vc_column_text][\/vc_column][vc_column width=&#8221;1\/3&#8243;][mk_image src=&#8221;http:\/\/ieaisa.es\/wp-content\/uploads\/2017\/04\/sistemas-electricidad.png&#8221; image_size=&#8221;full&#8221; link=&#8221;http:\/\/ieaisa.es\/soluciones\/infraestructura\/sistemas-de-electricidad\/&#8221; margin_bottom=&#8221;15&#8243;][mk_fancy_title tag_name=&#8221;h3&#8243; color=&#8221;#2e85bb&#8221; size=&#8221;20&#8243; font_weight=&#8221;300&#8243; txt_transform=&#8221;uppercase&#8221; margin_bottom=&#8221;10&#8243; font_family=&#8221;Raleway&#8221; font_type=&#8221;google&#8221;]<a href=\"http:\/\/ieaisa.es\/ca\/solucions\/infraestructura\/sistemes-delectricitat\/\">Sistemes d&#8217;Electricitat<\/a>[\/mk_fancy_title][vc_column_text]Les nostres solucions i serveis d&#8217;electricitat ens permeten dur a terme projectes de disseny d&#8217;esquemes unifilars, instal\u00b7laci\u00f3 de quadres el\u00e8ctrics, grups electr\u00f2gens, instal\u00b7laci\u00f3 de cablejat, etc.[\/vc_column_text][\/vc_column][vc_column width=&#8221;1\/3&#8243;][mk_image src=&#8221;http:\/\/ieaisa.es\/wp-content\/uploads\/2017\/04\/acceso-y-supervision.png&#8221; image_size=&#8221;full&#8221; link=&#8221;http:\/\/ieaisa.es\/soluciones\/infraestructura\/supervision-y-acceso\/&#8221; margin_bottom=&#8221;15&#8243;][mk_fancy_title tag_name=&#8221;h3&#8243; color=&#8221;#2e85bb&#8221; size=&#8221;20&#8243; font_weight=&#8221;300&#8243; txt_transform=&#8221;uppercase&#8221; margin_bottom=&#8221;10&#8243; font_family=&#8221;Raleway&#8221; font_type=&#8221;google&#8221;]<a href=\"http:\/\/ieaisa.es\/ca\/solucions\/infraestructura\/supervisio-i-acces\/\">Supervisi\u00f3 i Acc\u00e9s<\/a>[\/mk_fancy_title][vc_column_text]Per evitar fugues d&#8217;informaci\u00f3 i accessos no autoritzats vam dissenyar complets sistemes de seguretat f\u00edsica amb control biom\u00e8tric, videovigil\u00e0ncia, etc.[\/vc_column_text][\/vc_column][\/mk_page_section]\n","protected":false},"excerpt":{"rendered":"<p>[mk_page_section bg_image=&#8221;http:\/\/ieaisa.es\/wp-content\/uploads\/2017\/04\/infraestructura-ti.jpg&#8221; bg_position=&#8221;left center&#8221; bg_repeat=&#8221;no-repeat&#8221; bg_stretch=&#8221;true&#8221; video_loop=&#8221;false&#8221; video_opacity=&#8221;0.9&#8243; min_height=&#8221;350&#8243; js_vertical_centered=&#8221;true&#8221; padding_top=&#8221;0&#8243; padding_bottom=&#8221;0&#8243; sidebar=&#8221;sidebar-1&#8243;][vc_column][mk_padding_divider size=&#8221;100&#8243; visibility=&#8221;visible-dt&#8221;][mk_fancy_title tag_name=&#8221;h1&#8243; color=&#8221;#ffffff&#8221; size=&#8221;60&#8243; force_font_size=&#8221;true&#8221; size_tablet=&#8221;40&#8243; size_phone=&#8221;40&#8243; line_height=&#8221;90&#8243; font_weight=&#8221;400&#8243; letter_spacing=&#8221;1&#8243; margin_bottom=&#8221;&#8221; font_family=&#8221;none&#8221;]Infraestructura TI[\/mk_fancy_title][mk_fancy_title color=&#8221;#ffffff&#8221; size=&#8221;20&#8243; font_weight=&#8221;300&#8243; font_family=&#8221;Roboto&#8221; font_type=&#8221;google&#8221;]Capacitat, seguretat, optimitzaci\u00f3 i reducci\u00f3 de la despesa en Infraestructura TI[\/mk_fancy_title][\/vc_column][\/mk_page_section][vc_row fullwidth=&#8221;true&#8221; css=&#8221;.vc_custom_1496910906101{padding-top: 25px !important;padding-bottom: 21px !important;background-color: #ff6500 !important;}&#8221; el_class=&#8221;cta-catalogos cta-catalogos-hubspot&#8221;][vc_column width=&#8221;1\/2&#8243;][vc_column_text align=&#8221;right&#8221; el_class=&#8221;blink&#8221;] [&hellip;]<\/p>\n","protected":false},"author":2,"featured_media":0,"parent":2416,"menu_order":0,"comment_status":"closed","ping_status":"closed","template":"","meta":[],"_links":{"self":[{"href":"https:\/\/ieaisa.es\/ca\/wp-json\/wp\/v2\/pages\/2430"}],"collection":[{"href":"https:\/\/ieaisa.es\/ca\/wp-json\/wp\/v2\/pages"}],"about":[{"href":"https:\/\/ieaisa.es\/ca\/wp-json\/wp\/v2\/types\/page"}],"author":[{"embeddable":true,"href":"https:\/\/ieaisa.es\/ca\/wp-json\/wp\/v2\/users\/2"}],"replies":[{"embeddable":true,"href":"https:\/\/ieaisa.es\/ca\/wp-json\/wp\/v2\/comments?post=2430"}],"version-history":[{"count":0,"href":"https:\/\/ieaisa.es\/ca\/wp-json\/wp\/v2\/pages\/2430\/revisions"}],"up":[{"embeddable":true,"href":"https:\/\/ieaisa.es\/ca\/wp-json\/wp\/v2\/pages\/2416"}],"wp:attachment":[{"href":"https:\/\/ieaisa.es\/ca\/wp-json\/wp\/v2\/media?parent=2430"}],"curies":[{"name":"wp","href":"https:\/\/api.w.org\/{rel}","templated":true}]}}