{"id":2419,"date":"2017-11-14T14:08:37","date_gmt":"2017-11-14T14:08:37","guid":{"rendered":"http:\/\/ieaisa.es\/?page_id=2419\/"},"modified":"2017-11-30T08:43:31","modified_gmt":"2017-11-30T08:43:31","slug":"beneficis-del-cloud","status":"publish","type":"page","link":"https:\/\/ieaisa.es\/ca\/solucions\/cloud\/beneficis-del-cloud\/","title":{"rendered":"Beneficis del cloud"},"content":{"rendered":"[mk_page_section bg_image=&#8221;http:\/\/ieaisa.es\/wp-content\/uploads\/2017\/04\/soluciones-cloud-a-medida.jpg&#8221; bg_position=&#8221;right bottom&#8221; bg_repeat=&#8221;no-repeat&#8221; bg_stretch=&#8221;true&#8221; video_loop=&#8221;false&#8221; video_color_mask=&#8221;#000000&#8243; video_opacity=&#8221;0.3&#8243; min_height=&#8221;350&#8243; js_vertical_centered=&#8221;true&#8221; padding_top=&#8221;55&#8243; sidebar=&#8221;sidebar-1&#8243;][vc_column][mk_padding_divider size=&#8221;100&#8243; visibility=&#8221;visible-dt&#8221;][mk_fancy_title tag_name=&#8221;h1&#8243; color=&#8221;#ffffff&#8221; size=&#8221;60&#8243; force_font_size=&#8221;true&#8221; size_tablet=&#8221;40&#8243; size_phone=&#8221;40&#8243; line_height=&#8221;90&#8243; font_weight=&#8221;400&#8243; letter_spacing=&#8221;1&#8243; margin_bottom=&#8221;&#8221; font_family=&#8221;none&#8221;]Els beneficis del Cloud[\/mk_fancy_title][mk_fancy_title color=&#8221;#ffffff&#8221; size=&#8221;20&#8243; font_family=&#8221;none&#8221;]Un model de TI que redueix costos i millora la resili\u00e8ncia[\/mk_fancy_title][\/vc_column][\/mk_page_section][vc_row][vc_column][mk_padding_divider size=&#8221;70&#8243;][\/vc_column][\/vc_row][vc_row][vc_column width=&#8221;5\/12&#8243;][mk_fancy_title size=&#8221;40&#8243; force_font_size=&#8221;true&#8221; size_tablet=&#8221;30&#8243; font_weight=&#8221;300&#8243; font_family=&#8221;none&#8221;]Quins beneficis em proporciona el Cloud?[\/mk_fancy_title][\/vc_column][vc_column width=&#8221;7\/12&#8243;][vc_column_text]El model tecnol\u00f2gic del <strong>cloud computing<\/strong> proporciona un conjunt de recursos sota demanda a trav\u00e9s d&#8217;Internet que poden ser r\u00e0pidament configurats per un prove\u00efdor de tercers o amb una infraestructura pr\u00f2pia.<\/p>\n<p>El model escollit pot variar en gran manera els avantatges que pot proporcionar encara que, en tots els escenaris, l&#8217;estalvi energ\u00e8tic, operatiu i de capital solen estar garantits. A m\u00e9s, amb una <strong>cloud p\u00fablica<\/strong>, el cost i risc de la infraestructura es transfereix al prove\u00efdor.<\/p>\n<p>Et presentem perqu\u00e8 el <strong>cloud computing<\/strong> suposa un model ideal per implementar en les empreses i com repercuteix beneficiosament en costos, seguretat i disponibilitat.[\/vc_column_text][\/vc_column][\/vc_row][vc_row][vc_column][mk_padding_divider size=&#8221;70&#8243;][\/vc_column][\/vc_row][mk_page_section bg_image=&#8221;http:\/\/ieaisa.es\/wp-content\/uploads\/2016\/04\/cloud.jpg&#8221; attachment=&#8221;fixed&#8221; bg_position=&#8221;right center&#8221; bg_repeat=&#8221;no-repeat&#8221; bg_stretch=&#8221;true&#8221; video_loop=&#8221;false&#8221; video_color_mask=&#8221;#0a0a0a&#8221; video_opacity=&#8221;0.5&#8243; js_vertical_centered=&#8221;true&#8221; padding_top=&#8221;60&#8243; padding_bottom=&#8221;60&#8243; top_shape_color=&#8221;#ffffff&#8221; bottom_shape_color=&#8221;#ffffff&#8221; el_class=&#8221;beneficios-cloud&#8221; sidebar=&#8221;sidebar-1&#8243;][vc_column][mk_fancy_title tag_name=&#8221;h3&#8243; color=&#8221;#ffffff&#8221; size=&#8221;40&#8243; force_font_size=&#8221;true&#8221; size_tablet=&#8221;35&#8243; size_phone=&#8221;25&#8243; line_height=&#8221;90&#8243; font_weight=&#8221;bold&#8221; font_family=&#8221;none&#8221; align=&#8221;center&#8221;]Beneficis d\u2019un Model de Cloud en <em>Daas <\/em>per empreses[\/mk_fancy_title][\/vc_column][vc_column width=&#8221;1\/3&#8243; css=&#8221;.vc_custom_1498220983460{border-right-width: 1px !important;padding-top: 20px !important;padding-right: 20px !important;padding-bottom: 20px !important;padding-left: 20px !important;background-color: #ffffff !important;border-right-color: #cccccc !important;border-right-style: solid !important;}&#8221; el_class=&#8221;equal-colums&#8221;][mk_fancy_title strip_tags=&#8221;true&#8221; tag_name=&#8221;h3&#8243; color=&#8221;#2e85bb&#8221; size=&#8221;24&#8243; font_weight=&#8221;300&#8243; margin_bottom=&#8221;0&#8243; font_family=&#8221;none&#8221;]Costos i movilitat[\/mk_fancy_title][vc_column_text]\n<ul>\n<li>Sense inversi\u00f3n inicial.<\/li>\n<li>Model de pas per \u00fas dels recursos.<\/li>\n<li>Estalvi directe en consum energ\u00e8tic.<\/li>\n<li>Infraestructura i risc transferit al prove\u00efdor.<\/li>\n<li>No es requereix adquirir costosa infraestructura nova.<\/li>\n<\/ul>\n[\/vc_column_text][\/vc_column][vc_column width=&#8221;1\/3&#8243; css=&#8221;.vc_custom_1498221001188{border-right-width: 1px !important;padding-top: 20px !important;padding-right: 20px !important;padding-bottom: 20px !important;padding-left: 20px !important;background-color: #ffffff !important;border-right-color: #cccccc !important;border-right-style: solid !important;}&#8221; el_class=&#8221;equal-colums&#8221;][mk_fancy_title strip_tags=&#8221;true&#8221; tag_name=&#8221;h3&#8243; color=&#8221;#2e85bb&#8221; size=&#8221;24&#8243; font_weight=&#8221;300&#8243; margin_bottom=&#8221;0&#8243; font_family=&#8221;none&#8221;]Disponibilitat [\/mk_fancy_title][vc_column_text el_class=&#8221;equalcols&#8221;]\n<ul>\n<li>Totes les aplicacions es manetnen actualitzades.<\/li>\n<li>No hi ha interrupcions ni aturades.<\/li>\n<li>Reducci\u00f3 de les incid\u00e8ncies derivades de l\u2019\u00fas.<\/li>\n<li>Temps de recuperaci\u00f3 m\u00e9s r\u00e0pids.<\/li>\n<li>Escalabilitat senzilla cap amunt i cap avall.<\/li>\n<\/ul>\n[\/vc_column_text][\/vc_column][vc_column width=&#8221;1\/3&#8243; css=&#8221;.vc_custom_1498464234925{padding-top: 20px !important;padding-right: 20px !important;padding-bottom: 20px !important;padding-left: 20px !important;background-color: #ffffff !important;}&#8221; el_class=&#8221;equal-colums&#8221;][mk_fancy_title strip_tags=&#8221;true&#8221; tag_name=&#8221;h3&#8243; color=&#8221;#2e85bb&#8221; size=&#8221;24&#8243; font_weight=&#8221;300&#8243; margin_bottom=&#8221;0&#8243; font_family=&#8221;none&#8221;]Seguretat[\/mk_fancy_title][vc_column_text disable_pattern=&#8221;false&#8221; el_class=&#8221;equalcols&#8221;]\n<ul>\n<li>Models de seguretat en movilitat millorats.<\/li>\n<li>Dades segures i conforme a la governan\u00e7a.<\/li>\n<li>Backup diari i Disaster Recovery garantit.<\/li>\n<li>M\u00e0xim nivell de seguretat. Les dades es mantenen en el CPD y cumpleixen al 100% amb la LOPD<\/li>\n<\/ul>\n[\/vc_column_text][\/vc_column][\/mk_page_section][vc_row][vc_column][mk_padding_divider size=&#8221;80&#8243;][\/vc_column][\/vc_row][vc_row][vc_column width=&#8221;1\/6&#8243;][\/vc_column][vc_column width=&#8221;2\/3&#8243;][mk_fancy_title strip_tags=&#8221;true&#8221; color=&#8221;#2e85bb&#8221; size=&#8221;35&#8243; force_font_size=&#8221;true&#8221; size_tablet=&#8221;35&#8243; size_phone=&#8221;25&#8243; line_height=&#8221;90&#8243; font_weight=&#8221;300&#8243; font_family=&#8221;Ubuntu&#8221; font_type=&#8221;google&#8221; align=&#8221;center&#8221;]IEAISA, un prove\u00efdor de cloud computing a Barcelona[\/mk_fancy_title][vc_column_text]\n<p style=\"text-align: center;\"><strong>La proximitat geogr\u00e0fica \u00e9s un valor afegit de IEAISA. <\/strong>Gr\u00e0cies al nostre ampli equip professional, tant t\u00e8cnic com a comercial, anem a respondre d&#8217;una forma totalment personalitzada a qualsevol dubte, consulta o incid\u00e8ncia que li pugui sorgir d&#8217;una forma totalment personalitzada. Sense tel\u00e8fons 902 ni Call Centers.<\/p>\n[\/vc_column_text][\/vc_column][vc_column width=&#8221;1\/6&#8243;][\/vc_column][\/vc_row][vc_row][vc_column][mk_padding_divider size=&#8221;80&#8243;][\/vc_column][\/vc_row][mk_page_section bg_color=&#8221;#414141&#8243; video_loop=&#8221;false&#8221; padding_top=&#8221;50&#8243; padding_bottom=&#8221;50&#8243; el_class=&#8221;cta-formulario&#8221; sidebar=&#8221;sidebar-1&#8243;][vc_column width=&#8221;1\/2&#8243;][mk_fancy_title tag_name=&#8221;span&#8221; color=&#8221;#f4f4f4&#8243; size=&#8221;40&#8243; force_font_size=&#8221;true&#8221; size_smallscreen=&#8221;35&#8243; size_tablet=&#8221;30&#8243; size_phone=&#8221;25&#8243; font_weight=&#8221;400&#8243; margin_bottom=&#8221;&#8221; font_family=&#8221;Roboto&#8221; font_type=&#8221;google&#8221; el_class=&#8221;titulo-principal&#8221;]Contacti amb nosaltres[\/mk_fancy_title][mk_fancy_title tag_name=&#8221;span&#8221; color=&#8221;#f4f4f4&#8243; size=&#8221;20&#8243; force_font_size=&#8221;true&#8221; size_smallscreen=&#8221;20&#8243; size_tablet=&#8221;18&#8243; size_phone=&#8221;18&#8243; font_weight=&#8221;300&#8243; margin_bottom=&#8221;10&#8243; font_family=&#8221;Roboto&#8221; font_type=&#8221;google&#8221;]Demaneu m\u00e9s informaci\u00f3 del servei[\/mk_fancy_title][\/vc_column][vc_column width=&#8221;1\/2&#8243;][vc_raw_html]JTNDJTIxLS0lNUJpZiUyMGx0ZSUyMElFJTIwOCU1RCUzRSUwQSUzQ3NjcmlwdCUyMGNoYXJzZXQlM0QlMjJ1dGYtOCUyMiUyMHR5cGUlM0QlMjJ0ZXh0JTJGamF2YXNjcmlwdCUyMiUyMHNyYyUzRCUyMiUyRiUyRmpzLmhzZm9ybXMubmV0JTJGZm9ybXMlMkZ2Mi1sZWdhY3kuanMlMjIlM0UlM0MlMkZzY3JpcHQlM0UlMEElM0MlMjElNUJlbmRpZiU1RC0tJTNFJTBBJTNDc2NyaXB0JTIwY2hhcnNldCUzRCUyMnV0Zi04JTIyJTIwdHlwZSUzRCUyMnRleHQlMkZqYXZhc2NyaXB0JTIyJTIwc3JjJTNEJTIyJTJGJTJGanMuaHNmb3Jtcy5uZXQlMkZmb3JtcyUyRnYyLmpzJTIyJTNFJTNDJTJGc2NyaXB0JTNFJTBBJTNDc2NyaXB0JTNFJTBBJTIwJTIwaGJzcHQuZm9ybXMuY3JlYXRlJTI4JTdCJTIwJTBBJTIwJTIwJTIwJTIwY3NzJTNBJTIwJTI3JTI3JTJDJTBBJTIwJTIwJTIwJTIwcG9ydGFsSWQlM0ElMjAlMjcyODEwMDk4JTI3JTJDJTBBJTIwJTIwJTIwJTIwZm9ybUlkJTNBJTIwJTI3MmQyYTVhZGQtNDRkZS00ZGJiLThjODYtOWYxZjU0YjcyMmVjJTI3JTBBJTIwJTIwJTdEJTI5JTNCJTBBJTNDJTJGc2NyaXB0JTNFJTBB[\/vc_raw_html][\/vc_column][\/mk_page_section]\n","protected":false},"excerpt":{"rendered":"<p>[mk_page_section bg_image=&#8221;http:\/\/ieaisa.es\/wp-content\/uploads\/2017\/04\/soluciones-cloud-a-medida.jpg&#8221; bg_position=&#8221;right bottom&#8221; bg_repeat=&#8221;no-repeat&#8221; bg_stretch=&#8221;true&#8221; video_loop=&#8221;false&#8221; video_color_mask=&#8221;#000000&#8243; video_opacity=&#8221;0.3&#8243; min_height=&#8221;350&#8243; js_vertical_centered=&#8221;true&#8221; padding_top=&#8221;55&#8243; sidebar=&#8221;sidebar-1&#8243;][vc_column][mk_padding_divider size=&#8221;100&#8243; visibility=&#8221;visible-dt&#8221;][mk_fancy_title tag_name=&#8221;h1&#8243; color=&#8221;#ffffff&#8221; size=&#8221;60&#8243; force_font_size=&#8221;true&#8221; size_tablet=&#8221;40&#8243; size_phone=&#8221;40&#8243; line_height=&#8221;90&#8243; font_weight=&#8221;400&#8243; letter_spacing=&#8221;1&#8243; margin_bottom=&#8221;&#8221; font_family=&#8221;none&#8221;]Els beneficis del Cloud[\/mk_fancy_title][mk_fancy_title color=&#8221;#ffffff&#8221; size=&#8221;20&#8243; font_family=&#8221;none&#8221;]Un model de TI que redueix costos i millora la resili\u00e8ncia[\/mk_fancy_title][\/vc_column][\/mk_page_section][vc_row][vc_column][mk_padding_divider size=&#8221;70&#8243;][\/vc_column][\/vc_row][vc_row][vc_column width=&#8221;5\/12&#8243;][mk_fancy_title size=&#8221;40&#8243; force_font_size=&#8221;true&#8221; size_tablet=&#8221;30&#8243; font_weight=&#8221;300&#8243; font_family=&#8221;none&#8221;]Quins beneficis em proporciona el Cloud?[\/mk_fancy_title][\/vc_column][vc_column width=&#8221;7\/12&#8243;][vc_column_text]El [&hellip;]<\/p>\n","protected":false},"author":2,"featured_media":0,"parent":2417,"menu_order":0,"comment_status":"closed","ping_status":"closed","template":"","meta":[],"_links":{"self":[{"href":"https:\/\/ieaisa.es\/ca\/wp-json\/wp\/v2\/pages\/2419"}],"collection":[{"href":"https:\/\/ieaisa.es\/ca\/wp-json\/wp\/v2\/pages"}],"about":[{"href":"https:\/\/ieaisa.es\/ca\/wp-json\/wp\/v2\/types\/page"}],"author":[{"embeddable":true,"href":"https:\/\/ieaisa.es\/ca\/wp-json\/wp\/v2\/users\/2"}],"replies":[{"embeddable":true,"href":"https:\/\/ieaisa.es\/ca\/wp-json\/wp\/v2\/comments?post=2419"}],"version-history":[{"count":0,"href":"https:\/\/ieaisa.es\/ca\/wp-json\/wp\/v2\/pages\/2419\/revisions"}],"up":[{"embeddable":true,"href":"https:\/\/ieaisa.es\/ca\/wp-json\/wp\/v2\/pages\/2417"}],"wp:attachment":[{"href":"https:\/\/ieaisa.es\/ca\/wp-json\/wp\/v2\/media?parent=2419"}],"curies":[{"name":"wp","href":"https:\/\/api.w.org\/{rel}","templated":true}]}}