{"id":2418,"date":"2017-11-14T12:48:34","date_gmt":"2017-11-14T12:48:34","guid":{"rendered":"http:\/\/ieaisa.es\/?page_id=2418\/"},"modified":"2017-11-30T08:40:41","modified_gmt":"2017-11-30T08:40:41","slug":"que-es-el-cloud-computing","status":"publish","type":"page","link":"https:\/\/ieaisa.es\/ca\/solucions\/cloud\/que-es-el-cloud-computing\/","title":{"rendered":"Qu\u00e8 \u00e9s el Cloud Computing"},"content":{"rendered":"[mk_page_section bg_image=&#8221;http:\/\/ieaisa.es\/wp-content\/uploads\/2017\/04\/soluciones-cloud-a-medida.jpg&#8221; bg_position=&#8221;right bottom&#8221; bg_repeat=&#8221;no-repeat&#8221; bg_stretch=&#8221;true&#8221; video_loop=&#8221;false&#8221; video_color_mask=&#8221;#000000&#8243; video_opacity=&#8221;0.3&#8243; min_height=&#8221;350&#8243; js_vertical_centered=&#8221;true&#8221; padding_top=&#8221;55&#8243; sidebar=&#8221;sidebar-1&#8243;][vc_column][mk_padding_divider size=&#8221;100&#8243; visibility=&#8221;visible-dt&#8221;][mk_fancy_title tag_name=&#8221;h1&#8243; color=&#8221;#ffffff&#8221; size=&#8221;60&#8243; force_font_size=&#8221;true&#8221; size_tablet=&#8221;40&#8243; size_phone=&#8221;40&#8243; line_height=&#8221;90&#8243; font_weight=&#8221;400&#8243; letter_spacing=&#8221;1&#8243; margin_bottom=&#8221;&#8221; font_family=&#8221;none&#8221;]\u00bfQu\u00e8 \u00e9s el Cloud Computing?[\/mk_fancy_title][mk_fancy_title color=&#8221;#ffffff&#8221; size=&#8221;20&#8243; font_family=&#8221;none&#8221;]Processament basat en Internet amb recursos virtualitzats[\/mk_fancy_title][\/vc_column][\/mk_page_section][vc_row][vc_column][mk_padding_divider size=&#8221;70&#8243;][\/vc_column][\/vc_row][vc_row][vc_column width=&#8221;1\/2&#8243;][mk_fancy_title size=&#8221;40&#8243; force_font_size=&#8221;true&#8221; size_tablet=&#8221;30&#8243; font_weight=&#8221;300&#8243; font_family=&#8221;none&#8221;]Qu\u00e8 es el cloud computing [\/mk_fancy_title][\/vc_column][vc_column width=&#8221;1\/2&#8243;][vc_column_text]<strong>Cloud Computing<\/strong> \u00e9s el desenvolupament i la utilitzaci\u00f3 de capacitat de processament computacional basat en Internet (el \u201cn\u00favol\u201d). El concepte \u00e9s un canvi de paradigma, a trav\u00e9s del com els usuaris ja no necessiten comptar amb coneixements, experi\u00e8ncia o control sobre la infraestructura tecnol\u00f2gica que es troba \u201cen el n\u00favol\u201d, la mateixa que suporta les seves activitats. Aquest concepte involucra t\u00edpicament la provisi\u00f3 de recursos f\u00e0cilment escalables i gaireb\u00e9 sempre virtualitzats, tractats com a serveis sobre Internet.[\/vc_column_text][\/vc_column][\/vc_row][vc_row][vc_column][mk_padding_divider size=&#8221;70&#8243;][\/vc_column][\/vc_row][mk_page_section bg_image=&#8221;http:\/\/ieaisa.es\/wp-content\/uploads\/2017\/06\/roi-y-virtualizacion.jpg&#8221; attachment=&#8221;fixed&#8221; bg_position=&#8221;right center&#8221; bg_repeat=&#8221;no-repeat&#8221; bg_stretch=&#8221;true&#8221; video_loop=&#8221;false&#8221; video_color_mask=&#8221;#0a0a0a&#8221; video_opacity=&#8221;0.4&#8243; js_vertical_centered=&#8221;true&#8221; padding_top=&#8221;60&#8243; padding_bottom=&#8221;60&#8243; top_shape_color=&#8221;#ffffff&#8221; bottom_shape_color=&#8221;#ffffff&#8221; sidebar=&#8221;sidebar-1&#8243;][vc_column][mk_fancy_title tag_name=&#8221;h3&#8243; color=&#8221;#ffffff&#8221; size=&#8221;40&#8243; force_font_size=&#8221;true&#8221; size_tablet=&#8221;35&#8243; size_phone=&#8221;25&#8243; line_height=&#8221;90&#8243; font_weight=&#8221;bold&#8221; font_family=&#8221;none&#8221; align=&#8221;center&#8221;]Tipologies de Cloud[\/mk_fancy_title][\/vc_column][vc_column width=&#8221;1\/3&#8243; css=&#8221;.vc_custom_1498220983460{border-right-width: 1px !important;padding-top: 20px !important;padding-right: 20px !important;padding-bottom: 20px !important;padding-left: 20px !important;background-color: #ffffff !important;border-right-color: #cccccc !important;border-right-style: solid !important;}&#8221; el_class=&#8221;equal-colums&#8221;][mk_fancy_title tag_name=&#8221;h3&#8243; color=&#8221;#2e85bb&#8221; size=&#8221;24&#8243; margin_bottom=&#8221;0&#8243; font_family=&#8221;none&#8221;]Cloud P\u00fablic[\/mk_fancy_title][vc_column_text]<span style=\"color: #000000;\">El <strong>Cloud<\/strong> p\u00fablic es fa servir per terceres parts, i els treballs de molts clients diferents poden estar barrejats en els servidors, els sistemes d&#8217;emmagatzematge i altres infraestructures del n\u00favol. Els usuaris finals no coneixen qu\u00e8 treballs d&#8217;altres clients poden estar corrent en el mateix servidor, xarxa, discos com els seus propis.<\/span>[\/vc_column_text][\/vc_column][vc_column width=&#8221;1\/3&#8243; css=&#8221;.vc_custom_1498221001188{border-right-width: 1px !important;padding-top: 20px !important;padding-right: 20px !important;padding-bottom: 20px !important;padding-left: 20px !important;background-color: #ffffff !important;border-right-color: #cccccc !important;border-right-style: solid !important;}&#8221; el_class=&#8221;equal-colums&#8221;][mk_fancy_title tag_name=&#8221;h3&#8243; color=&#8221;#2e85bb&#8221; size=&#8221;24&#8243; margin_bottom=&#8221;0&#8243; font_family=&#8221;none&#8221;]Cloud Privat[\/mk_fancy_title][vc_column_text el_class=&#8221;equalcols&#8221;]<span style=\"color: #000000;\">El <strong>Cloud<\/strong> Privat \u00e9s una bona opci\u00f3 per a les companyies que necessiten alta protecci\u00f3 de dades i edicions a nivell de servei. Els n\u00favols privats estan en una infraestructura on-*demand manejada per un sol client que controla qu\u00e8 aplicacions ha de c\u00f3rrer i on. S\u00f3n propietaris del servidor, xarxa, i disc i poden decidir qu\u00e8 usuaris estan autoritzats a utilitzar la infraestructura<\/span>[\/vc_column_text][\/vc_column][vc_column width=&#8221;1\/3&#8243; css=&#8221;.vc_custom_1498220864547{padding-top: 20px !important;padding-right: 20px !important;padding-bottom: 20px !important;padding-left: 20px !important;background-color: #fff !important;}&#8221; el_class=&#8221;equal-colums&#8221;][mk_fancy_title tag_name=&#8221;h3&#8243; color=&#8221;#2e85bb&#8221; size=&#8221;24&#8243; margin_bottom=&#8221;0&#8243; font_family=&#8221;none&#8221;]Cloud H\u00edbrid[\/mk_fancy_title][vc_column_text disable_pattern=&#8221;false&#8221; el_class=&#8221;equalcols&#8221;]<span style=\"color: #000000;\">El <strong>Cloud<\/strong> H\u00edbrid combina els models de n\u00favols p\u00fablics i privades. Vost\u00e8 \u00e9s propietari d&#8217;unes parts i comparteix unes altres, encara que d&#8217;una manera controlada. Els n\u00favols h\u00edbrids ofereixen la promesa de l&#8217;escalat aprovisionada externament, on-*demand, per\u00f2 afegeixen la complexitat de determinar com distribuir les aplicacions a trav\u00e9s d&#8217;aquests ambients diferents.<\/span>[\/vc_column_text][\/vc_column][\/mk_page_section][vc_row][vc_column][mk_padding_divider size=&#8221;70&#8243;][\/vc_column][\/vc_row][vc_row][vc_column][mk_fancy_title strip_tags=&#8221;true&#8221; size=&#8221;40&#8243; force_font_size=&#8221;true&#8221; size_tablet=&#8221;35&#8243; size_phone=&#8221;25&#8243; line_height=&#8221;90&#8243; font_weight=&#8221;300&#8243; font_family=&#8221;none&#8221; align=&#8221;center&#8221;]Serveis especialitzats de Cloud i Mobility[\/mk_fancy_title][\/vc_column][vc_column width=&#8221;1\/3&#8243; css=&#8221;.vc_custom_1498221964364{padding-top: 20px !important;padding-right: 20px !important;padding-bottom: 20px !important;padding-left: 20px !important;}&#8221;][vc_column_text]\n<p style=\"text-align: right;\"><strong>Software as a Service \u2013 SaaS<\/strong><\/p>\n<p style=\"text-align: right;\"><span style=\"font-size: 13px;\">El software en el n\u00favol potencia el concepte de <strong>cloud computing<\/strong> en una arquitectura de software, eliminant freq\u00fcentment la necessitat d&#8217;instal\u00b7lar i executar l&#8217;aplicaci\u00f3 en la computadora de l&#8217;usuari final, eliminant la c\u00e0rrega del manteniment del software, els costos de les operaci\u00f3 i el suport t\u00e8cnic.<\/span><\/p>\n[\/vc_column_text][\/vc_column][vc_column width=&#8221;1\/3&#8243; css=&#8221;.vc_custom_1498222067470{padding-top: 50px !important;padding-right: 30px !important;padding-left: 30px !important;}&#8221;][mk_image src=&#8221;http:\/\/ieaisa.es\/wp-content\/uploads\/2017\/06\/servicios-cloud.gif&#8221; image_size=&#8221;full&#8221; align=&#8221;center&#8221; margin_bottom=&#8221;40&#8243;][vc_column_text]\n<p style=\"text-align: center;\"><strong>Infrastructure as a service \u2013 IaaS<\/strong><\/p>\n<p style=\"text-align: center; font-size: 13px;\">Infraestructura en el n\u00favol, \u00e9s el lliurament <strong>d&#8217;infraestructura de computaci\u00f3 com un servei<\/strong>, generalment en un entorn de virtualitzaci\u00f3 de plataforma.<\/p>\n[\/vc_column_text][\/vc_column][vc_column width=&#8221;1\/3&#8243; css=&#8221;.vc_custom_1498221975404{padding-top: 20px !important;padding-right: 20px !important;padding-bottom: 20px !important;padding-left: 20px !important;}&#8221;][vc_column_text]<strong>Platform as a Service \u2013 PaaS<\/strong><\/p>\n<p><span style=\"font-size: 13px;\">Una plataforma en el n\u00favol, lliura una plataforma computacional i\/o un conjunt de <strong>solucions com a servei<\/strong>, que utilitzen infraestructura en el n\u00favol i suporten software o aplicacions en ella. Facilita la implementaci\u00f3 d&#8217;aplicacions sense el cost i complexitat de comprar i administrar el hardware subjacent<\/span>[\/vc_column_text][\/vc_column][vc_column][\/vc_column][\/vc_row][vc_row][vc_column][mk_padding_divider size=&#8221;70&#8243;][\/vc_column][\/vc_row][mk_page_section bg_color=&#8221;#414141&#8243; video_loop=&#8221;false&#8221; padding_top=&#8221;50&#8243; padding_bottom=&#8221;50&#8243; el_class=&#8221;cta-formulario&#8221; sidebar=&#8221;sidebar-1&#8243;][vc_column width=&#8221;1\/2&#8243;][mk_fancy_title tag_name=&#8221;span&#8221; color=&#8221;#f4f4f4&#8243; size=&#8221;40&#8243; force_font_size=&#8221;true&#8221; size_smallscreen=&#8221;35&#8243; size_tablet=&#8221;30&#8243; size_phone=&#8221;25&#8243; font_weight=&#8221;400&#8243; margin_bottom=&#8221;&#8221; font_family=&#8221;Roboto&#8221; font_type=&#8221;google&#8221; el_class=&#8221;titulo-principal&#8221;]Contacti amb nosaltres[\/mk_fancy_title][mk_fancy_title tag_name=&#8221;span&#8221; color=&#8221;#f4f4f4&#8243; size=&#8221;20&#8243; force_font_size=&#8221;true&#8221; size_smallscreen=&#8221;20&#8243; size_tablet=&#8221;18&#8243; size_phone=&#8221;18&#8243; font_weight=&#8221;300&#8243; margin_bottom=&#8221;10&#8243; font_family=&#8221;Roboto&#8221; font_type=&#8221;google&#8221;]Demaneu m\u00e9s informaci\u00f3 del servei[\/mk_fancy_title][\/vc_column][vc_column width=&#8221;1\/2&#8243;][vc_raw_html]JTNDJTIxLS0lNUJpZiUyMGx0ZSUyMElFJTIwOCU1RCUzRSUwQSUzQ3NjcmlwdCUyMGNoYXJzZXQlM0QlMjJ1dGYtOCUyMiUyMHR5cGUlM0QlMjJ0ZXh0JTJGamF2YXNjcmlwdCUyMiUyMHNyYyUzRCUyMiUyRiUyRmpzLmhzZm9ybXMubmV0JTJGZm9ybXMlMkZ2Mi1sZWdhY3kuanMlMjIlM0UlM0MlMkZzY3JpcHQlM0UlMEElM0MlMjElNUJlbmRpZiU1RC0tJTNFJTBBJTNDc2NyaXB0JTIwY2hhcnNldCUzRCUyMnV0Zi04JTIyJTIwdHlwZSUzRCUyMnRleHQlMkZqYXZhc2NyaXB0JTIyJTIwc3JjJTNEJTIyJTJGJTJGanMuaHNmb3Jtcy5uZXQlMkZmb3JtcyUyRnYyLmpzJTIyJTNFJTNDJTJGc2NyaXB0JTNFJTBBJTNDc2NyaXB0JTNFJTBBJTIwJTIwaGJzcHQuZm9ybXMuY3JlYXRlJTI4JTdCJTIwJTBBJTIwJTIwJTIwJTIwY3NzJTNBJTIwJTI3JTI3JTJDJTBBJTIwJTIwJTIwJTIwcG9ydGFsSWQlM0ElMjAlMjcyODEwMDk4JTI3JTJDJTBBJTIwJTIwJTIwJTIwZm9ybUlkJTNBJTIwJTI3MmQyYTVhZGQtNDRkZS00ZGJiLThjODYtOWYxZjU0YjcyMmVjJTI3JTBBJTIwJTIwJTdEJTI5JTNCJTBBJTNDJTJGc2NyaXB0JTNFJTBB[\/vc_raw_html][\/vc_column][\/mk_page_section]\n","protected":false},"excerpt":{"rendered":"<p>[mk_page_section bg_image=&#8221;http:\/\/ieaisa.es\/wp-content\/uploads\/2017\/04\/soluciones-cloud-a-medida.jpg&#8221; bg_position=&#8221;right bottom&#8221; bg_repeat=&#8221;no-repeat&#8221; bg_stretch=&#8221;true&#8221; video_loop=&#8221;false&#8221; video_color_mask=&#8221;#000000&#8243; video_opacity=&#8221;0.3&#8243; min_height=&#8221;350&#8243; js_vertical_centered=&#8221;true&#8221; padding_top=&#8221;55&#8243; sidebar=&#8221;sidebar-1&#8243;][vc_column][mk_padding_divider size=&#8221;100&#8243; visibility=&#8221;visible-dt&#8221;][mk_fancy_title tag_name=&#8221;h1&#8243; color=&#8221;#ffffff&#8221; size=&#8221;60&#8243; force_font_size=&#8221;true&#8221; size_tablet=&#8221;40&#8243; size_phone=&#8221;40&#8243; line_height=&#8221;90&#8243; font_weight=&#8221;400&#8243; letter_spacing=&#8221;1&#8243; margin_bottom=&#8221;&#8221; font_family=&#8221;none&#8221;]\u00bfQu\u00e8 \u00e9s el Cloud Computing?[\/mk_fancy_title][mk_fancy_title color=&#8221;#ffffff&#8221; size=&#8221;20&#8243; font_family=&#8221;none&#8221;]Processament basat en Internet amb recursos virtualitzats[\/mk_fancy_title][\/vc_column][\/mk_page_section][vc_row][vc_column][mk_padding_divider size=&#8221;70&#8243;][\/vc_column][\/vc_row][vc_row][vc_column width=&#8221;1\/2&#8243;][mk_fancy_title size=&#8221;40&#8243; force_font_size=&#8221;true&#8221; size_tablet=&#8221;30&#8243; font_weight=&#8221;300&#8243; font_family=&#8221;none&#8221;]Qu\u00e8 es el cloud computing [\/mk_fancy_title][\/vc_column][vc_column width=&#8221;1\/2&#8243;][vc_column_text]Cloud Computing \u00e9s el [&hellip;]<\/p>\n","protected":false},"author":2,"featured_media":0,"parent":2417,"menu_order":0,"comment_status":"closed","ping_status":"closed","template":"","meta":[],"_links":{"self":[{"href":"https:\/\/ieaisa.es\/ca\/wp-json\/wp\/v2\/pages\/2418"}],"collection":[{"href":"https:\/\/ieaisa.es\/ca\/wp-json\/wp\/v2\/pages"}],"about":[{"href":"https:\/\/ieaisa.es\/ca\/wp-json\/wp\/v2\/types\/page"}],"author":[{"embeddable":true,"href":"https:\/\/ieaisa.es\/ca\/wp-json\/wp\/v2\/users\/2"}],"replies":[{"embeddable":true,"href":"https:\/\/ieaisa.es\/ca\/wp-json\/wp\/v2\/comments?post=2418"}],"version-history":[{"count":0,"href":"https:\/\/ieaisa.es\/ca\/wp-json\/wp\/v2\/pages\/2418\/revisions"}],"up":[{"embeddable":true,"href":"https:\/\/ieaisa.es\/ca\/wp-json\/wp\/v2\/pages\/2417"}],"wp:attachment":[{"href":"https:\/\/ieaisa.es\/ca\/wp-json\/wp\/v2\/media?parent=2418"}],"curies":[{"name":"wp","href":"https:\/\/api.w.org\/{rel}","templated":true}]}}