{"id":2416,"date":"2018-02-27T11:20:12","date_gmt":"2018-02-27T11:20:12","guid":{"rendered":"http:\/\/ieaisa.es\/?page_id=2416\/"},"modified":"2024-10-10T10:40:18","modified_gmt":"2024-10-10T10:40:18","slug":"solucions","status":"publish","type":"page","link":"https:\/\/ieaisa.es\/ca\/solucions\/","title":{"rendered":"Solucions"},"content":{"rendered":"[mk_page_section bg_image=&#8221;http:\/\/ieaisa.es\/wp-content\/uploads\/2017\/03\/soluciones-profesionales-tic.jpg&#8221; bg_position=&#8221;right center&#8221; bg_repeat=&#8221;no-repeat&#8221; bg_stretch=&#8221;true&#8221; video_loop=&#8221;false&#8221; video_color_mask=&#8221;#000000&#8243; video_opacity=&#8221;0.4&#8243; min_height=&#8221;350&#8243; js_vertical_centered=&#8221;true&#8221; padding_top=&#8221;0&#8243; padding_bottom=&#8221;0&#8243; sidebar=&#8221;sidebar-1&#8243;][vc_column][mk_padding_divider size=&#8221;100&#8243; visibility=&#8221;visible-dt&#8221;][mk_fancy_title tag_name=&#8221;h1&#8243; color=&#8221;#ffffff&#8221; size=&#8221;60&#8243; force_font_size=&#8221;true&#8221; size_tablet=&#8221;40&#8243; size_phone=&#8221;40&#8243; line_height=&#8221;90&#8243; font_weight=&#8221;400&#8243; letter_spacing=&#8221;1&#8243; font_family=&#8221;none&#8221;]Solucions professionals TIC[\/mk_fancy_title][mk_fancy_title color=&#8221;#ffffff&#8221; size=&#8221;20&#8243; font_weight=&#8221;300&#8243; font_family=&#8221;none&#8221;]Infraestructura TIC i All-in-Cloud a Barcelona.[\/mk_fancy_title][\/vc_column][\/mk_page_section][vc_row disable_element=&#8221;yes&#8221;][vc_column][mk_padding_divider size=&#8221;150&#8243;][\/vc_column][\/vc_row][vc_row fullwidth=&#8221;true&#8221; css=&#8221;.vc_custom_1519730566379{padding-top: 25px !important;padding-bottom: 21px !important;background-color: #ff6500 !important;}&#8221; el_class=&#8221;cta-catalogos cta-catalogos-hubspot&#8221;][vc_column width=&#8221;1\/2&#8243;][vc_column_text align=&#8221;right&#8221; el_class=&#8221;blink&#8221;]Descarregui ara el\u00a0<strong>cat\u00e0leg de serveis i solucions<\/strong>[\/vc_column_text][\/vc_column][vc_column width=&#8221;1\/2&#8243;][vc_raw_html]JTNDc2NyaXB0JTIwY2hhcnNldCUzRCUyMnV0Zi04JTIyJTIwdHlwZSUzRCUyMnRleHQlMkZqYXZhc2NyaXB0JTIyJTIwc3JjJTNEJTIyJTJGJTJGanMuaHNmb3Jtcy5uZXQlMkZmb3JtcyUyRmVtYmVkJTJGdjIuanMlMjIlM0UlM0MlMkZzY3JpcHQlM0UlMEElM0NzY3JpcHQlM0UlMEElMjAlMjBoYnNwdC5mb3Jtcy5jcmVhdGUlMjglN0IlMEElMjAlMjAlMjAlMjByZWdpb24lM0ElMjAlMjJuYTElMjIlMkMlMEElMjAlMjAlMjAlMjBwb3J0YWxJZCUzQSUyMCUyMjI4MTAwOTglMjIlMkMlMEElMjAlMjAlMjAlMjBmb3JtSWQlM0ElMjAlMjJmYTliMmY3NC00YzljLTRmMGItOThhOC03NTQxMmMyMmNjODUlMjIlMEElMjAlMjAlN0QlMjklM0IlMEElM0MlMkZzY3JpcHQlM0U=[\/vc_raw_html][\/vc_column][\/vc_row][vc_row][vc_column][mk_padding_divider size=&#8221;70&#8243;][\/vc_column][\/vc_row][vc_row][vc_column width=&#8221;5\/12&#8243;][mk_fancy_title strip_tags=&#8221;true&#8221; color=&#8221;#2e85bb&#8221; size=&#8221;30&#8243; force_font_size=&#8221;true&#8221; size_tablet=&#8221;20&#8243; size_phone=&#8221;20&#8243; font_weight=&#8221;300&#8243; txt_transform=&#8221;none&#8221; font_family=&#8221;Poppins&#8221; font_type=&#8221;google&#8221;]Infraestructura TIC i <strong>Cloud Computing a Barcelona<\/strong>[\/mk_fancy_title][\/vc_column][vc_column width=&#8221;7\/12&#8243;][vc_column_text]En IEAISA vam participar en totes les etapes dels seus projectes de telecomunicacions, des de la definici\u00f3 de requeriments i l&#8217;avaluaci\u00f3 d&#8217;alternatives tecnol\u00f2giques, passant pel disseny, direcci\u00f3 i execuci\u00f3 de la implantaci\u00f3. Podent realitzar posteriorment, l&#8217;administraci\u00f3, gesti\u00f3 i manteniment d&#8217;equips i infraestructures de telecomunicacions.<\/p>\n<p>Destaca la nostra disposici\u00f3 per a un <strong>projecte TIC global<\/strong>, assumint la realitzaci\u00f3 dels treballs adjacents al projecte tecnol\u00f2gic: obra civil, instal\u00b7laci\u00f3 el\u00e8ctrica, control, climatitzaci\u00f3 i seguretat.<\/p>\n<p><strong>IEAISA<\/strong> ofereix una Soluci\u00f3 Global, per avan\u00e7ar els processos de negoci del client, i treballa amb tots sectors de l&#8217;economia: comer\u00e7, ind\u00fastria, educaci\u00f3, govern, sanitat.<\/p>\n<p>El nostre objectiu sempre \u00e9s el mateix: Oferir al client un servei &#8220;<strong>clau en m\u00e0<\/strong>&#8220;.[\/vc_column_text][\/vc_column][\/vc_row][vc_row][vc_column][mk_padding_divider size=&#8221;70&#8243;][vc_single_image image=&#8221;4967&#8243; img_size=&#8221;large&#8221; alignment=&#8221;center&#8221; el_class=&#8221;imagengrafico&#8221;][mk_padding_divider size=&#8221;70&#8243;][\/vc_column][\/vc_row][mk_page_section bg_color=&#8221;#f4f4f4&#8243; padding_top=&#8221;70&#8243; padding_bottom=&#8221;70&#8243; el_class=&#8221;caja-secciones2&#8243; sidebar=&#8221;sidebar-1&#8243;][vc_column width=&#8221;1\/4&#8243;][mk_image src=&#8221;https:\/\/ieaisa.es\/wp-content\/uploads\/2017\/06\/fireweall-utm.png&#8221; image_size=&#8221;full&#8221; link=&#8221;https:\/\/ieaisa.es\/ca\/solucions\/seguretat\/firewall-utm-ids\/&#8221; align=&#8221;center&#8221; margin_bottom=&#8221;15&#8243;][mk_fancy_title tag_name=&#8221;h3&#8243; color=&#8221;#2e85bb&#8221; size=&#8221;20&#8243; font_weight=&#8221;300&#8243; txt_transform=&#8221;uppercase&#8221; margin_bottom=&#8221;10&#8243; font_family=&#8221;Raleway&#8221; font_type=&#8221;google&#8221;]\n<p style=\"text-align: center;\"><a href=\"\/ca\/solucions\/seguretat\/firewall-utm-ids\/\">Firewall \/ UTM \/ IDS<\/a><\/p>\n[\/mk_fancy_title][vc_column_text]\n<p style=\"text-align: center;\">Solucions Cloud a mida. Solucions BYOD. Certificat pels principals fabricants: Cisco, Citrix, Microsoft, NetApp. Models on-premise o DaaS.<\/p>\n[\/vc_column_text][\/vc_column][vc_column width=&#8221;1\/4&#8243;][mk_image src=&#8221;https:\/\/ieaisa.es\/wp-content\/uploads\/2017\/06\/seguridad-email.png&#8221; image_size=&#8221;full&#8221; link=&#8221;https:\/\/ieaisa.es\/ca\/solucions\/seguretat\/seguretat-email-i-intercanvi-dinformacio\/&#8221; align=&#8221;center&#8221; margin_bottom=&#8221;15&#8243;][mk_fancy_title tag_name=&#8221;h3&#8243; color=&#8221;#2e85bb&#8221; size=&#8221;20&#8243; font_weight=&#8221;300&#8243; txt_transform=&#8221;uppercase&#8221; margin_bottom=&#8221;10&#8243; font_family=&#8221;Raleway&#8221; font_type=&#8221;google&#8221;]\n<p style=\"text-align: center;\"><a href=\"\/ca\/solucions\/seguretat\/seguretat-email-i-intercanvi-dinformacio\/\">Seguretat Email<\/a><\/p>\n[\/mk_fancy_title][vc_column_text]\n<p style=\"text-align: center;\">\u00c9s imprescindible protegir els nostres usuaris d&#8217;amenaces procedents del correu electr\u00f2nic com malwares, atacs de pesca, spam, urls malicioses\u2026<\/p>\n[\/vc_column_text][\/vc_column][vc_column width=&#8221;1\/4&#8243;][mk_image src=&#8221;https:\/\/ieaisa.es\/wp-content\/uploads\/2017\/06\/filtros-dns.png&#8221; image_size=&#8221;full&#8221; link=&#8221;https:\/\/ieaisa.es\/ca\/solucions\/seguretat\/proteccio-del-filtre-dns\/&#8221; align=&#8221;center&#8221; margin_bottom=&#8221;15&#8243;][mk_fancy_title tag_name=&#8221;h3&#8243; color=&#8221;#2e85bb&#8221; size=&#8221;20&#8243; font_weight=&#8221;300&#8243; txt_transform=&#8221;uppercase&#8221; margin_bottom=&#8221;10&#8243; font_family=&#8221;Raleway&#8221; font_type=&#8221;google&#8221;]\n<p style=\"text-align: center;\"><a href=\"\/ca\/solucions\/seguretat\/proteccio-del-filtre-dns\/\">Filtratge DNS<\/a><\/p>\n[\/mk_fancy_title][vc_column_text]\n<p style=\"text-align: center;\">La primera l\u00ednia de defensa en modalitat cloud que protegeix tots els ports i protocols i atura les amenaces abans darribar al mateix tallafocs.<\/p>\n[\/vc_column_text][\/vc_column][vc_column width=&#8221;1\/4&#8243;][mk_image src=&#8221;https:\/\/ieaisa.es\/wp-content\/uploads\/2017\/06\/auditorias-seguridad.png&#8221; image_size=&#8221;full&#8221; link=&#8221;https:\/\/ieaisa.es\/ca\/solucions\/seguretat\/auditories-periodiques-seguretat\/&#8221; align=&#8221;center&#8221; margin_bottom=&#8221;15&#8243;][mk_fancy_title tag_name=&#8221;h3&#8243; color=&#8221;#2e85bb&#8221; size=&#8221;20&#8243; font_weight=&#8221;300&#8243; txt_transform=&#8221;uppercase&#8221; margin_bottom=&#8221;10&#8243; font_family=&#8221;Raleway&#8221; font_type=&#8221;google&#8221;]\n<p style=\"text-align: center;\"><a href=\"\/ca\/solucions\/seguretat\/auditories-periodiques-seguretat\/\">Auditories de seguretat<\/a><\/p>\n[\/mk_fancy_title][vc_column_text]\n<p style=\"text-align: center;\">Auditem els sistemes dinformaci\u00f3 mitjan\u00e7ant intel\u00b7lig\u00e8ncia artificial, pentesting i proves automatitzades per con\u00e8ixer lestat de la seguretat i proporcionar un informe t\u00e8cnic.<\/p>\n[\/vc_column_text][\/vc_column][\/mk_page_section][mk_page_section bg_color=&#8221;#f4f4f4&#8243; padding_top=&#8221;0&#8243; padding_bottom=&#8221;70&#8243; el_class=&#8221;caja-secciones2&#8243; sidebar=&#8221;sidebar-1&#8243;][vc_column width=&#8221;1\/3&#8243;][mk_image src=&#8221;https:\/\/ieaisa.es\/wp-content\/uploads\/2017\/06\/antivirus-spam.png&#8221; image_size=&#8221;full&#8221; link=&#8221;https:\/\/ieaisa.es\/ca\/solucions\/seguretat\/antivirus-i-antimalware\/&#8221; align=&#8221;center&#8221; margin_bottom=&#8221;15&#8243;][mk_fancy_title tag_name=&#8221;h3&#8243; color=&#8221;#2e85bb&#8221; size=&#8221;20&#8243; font_weight=&#8221;300&#8243; txt_transform=&#8221;uppercase&#8221; margin_bottom=&#8221;10&#8243; font_family=&#8221;Raleway&#8221; font_type=&#8221;google&#8221;]\n<p style=\"text-align: center;\"><a href=\"\/ca\/solucions\/seguretat\/antivirus-i-antimalware\/\">Antivirus i Antimalware<\/a><\/p>\n[\/mk_fancy_title][vc_column_text]\n<p style=\"text-align: center;\">Protegiu-vos de les amenaces d&#8217;avui i de dem\u00e0 amb una soluci\u00f3 antivirus i antimalware que sigui centrat en les amenaces i amb una xarxa d&#8217;intel\u00b7lig\u00e8ncia global.<\/p>\n[\/vc_column_text][\/vc_column][vc_column width=&#8221;1\/3&#8243;][mk_image src=&#8221;https:\/\/ieaisa.es\/wp-content\/uploads\/2024\/10\/certificado-icon.png&#8221; image_size=&#8221;full&#8221; link=&#8221;https:\/\/ieaisa.es\/ca\/solucions\/seguretat\/gestion-certificats-digitals\/&#8221; align=&#8221;center&#8221; margin_bottom=&#8221;15&#8243;][mk_fancy_title tag_name=&#8221;h3&#8243; color=&#8221;#2e85bb&#8221; size=&#8221;20&#8243; font_weight=&#8221;300&#8243; txt_transform=&#8221;uppercase&#8221; margin_bottom=&#8221;10&#8243; font_family=&#8221;Raleway&#8221; font_type=&#8221;google&#8221;]\n<p style=\"text-align: center;\"><a href=\"\/ca\/solucions\/seguretat\/gestion-certificats-digitals\/\">Certificats digitals<\/a><\/p>\n[\/mk_fancy_title][vc_column_text]\n<p style=\"text-align: center;\">Creeu pol\u00edtiques d&#8217;\u00fas, centralitzeu el cicle de vida dels certificats i obteniu auditories detallades per mantenir el control i seguretat dels vostres certificats<\/p>\n[\/vc_column_text][\/vc_column][vc_column width=&#8221;1\/3&#8243;][mk_image src=&#8221;http:\/\/ieaisa.es\/wp-content\/uploads\/2017\/06\/seguridad.png&#8221; image_size=&#8221;full&#8221; link=&#8221;https:\/\/ieaisa.es\/ca\/solucions\/seguretat\/soc\/&#8221; align=&#8221;center&#8221; margin_bottom=&#8221;15&#8243;][mk_fancy_title tag_name=&#8221;h3&#8243; color=&#8221;#2e85bb&#8221; size=&#8221;20&#8243; font_weight=&#8221;300&#8243; txt_transform=&#8221;uppercase&#8221; margin_bottom=&#8221;10&#8243; font_family=&#8221;Raleway&#8221; font_type=&#8221;google&#8221;]\n<p style=\"text-align: center;\"><a href=\"\/ca\/solucions\/seguretat\/soc\/\">SOC as a Service 24X7<\/a><\/p>\n[\/mk_fancy_title][vc_column_text]\n<p style=\"text-align: center;\">Un servei SOC 24\u00d77 que protegeix tota mena d&#8217;empreses contra ciberamenaces avan\u00e7ades.<\/p>\n[\/vc_column_text][\/vc_column][vc_column][\/vc_column][\/mk_page_section]\n","protected":false},"excerpt":{"rendered":"<p>[mk_page_section bg_image=&#8221;http:\/\/ieaisa.es\/wp-content\/uploads\/2017\/03\/soluciones-profesionales-tic.jpg&#8221; bg_position=&#8221;right center&#8221; bg_repeat=&#8221;no-repeat&#8221; bg_stretch=&#8221;true&#8221; video_loop=&#8221;false&#8221; video_color_mask=&#8221;#000000&#8243; video_opacity=&#8221;0.4&#8243; min_height=&#8221;350&#8243; js_vertical_centered=&#8221;true&#8221; padding_top=&#8221;0&#8243; padding_bottom=&#8221;0&#8243; sidebar=&#8221;sidebar-1&#8243;][vc_column][mk_padding_divider size=&#8221;100&#8243; visibility=&#8221;visible-dt&#8221;][mk_fancy_title tag_name=&#8221;h1&#8243; color=&#8221;#ffffff&#8221; size=&#8221;60&#8243; force_font_size=&#8221;true&#8221; size_tablet=&#8221;40&#8243; size_phone=&#8221;40&#8243; line_height=&#8221;90&#8243; font_weight=&#8221;400&#8243; letter_spacing=&#8221;1&#8243; font_family=&#8221;none&#8221;]Solucions professionals TIC[\/mk_fancy_title][mk_fancy_title color=&#8221;#ffffff&#8221; size=&#8221;20&#8243; font_weight=&#8221;300&#8243; font_family=&#8221;none&#8221;]Infraestructura TIC i All-in-Cloud a Barcelona.[\/mk_fancy_title][\/vc_column][\/mk_page_section][vc_row disable_element=&#8221;yes&#8221;][vc_column][mk_padding_divider size=&#8221;150&#8243;][\/vc_column][\/vc_row][vc_row fullwidth=&#8221;true&#8221; css=&#8221;.vc_custom_1519730566379{padding-top: 25px !important;padding-bottom: 21px !important;background-color: #ff6500 !important;}&#8221; el_class=&#8221;cta-catalogos cta-catalogos-hubspot&#8221;][vc_column width=&#8221;1\/2&#8243;][vc_column_text align=&#8221;right&#8221; el_class=&#8221;blink&#8221;]Descarregui ara el\u00a0cat\u00e0leg de [&hellip;]<\/p>\n","protected":false},"author":2,"featured_media":0,"parent":0,"menu_order":0,"comment_status":"closed","ping_status":"closed","template":"","meta":[],"_links":{"self":[{"href":"https:\/\/ieaisa.es\/ca\/wp-json\/wp\/v2\/pages\/2416"}],"collection":[{"href":"https:\/\/ieaisa.es\/ca\/wp-json\/wp\/v2\/pages"}],"about":[{"href":"https:\/\/ieaisa.es\/ca\/wp-json\/wp\/v2\/types\/page"}],"author":[{"embeddable":true,"href":"https:\/\/ieaisa.es\/ca\/wp-json\/wp\/v2\/users\/2"}],"replies":[{"embeddable":true,"href":"https:\/\/ieaisa.es\/ca\/wp-json\/wp\/v2\/comments?post=2416"}],"version-history":[{"count":10,"href":"https:\/\/ieaisa.es\/ca\/wp-json\/wp\/v2\/pages\/2416\/revisions"}],"predecessor-version":[{"id":4985,"href":"https:\/\/ieaisa.es\/ca\/wp-json\/wp\/v2\/pages\/2416\/revisions\/4985"}],"wp:attachment":[{"href":"https:\/\/ieaisa.es\/ca\/wp-json\/wp\/v2\/media?parent=2416"}],"curies":[{"name":"wp","href":"https:\/\/api.w.org\/{rel}","templated":true}]}}