{"id":2405,"date":"2018-02-27T10:52:31","date_gmt":"2018-02-27T10:52:31","guid":{"rendered":"http:\/\/ieaisa.es\/?page_id=2405\/"},"modified":"2018-02-27T11:00:11","modified_gmt":"2018-02-27T11:00:11","slug":"serveis","status":"publish","type":"page","link":"https:\/\/ieaisa.es\/ca\/serveis\/","title":{"rendered":"Serveis"},"content":{"rendered":"[mk_page_section bg_image=&#8221;http:\/\/ieaisa.es\/wp-content\/uploads\/2017\/03\/architecture-1048092_1920.jpg&#8221; bg_position=&#8221;right center&#8221; bg_repeat=&#8221;no-repeat&#8221; bg_stretch=&#8221;true&#8221; video_loop=&#8221;false&#8221; video_color_mask=&#8221;#000000&#8243; video_opacity=&#8221;0.2&#8243; min_height=&#8221;350&#8243; js_vertical_centered=&#8221;true&#8221; padding_top=&#8221;0&#8243; padding_bottom=&#8221;0&#8243; sidebar=&#8221;sidebar-1&#8243;][vc_column][mk_padding_divider size=&#8221;100&#8243; visibility=&#8221;visible-dt&#8221;][mk_fancy_title tag_name=&#8221;h1&#8243; color=&#8221;#ffffff&#8221; size=&#8221;60&#8243; force_font_size=&#8221;true&#8221; size_tablet=&#8221;40&#8243; size_phone=&#8221;40&#8243; line_height=&#8221;90&#8243; font_weight=&#8221;400&#8243; letter_spacing=&#8221;1&#8243; margin_bottom=&#8221;&#8221; font_family=&#8221;none&#8221;]Serveis professionals TIC[\/mk_fancy_title][mk_fancy_title color=&#8221;#ffffff&#8221; size=&#8221;20&#8243; font_weight=&#8221;300&#8243; font_family=&#8221;none&#8221;]Auditoria i consultoria de sistemes.[\/mk_fancy_title][\/vc_column][\/mk_page_section][vc_row fullwidth=&#8221;true&#8221; css=&#8221;.vc_custom_1497523560749{padding-top: 25px !important;padding-bottom: 25px !important;background-color: #ff6500 !important;}&#8221; el_class=&#8221;cta-catalogos cta-catalogos-hubspot&#8221;][vc_column width=&#8221;1\/2&#8243;][vc_column_text align=&#8221;right&#8221; el_class=&#8221;blink&#8221;]Descarregui ara el <strong>cat\u00e0leg de serveis i solucions<\/strong>[\/vc_column_text][\/vc_column][vc_column width=&#8221;1\/2&#8243;][vc_raw_html]JTNDJTIxLS0lNUJpZiUyMGx0ZSUyMElFJTIwOCU1RCUzRSUwQSUyMCUyMCUzQ3NjcmlwdCUyMGNoYXJzZXQlM0QlMjJ1dGYtOCUyMiUyMHR5cGUlM0QlMjJ0ZXh0JTJGamF2YXNjcmlwdCUyMiUyMHNyYyUzRCUyMiUyRiUyRmpzLmhzZm9ybXMubmV0JTJGZm9ybXMlMkZ2Mi1sZWdhY3kuanMlMjIlM0UlM0MlMkZzY3JpcHQlM0UlMEElMjAlMjAlM0MlMjElNUJlbmRpZiU1RC0tJTNFJTBBJTIwJTIwJTNDc2NyaXB0JTIwY2hhcnNldCUzRCUyMnV0Zi04JTIyJTIwdHlwZSUzRCUyMnRleHQlMkZqYXZhc2NyaXB0JTIyJTIwc3JjJTNEJTIyJTJGJTJGanMuaHNmb3Jtcy5uZXQlMkZmb3JtcyUyRnYyLmpzJTIyJTNFJTNDJTJGc2NyaXB0JTNFJTBBJTNDc2NyaXB0JTNFJTBBJTIwJTIwaGJzcHQuZm9ybXMuY3JlYXRlJTI4JTdCJTBBJTA5cG9ydGFsSWQlM0ElMjAlMjIyODEwMDk4JTIyJTJDJTBBJTA5Zm9ybUlkJTNBJTIwJTIyM2QzODFjY2YtYTU2NS00YjEzLWEzODAtMTExYWI3M2JlMGUwJTIyJTJDJTBBJTA5Y3NzJTNBJTIwJTIyJTIyJTBBJTdEJTI5JTNCJTBBJTNDJTJGc2NyaXB0JTNF[\/vc_raw_html][\/vc_column][\/vc_row][vc_row][vc_column][mk_padding_divider size=&#8221;70&#8243;][\/vc_column][\/vc_row][vc_row][vc_column width=&#8221;5\/12&#8243;][mk_fancy_title color=&#8221;#2e85bb&#8221; size=&#8221;30&#8243; force_font_size=&#8221;true&#8221; size_tablet=&#8221;20&#8243; size_phone=&#8221;20&#8243; font_weight=&#8221;300&#8243; txt_transform=&#8221;none&#8221; margin_bottom=&#8221;40&#8243; font_family=&#8221;Poppins&#8221; font_type=&#8221;google&#8221;]Consultoria i Auditoria TIC a Barcelona[\/mk_fancy_title][\/vc_column][vc_column width=&#8221;7\/12&#8243;][vc_column_text]\n<p>IEAISA \u00e9s una companyia que ha demostrat al llarg dels seus anys d&#8217;experi\u00e8ncia, la seva capacitat per oferir alts nivells de servei. Est\u00e0 molt involucrada en el <strong>desplegament de nous serveis de valor,<\/strong> aportant una<strong> racionalitzaci\u00f3 de costos, alineament amb el negoci, gesti\u00f3 dels riscos i augment de la productivitat de les empreses.<\/strong><\/p>\n<p>Actualment les consultories de Sistemes estan a l&#8217;ordre del dia. S\u00f3n les eines necess\u00e0ries per a l&#8217;optimitzaci\u00f3 del seu negoci. Per aquest motiu, trobar\u00e0 en IEAISA a un <strong>prove\u00efdor \u00fanic de solucions tecnol\u00f2giques<\/strong> que concentrar\u00e0 la informaci\u00f3 massiva sobre tecnologies i recomanar\u00e0 les alternatives m\u00e9s eficaces i rendibles per a cada negoci en particular.<\/p>\n<p>Per elaborar una consultoria de sistemes a mida de la seva empresa, IEAISA estudiar\u00e0 els seg\u00fcents \u00e0mbits tecnol\u00f2gics per realitzar la consultoria de la seva empresa de forma adequada.[\/vc_column_text][\/vc_column][\/vc_row][vc_row][vc_column][mk_padding_divider size=&#8221;70&#8243;][\/vc_column][\/vc_row][mk_page_section bg_color=&#8221;#f4f4f4&#8243; padding_top=&#8221;70&#8243; padding_bottom=&#8221;70&#8243; el_class=&#8221;caja-secciones2&#8243; sidebar=&#8221;sidebar-1&#8243;][vc_column width=&#8221;1\/3&#8243;][mk_image src=&#8221;http:\/\/ieaisa.es\/wp-content\/uploads\/2017\/03\/auditoria-tic.png&#8221; image_size=&#8221;full&#8221; link=&#8221;http:\/\/ieaisa.es\/servicios\/mantenimiento\/&#8221; margin_bottom=&#8221;15&#8243;][mk_fancy_title tag_name=&#8221;h3&#8243; color=&#8221;#2e85bb&#8221; size=&#8221;20&#8243; font_weight=&#8221;300&#8243; txt_transform=&#8221;uppercase&#8221; margin_bottom=&#8221;10&#8243; font_family=&#8221;Raleway&#8221; font_type=&#8221;google&#8221;]<a href=\"https:\/\/ieaisa.es\/ca\/serveis\/manteniment\/\">Manteniment<\/a>[\/mk_fancy_title][vc_column_text]Proporcionem un servei resolutiu i preventiu segons es requereixi, in-situ o remot. Plans d&#8217;emerg\u00e8ncia, outsourcing i formaci\u00f3.[\/vc_column_text][\/vc_column][vc_column width=&#8221;1\/3&#8243;][mk_image src=&#8221;http:\/\/ieaisa.es\/wp-content\/uploads\/2017\/03\/consultoria-tic.png&#8221; image_size=&#8221;full&#8221; link=&#8221;http:\/\/ieaisa.es\/servicios\/consultoria\/&#8221; margin_bottom=&#8221;15&#8243;][mk_fancy_title tag_name=&#8221;h3&#8243; color=&#8221;#2e85bb&#8221; size=&#8221;20&#8243; font_weight=&#8221;300&#8243; txt_transform=&#8221;uppercase&#8221; margin_bottom=&#8221;10&#8243; font_family=&#8221;Raleway&#8221; font_type=&#8221;google&#8221;]<a href=\"https:\/\/ieaisa.es\/ca\/serveis\/consultoria\/\">Consultor\u00eda TIC<\/a>[\/mk_fancy_title][vc_column_text]Els nostres serveis de consultoria abasten des de l&#8217;estructura tecnol\u00f2gica a l&#8217;estructura funcional de l&#8217;organitzaci\u00f3. Estudiem cada cas i recomanem les millors eines de forma personalitzada.[\/vc_column_text][\/vc_column][vc_column width=&#8221;1\/3&#8243;][mk_image src=&#8221;http:\/\/ieaisa.es\/wp-content\/uploads\/2017\/03\/auditoria-tic.png&#8221; image_size=&#8221;full&#8221; link=&#8221;http:\/\/ieaisa.es\/servicios\/auditoria-de-software\/&#8221; margin_bottom=&#8221;15&#8243;][mk_fancy_title tag_name=&#8221;h3&#8243; color=&#8221;#2e85bb&#8221; size=&#8221;20&#8243; font_weight=&#8221;300&#8243; txt_transform=&#8221;uppercase&#8221; margin_bottom=&#8221;10&#8243; font_family=&#8221;Raleway&#8221; font_type=&#8221;google&#8221;]<a href=\"https:\/\/ieaisa.es\/ca\/serveis\/auditoria-programari-i-suport\/\">Auditor\u00eda TIC<\/a>[\/mk_fancy_title][vc_column_text]Analitzem amb el client les necessitats actuals i vam realitzar un dimensionament en col\u00b7laboraci\u00f3 del fabricant per a proporcionar una soluci\u00f3 que s&#8217;adeq\u00fci totalment a les necessitats del negoci.[\/vc_column_text][\/vc_column][\/mk_page_section]\n","protected":false},"excerpt":{"rendered":"<p>[mk_page_section bg_image=&#8221;http:\/\/ieaisa.es\/wp-content\/uploads\/2017\/03\/architecture-1048092_1920.jpg&#8221; bg_position=&#8221;right center&#8221; bg_repeat=&#8221;no-repeat&#8221; bg_stretch=&#8221;true&#8221; video_loop=&#8221;false&#8221; video_color_mask=&#8221;#000000&#8243; video_opacity=&#8221;0.2&#8243; min_height=&#8221;350&#8243; js_vertical_centered=&#8221;true&#8221; padding_top=&#8221;0&#8243; padding_bottom=&#8221;0&#8243; sidebar=&#8221;sidebar-1&#8243;][vc_column][mk_padding_divider size=&#8221;100&#8243; visibility=&#8221;visible-dt&#8221;][mk_fancy_title tag_name=&#8221;h1&#8243; color=&#8221;#ffffff&#8221; size=&#8221;60&#8243; force_font_size=&#8221;true&#8221; size_tablet=&#8221;40&#8243; size_phone=&#8221;40&#8243; line_height=&#8221;90&#8243; font_weight=&#8221;400&#8243; letter_spacing=&#8221;1&#8243; margin_bottom=&#8221;&#8221; font_family=&#8221;none&#8221;]Serveis professionals TIC[\/mk_fancy_title][mk_fancy_title color=&#8221;#ffffff&#8221; size=&#8221;20&#8243; font_weight=&#8221;300&#8243; font_family=&#8221;none&#8221;]Auditoria i consultoria de sistemes.[\/mk_fancy_title][\/vc_column][\/mk_page_section][vc_row fullwidth=&#8221;true&#8221; css=&#8221;.vc_custom_1497523560749{padding-top: 25px !important;padding-bottom: 25px !important;background-color: #ff6500 !important;}&#8221; el_class=&#8221;cta-catalogos cta-catalogos-hubspot&#8221;][vc_column width=&#8221;1\/2&#8243;][vc_column_text align=&#8221;right&#8221; el_class=&#8221;blink&#8221;]Descarregui ara el cat\u00e0leg de serveis [&hellip;]<\/p>\n","protected":false},"author":2,"featured_media":0,"parent":0,"menu_order":0,"comment_status":"closed","ping_status":"closed","template":"","meta":[],"_links":{"self":[{"href":"https:\/\/ieaisa.es\/ca\/wp-json\/wp\/v2\/pages\/2405"}],"collection":[{"href":"https:\/\/ieaisa.es\/ca\/wp-json\/wp\/v2\/pages"}],"about":[{"href":"https:\/\/ieaisa.es\/ca\/wp-json\/wp\/v2\/types\/page"}],"author":[{"embeddable":true,"href":"https:\/\/ieaisa.es\/ca\/wp-json\/wp\/v2\/users\/2"}],"replies":[{"embeddable":true,"href":"https:\/\/ieaisa.es\/ca\/wp-json\/wp\/v2\/comments?post=2405"}],"version-history":[{"count":0,"href":"https:\/\/ieaisa.es\/ca\/wp-json\/wp\/v2\/pages\/2405\/revisions"}],"wp:attachment":[{"href":"https:\/\/ieaisa.es\/ca\/wp-json\/wp\/v2\/media?parent=2405"}],"curies":[{"name":"wp","href":"https:\/\/api.w.org\/{rel}","templated":true}]}}