{"id":2404,"date":"2017-11-14T11:16:27","date_gmt":"2017-11-14T11:16:27","guid":{"rendered":"http:\/\/ieaisa.es\/?page_id=2404\/"},"modified":"2017-11-14T11:22:01","modified_gmt":"2017-11-14T11:22:01","slug":"nosaltres","status":"publish","type":"page","link":"https:\/\/ieaisa.es\/ca\/nosaltres\/","title":{"rendered":"Nosaltres"},"content":{"rendered":"[mk_page_section bg_image=&#8221;http:\/\/ieaisa.es\/wp-content\/uploads\/2017\/03\/quienes-somos.jpg&#8221; bg_position=&#8221;right center&#8221; bg_repeat=&#8221;no-repeat&#8221; bg_stretch=&#8221;true&#8221; video_loop=&#8221;false&#8221; video_color_mask=&#8221;#000000&#8243; video_opacity=&#8221;0.3&#8243; min_height=&#8221;350&#8243; js_vertical_centered=&#8221;true&#8221; padding_top=&#8221;0&#8243; padding_bottom=&#8221;0&#8243; sidebar=&#8221;sidebar-1&#8243;][vc_column][mk_padding_divider size=&#8221;100&#8243; visibility=&#8221;visible-dt&#8221;][mk_fancy_title tag_name=&#8221;h1&#8243; color=&#8221;#ffffff&#8221; size=&#8221;60&#8243; force_font_size=&#8221;true&#8221; size_tablet=&#8221;40&#8243; size_phone=&#8221;40&#8243; line_height=&#8221;90&#8243; font_weight=&#8221;400&#8243; letter_spacing=&#8221;1&#8243; margin_bottom=&#8221;&#8221; font_family=&#8221;Roboto&#8221; font_type=&#8221;google&#8221;]Qui som[\/mk_fancy_title][mk_fancy_title color=&#8221;#ffffff&#8221; size=&#8221;20&#8243; font_weight=&#8221;300&#8243; font_family=&#8221;none&#8221;]IEAISA, una empresa d\u2019enginyeria i serveis[\/mk_fancy_title][\/vc_column][\/mk_page_section][vc_row][vc_column][mk_padding_divider size=&#8221;70&#8243;][\/vc_column][\/vc_row][vc_row][vc_column css=&#8221;.vc_custom_1489674614824{padding-right: 40px !important;}&#8221;][mk_fancy_title color=&#8221;#212121&#8243; size=&#8221;20&#8243; font_weight=&#8221;300&#8243; letter_spacing=&#8221;1&#8243; margin_bottom=&#8221;0&#8243; font_family=&#8221;Raleway&#8221; font_type=&#8221;google&#8221;]<strong>IEAISA\u00a0<\/strong>\u00e9s una\u00a0<strong>empresa d&#8217;enginyeria i serveis<\/strong>\u00a0dedicada a la integraci\u00f3, implantaci\u00f3, administraci\u00f3 i manteniment de sistemes i xarxes de comunicaci\u00f3.[\/mk_fancy_title][mk_padding_divider size=&#8221;70&#8243;][\/vc_column][\/vc_row][vc_row][vc_column width=&#8221;1\/2&#8243; css=&#8221;.vc_custom_1489674614824{padding-right: 40px !important;}&#8221;][mk_font_icons icon=&#8221;mk-moon-target-3&#8243; color=&#8221;#2b85bb&#8221; size=&#8221;large&#8221; margin_horizental=&#8221;15&#8243; align=&#8221;left&#8221;][mk_fancy_title tag_name=&#8221;span&#8221; color=&#8221;#2e85bb&#8221; size=&#8221;40&#8243; force_font_size=&#8221;true&#8221; size_tablet=&#8221;35&#8243; size_phone=&#8221;25&#8243; font_weight=&#8221;300&#8243; font_family=&#8221;Roboto&#8221; font_type=&#8221;google&#8221;]Focus i Objetius[\/mk_fancy_title][vc_column_text]El nostre focus principal \u00e9s el <strong>Client<\/strong> i ens caracteritzem per oferir una r\u00e0pida resposta comercial i una alta disponibilitat t\u00e8cnica. Participem en totes les etapes dels seus projectes de telecomunicacions, des de la definici\u00f3 de requeriments i l&#8217;avaluaci\u00f3 d&#8217;alternatives tecnol\u00f2giques, fins al disseny, la direcci\u00f3 i l&#8217;execuci\u00f3 de la implantaci\u00f3. Posteriorment podem realitzar l&#8217;administraci\u00f3, gesti\u00f3 i manteniment d&#8217;equips i infraestructures de telecomunicacions.<\/p>\n<p>Destaca la nostra disposici\u00f3 per a un <strong>projecte global<\/strong>, at\u00e8s que assumim la realitzaci\u00f3 dels treballs adjacents al projecte tecnol\u00f2gic: obra civil, instal\u00b7laci\u00f3 el\u00e8ctrica, control, climatitzaci\u00f3 i seguretat. D&#8217;aquesta manera aconseguim oferir al client un servei de <strong>Clau en m\u00e0<\/strong>.[\/vc_column_text][\/vc_column][vc_column width=&#8221;1\/2&#8243; css=&#8221;.vc_custom_1489674631957{padding-right: 40px !important;}&#8221;][mk_font_icons icon=&#8221;mk-moon-stack-checkmark&#8221; color=&#8221;#2b85bb&#8221; size=&#8221;large&#8221; margin_horizental=&#8221;14&#8243; align=&#8221;left&#8221;][mk_fancy_title tag_name=&#8221;span&#8221; color=&#8221;#2e85bb&#8221; size=&#8221;40&#8243; force_font_size=&#8221;true&#8221; size_tablet=&#8221;35&#8243; size_phone=&#8221;25&#8243; font_weight=&#8221;300&#8243; font_family=&#8221;Roboto&#8221; font_type=&#8221;google&#8221;]Qualitat del servei[\/mk_fancy_title][vc_column_text]<strong>IEAISA<\/strong> documenta i certifica els equips i serveis tecnol\u00f2gics implantats, d&#8217;acord amb els requeriments i normes dels principals fabricants d&#8217;equips de transmissi\u00f3 i processos d&#8217;informaci\u00f3. <strong>IEAISA<\/strong> est\u00e0 constitu\u00efda per enginyers, t\u00e8cnics i professionals d&#8217;instal\u00b7lacions industrials, inform\u00e0tiques i de telecomunicacions.<\/p>\n<p>Tots els components del nostre quadre directiu tenen dues caracter\u00edstiques comunes: s\u00f3n accionistes de l&#8217;empresa i tenen una experi\u00e8ncia superior a 18 anys en les seves respectives especialitats. Els nostres enginyers, t\u00e8cnics i col\u2022laboradors tenen una formaci\u00f3 i experi\u00e8ncia contrastades que asseguren la satisfacci\u00f3 i fidelitat dels nostres clients.[\/vc_column_text][\/vc_column][vc_column][mk_padding_divider size=&#8221;70&#8243;][mk_blockquote font_family=&#8221;Roboto&#8221; font_type=&#8221;google&#8221; font_size_combat=&#8221;true&#8221; text_size=&#8221;24&#8243;]<strong>IEAISA<\/strong> ofereix una <strong>soluci\u00f3 global<\/strong> per avan\u00e7ar els processos de negoci del client i treballa amb tots els sectors de l&#8217;economia: comer\u00e7, ind\u00fastria, educaci\u00f3, govern i sanitat.[\/mk_blockquote][mk_padding_divider size=&#8221;70&#8243;][\/vc_column][\/vc_row][mk_page_section bg_color=&#8221;#f4f4f4&#8243; padding_top=&#8221;0&#8243; padding_bottom=&#8221;0&#8243; has_top_shape_divider=&#8221;true&#8221; top_shape_style=&#8221;speech-top&#8221; top_shape_size=&#8221;small&#8221; top_shape_color=&#8221;#ffffff&#8221; top_shape_bg_color=&#8221;#f4f4f4&#8243; bottom_shape_color=&#8221;#ffffff&#8221; sidebar=&#8221;sidebar-1&#8243;][vc_column][vc_column_text align=&#8221;center&#8221;]<strong>IEAISA<\/strong><br \/>\nc\/Dels Pous, 20 (Pol. Ind. Cidesa)<br \/>\n08740 Sant Andreu de la Barca (Barcelona)<br \/>\n<a title=\"93 682 57 88\" href=\"tel:\/\/936825788\">93 682 57 88<\/a><br \/>\n<a title=\"ieaisa@ieaisa.es\" href=\"mailto:ieaisa@ieaisa.es\">ieaisa@ieaisa.es<\/a>[\/vc_column_text][mk_button dimension=&#8221;flat&#8221; size=&#8221;large&#8221; letter_spacing=&#8221;2&#8243; icon=&#8221;mk-li-phone&#8221; url=&#8221;http:\/\/www.ieaisa.es\/images\/IEAISA.vcf&#8221; align=&#8221;center&#8221; margin_bottom=&#8221;0&#8243; margin_right=&#8221;0&#8243; bg_color=&#8221;#ff6500&#8243; btn_hover_bg=&#8221;#e25300&#8243; btn_hover_txt_color=&#8221;#ffffff&#8221;]\u00a1Afegeix-nos a la teva agenda![\/mk_button][mk_padding_divider][\/vc_column][\/mk_page_section][mk_page_section attachment=&#8221;fixed&#8221; bg_position=&#8221;center center&#8221; bg_repeat=&#8221;no-repeat&#8221; bg_stretch=&#8221;true&#8221; video_opacity=&#8221;0.2&#8243; full_width=&#8221;true&#8221; padding_top=&#8221;0&#8243; padding_bottom=&#8221;0&#8243; top_shape_style=&#8221;speech-top&#8221; top_shape_size=&#8221;small&#8221; top_shape_color=&#8221;#ffffff&#8221; top_shape_bg_color=&#8221;#efefef&#8221; bottom_shape_color=&#8221;#ffffff&#8221; sidebar=&#8221;sidebar-1&#8243;][vc_column][mk_advanced_gmaps latitude=&#8221;41.4528493&#8243; longitude=&#8221;1.9718839&#8243; content_font_color=&#8221;#ffffff&#8221; height=&#8221;450&#8243; map_zoom=&#8221;13&#8243; pan_control=&#8221;false&#8221; draggable=&#8221;false&#8221; modify_json=&#8221;true&#8221; map_json=&#8221;JTVCJTBBJTIwJTIwJTdCJTBBJTIwJTIwJTIwJTIwJTIyZWxlbWVudFR5cGUlMjIlM0ElMjAlMjJnZW9tZXRyeSUyMiUyQyUwQSUyMCUyMCUyMCUyMCUyMnN0eWxlcnMlMjIlM0ElMjAlNUIlMEElMjAlMjAlMjAlMjAlMjAlMjAlN0IlMEElMjAlMjAlMjAlMjAlMjAlMjAlMjAlMjAlMjJjb2xvciUyMiUzQSUyMCUyMiUyM2Y1ZjVmNSUyMiUwQSUyMCUyMCUyMCUyMCUyMCUyMCU3RCUwQSUyMCUyMCUyMCUyMCU1RCUwQSUyMCUyMCU3RCUyQyUwQSUyMCUyMCU3QiUwQSUyMCUyMCUyMCUyMCUyMmVsZW1lbnRUeXBlJTIyJTNBJTIwJTIybGFiZWxzLmljb24lMjIlMkMlMEElMjAlMjAlMjAlMjAlMjJzdHlsZXJzJTIyJTNBJTIwJTVCJTBBJTIwJTIwJTIwJTIwJTIwJTIwJTdCJTBBJTIwJTIwJTIwJTIwJTIwJTIwJTIwJTIwJTIydmlzaWJpbGl0eSUyMiUzQSUyMCUyMm9mZiUyMiUwQSUyMCUyMCUyMCUyMCUyMCUyMCU3RCUwQSUyMCUyMCUyMCUyMCU1RCUwQSUyMCUyMCU3RCUyQyUwQSUyMCUyMCU3QiUwQSUyMCUyMCUyMCUyMCUyMmVsZW1lbnRUeXBlJTIyJTNBJTIwJTIybGFiZWxzLnRleHQuZmlsbCUyMiUyQyUwQSUyMCUyMCUyMCUyMCUyMnN0eWxlcnMlMjIlM0ElMjAlNUIlMEElMjAlMjAlMjAlMjAlMjAlMjAlN0IlMEElMjAlMjAlMjAlMjAlMjAlMjAlMjAlMjAlMjJjb2xvciUyMiUzQSUyMCUyMiUyMzYxNjE2MSUyMiUwQSUyMCUyMCUyMCUyMCUyMCUyMCU3RCUwQSUyMCUyMCUyMCUyMCU1RCUwQSUyMCUyMCU3RCUyQyUwQSUyMCUyMCU3QiUwQSUyMCUyMCUyMCUyMCUyMmVsZW1lbnRUeXBlJTIyJTNBJTIwJTIybGFiZWxzLnRleHQuc3Ryb2tlJTIyJTJDJTBBJTIwJTIwJTIwJTIwJTIyc3R5bGVycyUyMiUzQSUyMCU1QiUwQSUyMCUyMCUyMCUyMCUyMCUyMCU3QiUwQSUyMCUyMCUyMCUyMCUyMCUyMCUyMCUyMCUyMmNvbG9yJTIyJTNBJTIwJTIyJTIzZjVmNWY1JTIyJTBBJTIwJTIwJTIwJTIwJTIwJTIwJTdEJTBBJTIwJTIwJTIwJTIwJTVEJTBBJTIwJTIwJTdEJTJDJTBBJTIwJTIwJTdCJTBBJTIwJTIwJTIwJTIwJTIyZmVhdHVyZVR5cGUlMjIlM0ElMjAlMjJhZG1pbmlzdHJhdGl2ZS5sYW5kX3BhcmNlbCUyMiUyQyUwQSUyMCUyMCUyMCUyMCUyMmVsZW1lbnRUeXBlJTIyJTNBJTIwJTIybGFiZWxzLnRleHQuZmlsbCUyMiUyQyUwQSUyMCUyMCUyMCUyMCUyMnN0eWxlcnMlMjIlM0ElMjAlNUIlMEElMjAlMjAlMjAlMjAlMjAlMjAlN0IlMEElMjAlMjAlMjAlMjAlMjAlMjAlMjAlMjAlMjJjb2xvciUyMiUzQSUyMCUyMiUyM2JkYmRiZCUyMiUwQSUyMCUyMCUyMCUyMCUyMCUyMCU3RCUwQSUyMCUyMCUyMCUyMCU1RCUwQSUyMCUyMCU3RCUyQyUwQSUyMCUyMCU3QiUwQSUyMCUyMCUyMCUyMCUyMmZlYXR1cmVUeXBlJTIyJTNBJTIwJTIycG9pJTIyJTJDJTBBJTIwJTIwJTIwJTIwJTIyZWxlbWVudFR5cGUlMjIlM0ElMjAlMjJnZW9tZXRyeSUyMiUyQyUwQSUyMCUyMCUyMCUyMCUyMnN0eWxlcnMlMjIlM0ElMjAlNUIlMEElMjAlMjAlMjAlMjAlMjAlMjAlN0IlMEElMjAlMjAlMjAlMjAlMjAlMjAlMjAlMjAlMjJjb2xvciUyMiUzQSUyMCUyMiUyM2VlZWVlZSUyMiUwQSUyMCUyMCUyMCUyMCUyMCUyMCU3RCUwQSUyMCUyMCUyMCUyMCU1RCUwQSUyMCUyMCU3RCUyQyUwQSUyMCUyMCU3QiUwQSUyMCUyMCUyMCUyMCUyMmZlYXR1cmVUeXBlJTIyJTNBJTIwJTIycG9pJTIyJTJDJTBBJTIwJTIwJTIwJTIwJTIyZWxlbWVudFR5cGUlMjIlM0ElMjAlMjJsYWJlbHMudGV4dC5maWxsJTIyJTJDJTBBJTIwJTIwJTIwJTIwJTIyc3R5bGVycyUyMiUzQSUyMCU1QiUwQSUyMCUyMCUyMCUyMCUyMCUyMCU3QiUwQSUyMCUyMCUyMCUyMCUyMCUyMCUyMCUyMCUyMmNvbG9yJTIyJTNBJTIwJTIyJTIzNzU3NTc1JTIyJTBBJTIwJTIwJTIwJTIwJTIwJTIwJTdEJTBBJTIwJTIwJTIwJTIwJTVEJTBBJTIwJTIwJTdEJTJDJTBBJTIwJTIwJTdCJTBBJTIwJTIwJTIwJTIwJTIyZmVhdHVyZVR5cGUlMjIlM0ElMjAlMjJwb2kucGFyayUyMiUyQyUwQSUyMCUyMCUyMCUyMCUyMmVsZW1lbnRUeXBlJTIyJTNBJTIwJTIyZ2VvbWV0cnklMjIlMkMlMEElMjAlMjAlMjAlMjAlMjJzdHlsZXJzJTIyJTNBJTIwJTVCJTBBJTIwJTIwJTIwJTIwJTIwJTIwJTdCJTBBJTIwJTIwJTIwJTIwJTIwJTIwJTIwJTIwJTIyY29sb3IlMjIlM0ElMjAlMjIlMjNlNWU1ZTUlMjIlMEElMjAlMjAlMjAlMjAlMjAlMjAlN0QlMEElMjAlMjAlMjAlMjAlNUQlMEElMjAlMjAlN0QlMkMlMEElMjAlMjAlN0IlMEElMjAlMjAlMjAlMjAlMjJmZWF0dXJlVHlwZSUyMiUzQSUyMCUyMnBvaS5wYXJrJTIyJTJDJTBBJTIwJTIwJTIwJTIwJTIyZWxlbWVudFR5cGUlMjIlM0ElMjAlMjJsYWJlbHMudGV4dC5maWxsJTIyJTJDJTBBJTIwJTIwJTIwJTIwJTIyc3R5bGVycyUyMiUzQSUyMCU1QiUwQSUyMCUyMCUyMCUyMCUyMCUyMCU3QiUwQSUyMCUyMCUyMCUyMCUyMCUyMCUyMCUyMCUyMmNvbG9yJTIyJTNBJTIwJTIyJTIzOWU5ZTllJTIyJTBBJTIwJTIwJTIwJTIwJTIwJTIwJTdEJTBBJTIwJTIwJTIwJTIwJTVEJTBBJTIwJTIwJTdEJTJDJTBBJTIwJTIwJTdCJTBBJTIwJTIwJTIwJTIwJTIyZmVhdHVyZVR5cGUlMjIlM0ElMjAlMjJyb2FkJTIyJTJDJTBBJTIwJTIwJTIwJTIwJTIyZWxlbWVudFR5cGUlMjIlM0ElMjAlMjJnZW9tZXRyeSUyMiUyQyUwQSUyMCUyMCUyMCUyMCUyMnN0eWxlcnMlMjIlM0ElMjAlNUIlMEElMjAlMjAlMjAlMjAlMjAlMjAlN0IlMEElMjAlMjAlMjAlMjAlMjAlMjAlMjAlMjAlMjJjb2xvciUyMiUzQSUyMCUyMiUyM2ZmZmZmZiUyMiUwQSUyMCUyMCUyMCUyMCUyMCUyMCU3RCUwQSUyMCUyMCUyMCUyMCU1RCUwQSUyMCUyMCU3RCUyQyUwQSUyMCUyMCU3QiUwQSUyMCUyMCUyMCUyMCUyMmZlYXR1cmVUeXBlJTIyJTNBJTIwJTIycm9hZC5hcnRlcmlhbCUyMiUyQyUwQSUyMCUyMCUyMCUyMCUyMmVsZW1lbnRUeXBlJTIyJTNBJTIwJTIybGFiZWxzLnRleHQuZmlsbCUyMiUyQyUwQSUyMCUyMCUyMCUyMCUyMnN0eWxlcnMlMjIlM0ElMjAlNUIlMEElMjAlMjAlMjAlMjAlMjAlMjAlN0IlMEElMjAlMjAlMjAlMjAlMjAlMjAlMjAlMjAlMjJjb2xvciUyMiUzQSUyMCUyMiUyMzc1NzU3NSUyMiUwQSUyMCUyMCUyMCUyMCUyMCUyMCU3RCUwQSUyMCUyMCUyMCUyMCU1RCUwQSUyMCUyMCU3RCUyQyUwQSUyMCUyMCU3QiUwQSUyMCUyMCUyMCUyMCUyMmZlYXR1cmVUeXBlJTIyJTNBJTIwJTIycm9hZC5oaWdod2F5JTIyJTJDJTBBJTIwJTIwJTIwJTIwJTIyZWxlbWVudFR5cGUlMjIlM0ElMjAlMjJnZW9tZXRyeSUyMiUyQyUwQSUyMCUyMCUyMCUyMCUyMnN0eWxlcnMlMjIlM0ElMjAlNUIlMEElMjAlMjAlMjAlMjAlMjAlMjAlN0IlMEElMjAlMjAlMjAlMjAlMjAlMjAlMjAlMjAlMjJjb2xvciUyMiUzQSUyMCUyMiUyM2RhZGFkYSUyMiUwQSUyMCUyMCUyMCUyMCUyMCUyMCU3RCUwQSUyMCUyMCUyMCUyMCU1RCUwQSUyMCUyMCU3RCUyQyUwQSUyMCUyMCU3QiUwQSUyMCUyMCUyMCUyMCUyMmZlYXR1cmVUeXBlJTIyJTNBJTIwJTIycm9hZC5oaWdod2F5JTIyJTJDJTBBJTIwJTIwJTIwJTIwJTIyZWxlbWVudFR5cGUlMjIlM0ElMjAlMjJsYWJlbHMudGV4dC5maWxsJTIyJTJDJTBBJTIwJTIwJTIwJTIwJTIyc3R5bGVycyUyMiUzQSUyMCU1QiUwQSUyMCUyMCUyMCUyMCUyMCUyMCU3QiUwQSUyMCUyMCUyMCUyMCUyMCUyMCUyMCUyMCUyMmNvbG9yJTIyJTNBJTIwJTIyJTIzNjE2MTYxJTIyJTBBJTIwJTIwJTIwJTIwJTIwJTIwJTdEJTBBJTIwJTIwJTIwJTIwJTVEJTBBJTIwJTIwJTdEJTJDJTBBJTIwJTIwJTdCJTBBJTIwJTIwJTIwJTIwJTIyZmVhdHVyZVR5cGUlMjIlM0ElMjAlMjJyb2FkLmxvY2FsJTIyJTJDJTBBJTIwJTIwJTIwJTIwJTIyZWxlbWVudFR5cGUlMjIlM0ElMjAlMjJsYWJlbHMudGV4dC5maWxsJTIyJTJDJTBBJTIwJTIwJTIwJTIwJTIyc3R5bGVycyUyMiUzQSUyMCU1QiUwQSUyMCUyMCUyMCUyMCUyMCUyMCU3QiUwQSUyMCUyMCUyMCUyMCUyMCUyMCUyMCUyMCUyMmNvbG9yJTIyJTNBJTIwJTIyJTIzOWU5ZTllJTIyJTBBJTIwJTIwJTIwJTIwJTIwJTIwJTdEJTBBJTIwJTIwJTIwJTIwJTVEJTBBJTIwJTIwJTdEJTJDJTBBJTIwJTIwJTdCJTBBJTIwJTIwJTIwJTIwJTIyZmVhdHVyZVR5cGUlMjIlM0ElMjAlMjJ0cmFuc2l0LmxpbmUlMjIlMkMlMEElMjAlMjAlMjAlMjAlMjJlbGVtZW50VHlwZSUyMiUzQSUyMCUyMmdlb21ldHJ5JTIyJTJDJTBBJTIwJTIwJTIwJTIwJTIyc3R5bGVycyUyMiUzQSUyMCU1QiUwQSUyMCUyMCUyMCUyMCUyMCUyMCU3QiUwQSUyMCUyMCUyMCUyMCUyMCUyMCUyMCUyMCUyMmNvbG9yJTIyJTNBJTIwJTIyJTIzZTVlNWU1JTIyJTBBJTIwJTIwJTIwJTIwJTIwJTIwJTdEJTBBJTIwJTIwJTIwJTIwJTVEJTBBJTIwJTIwJTdEJTJDJTBBJTIwJTIwJTdCJTBBJTIwJTIwJTIwJTIwJTIyZmVhdHVyZVR5cGUlMjIlM0ElMjAlMjJ0cmFuc2l0LnN0YXRpb24lMjIlMkMlMEElMjAlMjAlMjAlMjAlMjJlbGVtZW50VHlwZSUyMiUzQSUyMCUyMmdlb21ldHJ5JTIyJTJDJTBBJTIwJTIwJTIwJTIwJTIyc3R5bGVycyUyMiUzQSUyMCU1QiUwQSUyMCUyMCUyMCUyMCUyMCUyMCU3QiUwQSUyMCUyMCUyMCUyMCUyMCUyMCUyMCUyMCUyMmNvbG9yJTIyJTNBJTIwJTIyJTIzZWVlZWVlJTIyJTBBJTIwJTIwJTIwJTIwJTIwJTIwJTdEJTBBJTIwJTIwJTIwJTIwJTVEJTBBJTIwJTIwJTdEJTJDJTBBJTIwJTIwJTdCJTBBJTIwJTIwJTIwJTIwJTIyZmVhdHVyZVR5cGUlMjIlM0ElMjAlMjJ3YXRlciUyMiUyQyUwQSUyMCUyMCUyMCUyMCUyMmVsZW1lbnRUeXBlJTIyJTNBJTIwJTIyZ2VvbWV0cnklMjIlMkMlMEElMjAlMjAlMjAlMjAlMjJzdHlsZXJzJTIyJTNBJTIwJTVCJTBBJTIwJTIwJTIwJTIwJTIwJTIwJTdCJTBBJTIwJTIwJTIwJTIwJTIwJTIwJTIwJTIwJTIyY29sb3IlMjIlM0ElMjAlMjIlMjNjOWM5YzklMjIlMEElMjAlMjAlMjAlMjAlMjAlMjAlN0QlMEElMjAlMjAlMjAlMjAlNUQlMEElMjAlMjAlN0QlMkMlMEElMjAlMjAlN0IlMEElMjAlMjAlMjAlMjAlMjJmZWF0dXJlVHlwZSUyMiUzQSUyMCUyMndhdGVyJTIyJTJDJTBBJTIwJTIwJTIwJTIwJTIyZWxlbWVudFR5cGUlMjIlM0ElMjAlMjJsYWJlbHMudGV4dC5maWxsJTIyJTJDJTBBJTIwJTIwJTIwJTIwJTIyc3R5bGVycyUyMiUzQSUyMCU1QiUwQSUyMCUyMCUyMCUyMCUyMCUyMCU3QiUwQSUyMCUyMCUyMCUyMCUyMCUyMCUyMCUyMCUyMmNvbG9yJTIyJTNBJTIwJTIyJTIzOWU5ZTllJTIyJTBBJTIwJTIwJTIwJTIwJTIwJTIwJTdEJTBBJTIwJTIwJTIwJTIwJTVEJTBBJTIwJTIwJTdEJTBBJTVE&#8221; el_class=&#8221;googlemaps&#8221;][\/vc_column][\/mk_page_section]\n","protected":false},"excerpt":{"rendered":"<p>[mk_page_section bg_image=&#8221;http:\/\/ieaisa.es\/wp-content\/uploads\/2017\/03\/quienes-somos.jpg&#8221; bg_position=&#8221;right center&#8221; bg_repeat=&#8221;no-repeat&#8221; bg_stretch=&#8221;true&#8221; video_loop=&#8221;false&#8221; video_color_mask=&#8221;#000000&#8243; video_opacity=&#8221;0.3&#8243; min_height=&#8221;350&#8243; js_vertical_centered=&#8221;true&#8221; padding_top=&#8221;0&#8243; padding_bottom=&#8221;0&#8243; sidebar=&#8221;sidebar-1&#8243;][vc_column][mk_padding_divider size=&#8221;100&#8243; visibility=&#8221;visible-dt&#8221;][mk_fancy_title tag_name=&#8221;h1&#8243; color=&#8221;#ffffff&#8221; size=&#8221;60&#8243; force_font_size=&#8221;true&#8221; size_tablet=&#8221;40&#8243; size_phone=&#8221;40&#8243; line_height=&#8221;90&#8243; font_weight=&#8221;400&#8243; letter_spacing=&#8221;1&#8243; margin_bottom=&#8221;&#8221; font_family=&#8221;Roboto&#8221; font_type=&#8221;google&#8221;]Qui som[\/mk_fancy_title][mk_fancy_title color=&#8221;#ffffff&#8221; size=&#8221;20&#8243; font_weight=&#8221;300&#8243; font_family=&#8221;none&#8221;]IEAISA, una empresa d\u2019enginyeria i serveis[\/mk_fancy_title][\/vc_column][\/mk_page_section][vc_row][vc_column][mk_padding_divider size=&#8221;70&#8243;][\/vc_column][\/vc_row][vc_row][vc_column css=&#8221;.vc_custom_1489674614824{padding-right: 40px !important;}&#8221;][mk_fancy_title color=&#8221;#212121&#8243; size=&#8221;20&#8243; font_weight=&#8221;300&#8243; letter_spacing=&#8221;1&#8243; margin_bottom=&#8221;0&#8243; font_family=&#8221;Raleway&#8221; font_type=&#8221;google&#8221;]IEAISA\u00a0\u00e9s una\u00a0empresa d&#8217;enginyeria i serveis\u00a0dedicada a la [&hellip;]<\/p>\n","protected":false},"author":2,"featured_media":0,"parent":0,"menu_order":0,"comment_status":"closed","ping_status":"closed","template":"","meta":[],"_links":{"self":[{"href":"https:\/\/ieaisa.es\/ca\/wp-json\/wp\/v2\/pages\/2404"}],"collection":[{"href":"https:\/\/ieaisa.es\/ca\/wp-json\/wp\/v2\/pages"}],"about":[{"href":"https:\/\/ieaisa.es\/ca\/wp-json\/wp\/v2\/types\/page"}],"author":[{"embeddable":true,"href":"https:\/\/ieaisa.es\/ca\/wp-json\/wp\/v2\/users\/2"}],"replies":[{"embeddable":true,"href":"https:\/\/ieaisa.es\/ca\/wp-json\/wp\/v2\/comments?post=2404"}],"version-history":[{"count":0,"href":"https:\/\/ieaisa.es\/ca\/wp-json\/wp\/v2\/pages\/2404\/revisions"}],"wp:attachment":[{"href":"https:\/\/ieaisa.es\/ca\/wp-json\/wp\/v2\/media?parent=2404"}],"curies":[{"name":"wp","href":"https:\/\/api.w.org\/{rel}","templated":true}]}}