{"id":2387,"date":"2017-03-09T12:56:11","date_gmt":"2017-03-09T12:56:11","guid":{"rendered":"http:\/\/ieaisa.es\/aviso-legal\/"},"modified":"2017-11-14T11:45:55","modified_gmt":"2017-11-14T11:45:55","slug":"avis-legal","status":"publish","type":"page","link":"https:\/\/ieaisa.es\/ca\/avis-legal\/","title":{"rendered":"Av\u00eds Legal"},"content":{"rendered":"<h1>Informaci\u00f3 de l&#8217;empresa<\/h1>\n<p><strong>Denominaci\u00f3:<\/strong> IEAISA Enginyeria<br \/>\n<strong>Domicili:<\/strong> C \/ Dels Pous, 20<br \/>\n08740 &#8211; Sant Andreu de la Barca, Barcelona<br \/>\n<strong>Tel\u00e8fon:<\/strong> +34 93 682 57 88<br \/>\n<strong>E-Mail:<\/strong> ieaisa@ieaisa.es<\/p>\n<h2>Acceptaci\u00f3<\/h2>\n<p>El present av\u00eds legal regula l&#8217;\u00fas de la p\u00e0gina web de IEAISA Enginyeria (en endavant, la &#8220;Web&#8221;). La navegaci\u00f3 o l&#8217;\u00fas del Web per part de qualsevol usuari (en endavant, &#8220;Usuari&#8221;) comporta la plena acceptaci\u00f3, sense reserva de cap mena, de les presents condicions que consten permanentment exposades en aquest Av\u00eds Legal, i que han de ser llegides atentament per l&#8217;Usuari cada vegada que connecti a la web davant la possibilitat que les mateixes hagin canviat des de l&#8217;\u00faltima vegada que l&#8217;usuari es va connectar. Si l&#8217;Usuari no est\u00e0 d&#8217;acord amb aquestes condicions, li preguem que no continu\u00ef usant aquest web.<\/p>\n<h2>Legislaci\u00f3 i Jurisdicci\u00f3 aplicables<\/h2>\n<p>Amb car\u00e0cter general, les relacions entre IEAISA Enginyeria. amb seus Usuaris derivades de la prestaci\u00f3 de les solucions, dels productes i dels serveis continguts en la present web, es troben sotmeses a la legislaci\u00f3 i jurisdicci\u00f3 espanyoles.<\/p>\n<h2>Objecte de la web<\/h2>\n<p>Les p\u00e0gines contingudes en aquesta web t\u00e9 per objecte principal informar de forma gratu\u00efta de les activitats, solucions, productes i serveis de IEAISA ENGINYERIA.<\/p>\n<p>Pel que fa als accessos restringits per a Usuaris que haguessin contractat algun de les solucions, productes o serveis de IEAISA ENGINYERIA. (En endavant, Client), el seu objecte addicional \u00e9s facilitar l&#8217;acc\u00e9s als mateixos que es regular\u00e0 d&#8217;acord amb les condicions espec\u00edfiques del servei. L&#8217;acc\u00e9s als espais restringits i aquells que inclouen la captura de dades personals es realitza en un entorn segur.<\/p>\n<h2>Regles relatives als continguts<\/h2>\n<p>La informaci\u00f3 que apareix en aquesta web \u00e9s la vigent en la data de la seva \u00faltima actualitzaci\u00f3. IEAISA ENGINYERIA. es reserva el dret a actualitzar, modificar o eliminar la informaci\u00f3 o el contingut d&#8217;aquesta seu web aix\u00ed com el present Av\u00eds Legal i la Pol\u00edtica de Dades. En aquest sentit, IEAISA ENGINYERIA. realitza els m\u00e0xims esfor\u00e7os per evitar qualsevol error en els continguts que poguessin apar\u00e8ixer en aquesta p\u00e0gina.<\/p>\n<p>IEAISA ENGINYERIA. no es responsabilitza del mal \u00fas que es realitzi dels continguts de la seva web, sent exclusiva responsabilitat de la persona que accedeix a ells o els utilitzi. Aix\u00ed mateix, s&#8217;exonera a l&#8217;empresa de responsabilitat davant de qualsevol dany o perjudici que pogu\u00e9s sofrir l&#8217;Usuari com a conseq\u00fc\u00e8ncia d&#8217;errors, defectes o omissions, en la informaci\u00f3 facilitada per IEAISA ENGINYERIA.<\/p>\n<p>IEAISA ENGINYERIA. no controla ni per tant assumeix cap responsabilitat per la informaci\u00f3 continguda en p\u00e0gines web de tercers a les que es pugui accedir per enlla\u00e7os (links). La pres\u00e8ncia d&#8217;enlla\u00e7os (links) a la web de IEAISA ENGINYERIA. t\u00e9 finalitat merament informativa i en cap cas suposa suggeriment, invitaci\u00f3 o recomanaci\u00f3 sobre els mateixos.<\/p>\n<p>En el cas que l&#8217;usuari tingu\u00e9s coneixement que els llocs enlla\u00e7ats remeten a p\u00e0gines els continguts o serveis s\u00f3n il\u00b7l\u00edcits, nocius, denigrants, violents o contraris a la moral podr\u00e0 posar-se en contacte amb IEAISA ENGINYERIA. indicant les dades personals del comunicant i una breu descripci\u00f3 dels fets. La recepci\u00f3 per part de IEAISA ENGINYERIA. de la comunicaci\u00f3 prevista en aquesta cl\u00e0usula no suposar\u00e0 per si mateixa, el coneixement efectiu de les activitats i \/ o continguts indicats pel comunicant.<\/p>\n<p>Queda expressament prohibit l&#8217;\u00fas del Web amb finalitats lesives de b\u00e9ns o interessos, aix\u00ed com actuacions que de qualsevol forma sobrecarreguin, danyin o inutilitzin les xarxes, servidors i altres equips inform\u00e0tics (maquinari) o productes i aplicacions inform\u00e0tiques (programari) de IEAISA ENGINYERIA . o de tercers.<\/p>\n<h2>Propietat intel\u00b7lectual i industrial<\/h2>\n<p>L&#8217;Usuari es compromet a utilitzar els continguts del web de conformitat amb la Llei i el present Av\u00eds Legal i la Pol\u00edtica de Dades, aix\u00ed com amb les altres condicions, reglaments i instruccions que, si s&#8217;escau poguessin ser d&#8217;aplicaci\u00f3.<\/p>\n<p>Els drets de propietat intel\u00b7lectual del contingut de les p\u00e0gines web, el seu disseny gr\u00e0fic, bases de dades i codis s\u00f3n titularitat de IEAISA ENGINYERIA. i, per tant, queda prohibida la seva reproducci\u00f3, distribuci\u00f3, comunicaci\u00f3 p\u00fablica i transformaci\u00f3, llevat que hi hagi una autoritzaci\u00f3 per escrit. Igualment, tots els noms comercials, marques o signes diferents de qualsevol classe continguts en la Web estan protegits per llei.<\/p>\n<p>El contingut i la informaci\u00f3 a la qual pugui accedir el Client o Usuari a trav\u00e9s d&#8217;aquesta web, s\u00f3n propietat de IEAISA ENGINYERIA. Es pot visualitzar aquesta informaci\u00f3 per a usos personals, informatius i no comercials, per\u00f2 queda totalment prohibit copiar, distribuir, reproduir, llicenciar, enviar o vendre qualsevol tipus d&#8217;informaci\u00f3 que s&#8217;obtingui de la web de IEAISA ENGINYERIA.<\/p>\n<p>Respecte a les cites de solucions, productes i serveis de tercers, IEAISA ENGINYERIA. reconeix a favor dels seus titulars els corresponents drets de propietat industrial i intel\u00b7lectual, no implicant el seu sol esment o aparici\u00f3 en la web l&#8217;exist\u00e8ncia de drets o responsabilitat alguna de IEAISA ENGINYERIA. sobre els mateixos, com tampoc respatller, patrocini, o recomanaci\u00f3 per part de IEAISA ENGINYERIA. llevat que es manifesti de manera expl\u00edcita.<\/p>\n<h2>Informaci\u00f3 sobre aspectes t\u00e8cnics<\/h2>\n<p>IEAISA ENGINYERIA. no ser\u00e0 responsable de possibles danys o perjudicis que es puguin derivar d&#8217;interfer\u00e8ncies, omissions, interrupcions, virus inform\u00e0tics, avaries telef\u00f2niques o desconnexions en el funcionament operatiu d&#8217;aquest sistema electr\u00f2nic, motivades per causes alienes a l&#8217;empresa; de retards o bloquejos en l&#8217;\u00fas del present sistema electr\u00f2nic causats per defici\u00e8ncies o sobrec\u00e0rregues de l\u00ednies telef\u00f2niques o sobrec\u00e0rregues en Internet o en altres sistemes electr\u00f2nics, aix\u00ed com de danys que puguin ser causats per terceres persones mitjan\u00e7ant intromissions il\u00b7leg\u00edtimes fora del control de IEAISA ENGINYERIA. Aix\u00ed mateix, s&#8217;exonera l&#8217;empresa de responsabilitat davant de qualsevol dany o perjudici que pogu\u00e9s sofrir l&#8217;usuari com a conseq\u00fc\u00e8ncia d&#8217;errors, defectes o omissions, en la informaci\u00f3 facilitada per IEAISA ENGINYERIA.<\/p>\n<p>D&#8217;altra banda, IEAISA ENGINYERIA. pot requerir de forma provisional la suspensi\u00f3 dels serveis quan aix\u00f2 sigui necessari per a la reparaci\u00f3 o manteniment dels equips, programes o xarxes pr\u00f2pies.<\/p>\n","protected":false},"excerpt":{"rendered":"<p>Informaci\u00f3 de l&#8217;empresa Denominaci\u00f3: IEAISA Enginyeria Domicili: C \/ Dels Pous, 20 08740 &#8211; Sant Andreu de la Barca, Barcelona Tel\u00e8fon: +34 93 682 57 88 E-Mail: ieaisa@ieaisa.es Acceptaci\u00f3 El present av\u00eds legal regula l&#8217;\u00fas de la p\u00e0gina web de IEAISA Enginyeria (en endavant, la &#8220;Web&#8221;). La navegaci\u00f3 o l&#8217;\u00fas del Web per part de [&hellip;]<\/p>\n","protected":false},"author":1,"featured_media":0,"parent":0,"menu_order":0,"comment_status":"closed","ping_status":"closed","template":"","meta":[],"_links":{"self":[{"href":"https:\/\/ieaisa.es\/ca\/wp-json\/wp\/v2\/pages\/2387"}],"collection":[{"href":"https:\/\/ieaisa.es\/ca\/wp-json\/wp\/v2\/pages"}],"about":[{"href":"https:\/\/ieaisa.es\/ca\/wp-json\/wp\/v2\/types\/page"}],"author":[{"embeddable":true,"href":"https:\/\/ieaisa.es\/ca\/wp-json\/wp\/v2\/users\/1"}],"replies":[{"embeddable":true,"href":"https:\/\/ieaisa.es\/ca\/wp-json\/wp\/v2\/comments?post=2387"}],"version-history":[{"count":0,"href":"https:\/\/ieaisa.es\/ca\/wp-json\/wp\/v2\/pages\/2387\/revisions"}],"wp:attachment":[{"href":"https:\/\/ieaisa.es\/ca\/wp-json\/wp\/v2\/media?parent=2387"}],"curies":[{"name":"wp","href":"https:\/\/api.w.org\/{rel}","templated":true}]}}